{"id":2636,"date":"2025-09-18T11:02:36","date_gmt":"2025-09-18T11:02:36","guid":{"rendered":"https:\/\/provens.edu.rs\/?post_type=product&#038;p=2636"},"modified":"2025-12-01T06:24:38","modified_gmt":"2025-12-01T06:24:38","slug":"umece-verbalne-i-neverbalne-komunikacije-i-intuitivni-oseti-u-poslu-latinica","status":"publish","type":"product","link":"https:\/\/provens.edu.rs\/sr_rs\/product\/umece-verbalne-i-neverbalne-komunikacije-i-intuitivni-oseti-u-poslu-latinica\/","title":{"rendered":"Ume\u0107e verbalne i neverbalne komunikacije i intuitivni oseti u poslu (latinica)"},"content":{"rendered":"<p>Za\u0161to da pro\u010ditam ovu knjigu o komunikaciji?<br \/>\nOva knjiga namenjena je svima koji \u017eele da unaprede svoje profesionalne i li\u010dne odnose u komunikaciji. Ona nije samo teorijska pri\u010da ve\u0107 nudi prakti\u010dne primere i tehnike koje mo\u017eete odmah primeniti.<\/p>\n<p>Kroz jasno strukturisane poglavlja, autorka vas uvodi u svet komunikacionih ume\u0107a:<br \/>\n&#8211; Intrapersonalna i interpersonalna komunikacija \u2013 kako razgovarati sa sobom, a kako sa drugima; prepoznavanje prepreka i razvijanje otvorenog dijaloga.<br \/>\n&#8211; Verbalna komunikacija \u2013 usmeno izra\u017eavanje, javni nastupi, poslovni sastanci i pregovori, kao i saveti za izbegavanje nerazumevanja.<br \/>\n&#8211; Pisana poslovna komunikacija \u2013 pravila i tehnike koje olak\u0161avaju profesionalno izra\u017eavanje.<br \/>\n&#8211; Neverbalna komunikacija \u2013 govor tela, gestovi, mimika i njihova uloga u stvaranju poverenja i razumevanja.<br \/>\n&#8211; Intuitivna percepcija u komunikaciji \u2013 kako oslu\u0161kivati sopstvene ose\u0107aje i na osnovu njih donositi odluke u profesionalnim situacijama.<br \/>\n&#8211; Preporuke za uspe\u0161nu profesionalnu komunikaciju \u2013 prakti\u010dni alati koji se lako primenjuju u svakodnevnom radu.<\/p>\n","protected":false},"excerpt":{"rendered":"<p>\u0410\u0443\u0442\u043e\u0440: \u0434\u0440 \u0414\u0440\u0430\u0433\u0430\u043d\u0430 \u041c\u0430\u043b\u0435\u0448\u0435\u0432\u0438\u045b<br \/>\n\u0418\u0437\u0434\u0430\u0432\u0430\u0447: \u041f\u0420\u041e\u0412\u0415\u041d\u0421<br \/>\n\u041f\u043e\u0432\u0435\u0437 \u0438 \u0444\u043e\u0440\u043c\u0430\u0442: \u043c\u0435\u043a\u0438 \u043f\u043e\u0432\u0435\u0437, 135\u00d7205<br \/>\n\u041f\u0438\u0441\u043c\u043e: \u043b\u0430\u0442\u0438\u043d\u0438\u0446\u0430<br \/>\n\u0411\u0440\u043e\u0458 \u0441\u0442\u0440\u0430\u043d\u0430: 112 \u0441\u0442\u0440\u0430\u043d\u0430<br \/>\n\u0413\u043e\u0434\u0438\u043d\u0430 \u0438\u0437\u0434\u0430\u045a\u0430: 2025.<br \/>\n\u0418\u0421\u0411\u041d 978-86-81816-43-1<\/p>\n","protected":false},"featured_media":2618,"comment_status":"open","ping_status":"closed","template":"","meta":{"site-sidebar-layout":"default","site-content-layout":"","ast-site-content-layout":"default","site-content-style":"default","site-sidebar-style":"default","ast-global-header-display":"","ast-banner-title-visibility":"","ast-main-header-display":"","ast-hfb-above-header-display":"","ast-hfb-below-header-display":"","ast-hfb-mobile-header-display":"","site-post-title":"","ast-breadcrumbs-content":"","ast-featured-img":"","footer-sml-layout":"","theme-transparent-header-meta":"default","adv-header-id-meta":"","stick-header-meta":"default","header-above-stick-meta":"","header-main-stick-meta":"","header-below-stick-meta":"","astra-migrate-meta-layouts":"set","ast-page-background-enabled":"default","ast-page-background-meta":{"desktop":{"background-color":"","background-image":"","background-repeat":"repeat","background-position":"center center","background-size":"auto","background-attachment":"scroll","background-type":"","background-media":"","overlay-type":"","overlay-color":"","overlay-opacity":"","overlay-gradient":""},"tablet":{"background-color":"","background-image":"","background-repeat":"repeat","background-position":"center center","background-size":"auto","background-attachment":"scroll","background-type":"","background-media":"","overlay-type":"","overlay-color":"","overlay-opacity":"","overlay-gradient":""},"mobile":{"background-color":"","background-image":"","background-repeat":"repeat","background-position":"center center","background-size":"auto","background-attachment":"scroll","background-type":"","background-media":"","overlay-type":"","overlay-color":"","overlay-opacity":"","overlay-gradient":""}},"ast-content-background-meta":{"desktop":{"background-color":"var(--ast-global-color-5)","background-image":"","background-repeat":"repeat","background-position":"center center","background-size":"auto","background-attachment":"scroll","background-type":"","background-media":"","overlay-type":"","overlay-color":"","overlay-opacity":"","overlay-gradient":""},"tablet":{"background-color":"var(--ast-global-color-5)","background-image":"","background-repeat":"repeat","background-position":"center center","background-size":"auto","background-attachment":"scroll","background-type":"","background-media":"","overlay-type":"","overlay-color":"","overlay-opacity":"","overlay-gradient":""},"mobile":{"background-color":"var(--ast-global-color-5)","background-image":"","background-repeat":"repeat","background-position":"center center","background-size":"auto","background-attachment":"scroll","background-type":"","background-media":"","overlay-type":"","overlay-color":"","overlay-opacity":"","overlay-gradient":""}}},"product_brand":[],"product_cat":[20],"product_tag":[],"class_list":{"0":"post-2636","1":"product","2":"type-product","3":"status-publish","4":"has-post-thumbnail","6":"product_cat-knjige","7":"desktop-align-center","8":"tablet-align-left","9":"mobile-align-left","10":"ast-product-gallery-layout-horizontal","11":"ast-product-gallery-with-no-image","12":"ast-product-tabs-layout-horizontal","13":"ast-qv-on-image-click","15":"first","16":"instock","17":"sale","18":"taxable","19":"shipping-taxable","20":"purchasable","21":"product-type-simple"},"yoast_head":"<!-- This site is optimized with the Yoast SEO Premium plugin v24.0 (Yoast SEO v24.5) - https:\/\/yoast.com\/wordpress\/plugins\/seo\/ -->\n<title>Ume\u0107e verbalne i neverbalne komunikacije i intuitivni oseti u poslu (latinica) - Provens<\/title>\n<meta name=\"description\" content=\"verbalna komunikacija neverbalna komunikacija intuitivni oseti poslovna komunikacija ume\u0107e komunikacije\" \/>\n<meta name=\"robots\" content=\"index, follow, max-snippet:-1, max-image-preview:large, max-video-preview:-1\" \/>\n<link rel=\"canonical\" href=\"https:\/\/provens.edu.rs\/sr_rs\/product\/umece-verbalne-i-neverbalne-komunikacije-i-intuitivni-oseti-u-poslu-latinica\/\" \/>\n<meta property=\"og:locale\" content=\"sr_RS\" \/>\n<meta property=\"og:type\" content=\"article\" \/>\n<meta property=\"og:title\" content=\"Ume\u0107e verbalne i neverbalne komunikacije i intuitivni oseti u poslu (latinica)\" \/>\n<meta property=\"og:description\" content=\"\u0410\u0443\u0442\u043e\u0440: \u0434\u0440 \u0414\u0440\u0430\u0433\u0430\u043d\u0430 \u041c\u0430\u043b\u0435\u0448\u0435\u0432\u0438\u045b \u0418\u0437\u0434\u0430\u0432\u0430\u0447: \u041f\u0420\u041e\u0412\u0415\u041d\u0421 \u041f\u043e\u0432\u0435\u0437 \u0438 \u0444\u043e\u0440\u043c\u0430\u0442: \u043c\u0435\u043a\u0438 \u043f\u043e\u0432\u0435\u0437, 135\u00d7205 \u041f\u0438\u0441\u043c\u043e: \u043b\u0430\u0442\u0438\u043d\u0438\u0446\u0430 \u0411\u0440\u043e\u0458 \u0441\u0442\u0440\u0430\u043d\u0430: 112 \u0441\u0442\u0440\u0430\u043d\u0430 \u0413\u043e\u0434\u0438\u043d\u0430 \u0438\u0437\u0434\u0430\u045a\u0430: 2025. \u0418\u0421\u0411\u041d 978-86-81816-43-1\" \/>\n<meta property=\"og:url\" content=\"https:\/\/provens.edu.rs\/sr_rs\/product\/umece-verbalne-i-neverbalne-komunikacije-i-intuitivni-oseti-u-poslu-latinica\/\" \/>\n<meta property=\"og:site_name\" content=\"Provens\" \/>\n<meta property=\"article:modified_time\" content=\"2025-12-01T06:24:38+00:00\" \/>\n<meta property=\"og:image\" content=\"https:\/\/provens.edu.rs\/wp-content\/uploads\/2025\/08\/5-komunikacija-latinica.jpg\" \/>\n\t<meta property=\"og:image:width\" content=\"1500\" \/>\n\t<meta property=\"og:image:height\" content=\"1150\" \/>\n\t<meta property=\"og:image:type\" content=\"image\/jpeg\" \/>\n<meta name=\"twitter:card\" content=\"summary_large_image\" \/>\n<meta name=\"twitter:label1\" content=\"Cena\" \/>\n\t<meta name=\"twitter:data1\" content=\"1,359.00&#1088;&#1089;&#1076;\" \/>\n\t<meta name=\"twitter:label2\" content=\"Dostupnost\" \/>\n\t<meta name=\"twitter:data2\" content=\"Na stanju\" \/>\n<script type=\"application\/ld+json\" class=\"yoast-schema-graph\">{\"@context\":\"https:\/\/schema.org\",\"@graph\":[{\"@type\":\"WebPage\",\"@id\":\"https:\/\/provens.edu.rs\/product\/umece-verbalne-i-neverbalne-komunikacije-i-intuitivni-oseti-u-poslu-latinica\/\",\"url\":\"https:\/\/provens.edu.rs\/product\/umece-verbalne-i-neverbalne-komunikacije-i-intuitivni-oseti-u-poslu-latinica\/\",\"name\":\"Ume\u0107e verbalne i neverbalne komunikacije i intuitivni oseti u poslu (latinica) - Provens\",\"isPartOf\":{\"@id\":\"https:\/\/provens.edu.rs\/sr_rs\/#website\"},\"primaryImageOfPage\":{\"@id\":\"https:\/\/provens.edu.rs\/product\/umece-verbalne-i-neverbalne-komunikacije-i-intuitivni-oseti-u-poslu-latinica\/#primaryimage\"},\"image\":{\"@id\":\"https:\/\/provens.edu.rs\/product\/umece-verbalne-i-neverbalne-komunikacije-i-intuitivni-oseti-u-poslu-latinica\/#primaryimage\"},\"thumbnailUrl\":\"https:\/\/provens.edu.rs\/wp-content\/uploads\/2025\/08\/5-komunikacija-latinica.jpg\",\"datePublished\":\"2025-09-18T11:02:36+00:00\",\"dateModified\":\"2025-12-01T06:24:38+00:00\",\"description\":\"verbalna komunikacija neverbalna komunikacija intuitivni oseti poslovna komunikacija ume\u0107e komunikacije\",\"breadcrumb\":{\"@id\":\"https:\/\/provens.edu.rs\/product\/umece-verbalne-i-neverbalne-komunikacije-i-intuitivni-oseti-u-poslu-latinica\/#breadcrumb\"},\"inLanguage\":\"sr-RS\",\"potentialAction\":[{\"@type\":\"ReadAction\",\"target\":[\"https:\/\/provens.edu.rs\/product\/umece-verbalne-i-neverbalne-komunikacije-i-intuitivni-oseti-u-poslu-latinica\/\"]}]},{\"@type\":\"ImageObject\",\"inLanguage\":\"sr-RS\",\"@id\":\"https:\/\/provens.edu.rs\/product\/umece-verbalne-i-neverbalne-komunikacije-i-intuitivni-oseti-u-poslu-latinica\/#primaryimage\",\"url\":\"https:\/\/provens.edu.rs\/wp-content\/uploads\/2025\/08\/5-komunikacija-latinica.jpg\",\"contentUrl\":\"https:\/\/provens.edu.rs\/wp-content\/uploads\/2025\/08\/5-komunikacija-latinica.jpg\",\"width\":1500,\"height\":1150},{\"@type\":\"BreadcrumbList\",\"@id\":\"https:\/\/provens.edu.rs\/product\/umece-verbalne-i-neverbalne-komunikacije-i-intuitivni-oseti-u-poslu-latinica\/#breadcrumb\",\"itemListElement\":[{\"@type\":\"ListItem\",\"position\":1,\"name\":\"Po\u010detna\",\"item\":\"https:\/\/provens.edu.rs\/sr_rs\/\"},{\"@type\":\"ListItem\",\"position\":2,\"name\":\"Knji\u017eara &#8211; Provens\",\"item\":\"https:\/\/provens.edu.rs\/shop\/\"},{\"@type\":\"ListItem\",\"position\":3,\"name\":\"Ume\u0107e verbalne i neverbalne komunikacije i intuitivni oseti u poslu (latinica)\"}]},{\"@type\":\"WebSite\",\"@id\":\"https:\/\/provens.edu.rs\/sr_rs\/#website\",\"url\":\"https:\/\/provens.edu.rs\/sr_rs\/\",\"name\":\"Provens - Biti najbolja verzija sebe\",\"description\":\"Udru\u017eenje za razvoj profesionalnih ve\u0161tina\",\"publisher\":{\"@id\":\"https:\/\/provens.edu.rs\/sr_rs\/#organization\"},\"potentialAction\":[{\"@type\":\"SearchAction\",\"target\":{\"@type\":\"EntryPoint\",\"urlTemplate\":\"https:\/\/provens.edu.rs\/sr_rs\/?s={search_term_string}\"},\"query-input\":{\"@type\":\"PropertyValueSpecification\",\"valueRequired\":true,\"valueName\":\"search_term_string\"}}],\"inLanguage\":\"sr-RS\"},{\"@type\":\"Organization\",\"@id\":\"https:\/\/provens.edu.rs\/sr_rs\/#organization\",\"name\":\"Provens\",\"url\":\"https:\/\/provens.edu.rs\/sr_rs\/\",\"logo\":{\"@type\":\"ImageObject\",\"inLanguage\":\"sr-RS\",\"@id\":\"https:\/\/provens.edu.rs\/sr_rs\/#\/schema\/logo\/image\/\",\"url\":\"https:\/\/provens.edu.rs\/wp-content\/uploads\/2020\/07\/provens.jpg\",\"contentUrl\":\"https:\/\/provens.edu.rs\/wp-content\/uploads\/2020\/07\/provens.jpg\",\"width\":1986,\"height\":562,\"caption\":\"Provens\"},\"image\":{\"@id\":\"https:\/\/provens.edu.rs\/sr_rs\/#\/schema\/logo\/image\/\"}}]}<\/script>\n<meta property=\"product:price:amount\" content=\"1359.00\" \/>\n<meta property=\"product:price:currency\" content=\"RSD\" \/>\n<meta property=\"og:availability\" content=\"instock\" \/>\n<meta property=\"product:availability\" content=\"instock\" \/>\n<meta property=\"product:condition\" content=\"new\" \/>\n<!-- \/ Yoast SEO Premium plugin. -->","yoast_head_json":{"title":"Ume\u0107e verbalne i neverbalne komunikacije i intuitivni oseti u poslu (latinica) - Provens","description":"verbalna komunikacija neverbalna komunikacija intuitivni oseti poslovna komunikacija ume\u0107e komunikacije","robots":{"index":"index","follow":"follow","max-snippet":"max-snippet:-1","max-image-preview":"max-image-preview:large","max-video-preview":"max-video-preview:-1"},"canonical":"https:\/\/provens.edu.rs\/sr_rs\/product\/umece-verbalne-i-neverbalne-komunikacije-i-intuitivni-oseti-u-poslu-latinica\/","og_locale":"sr_RS","og_type":"article","og_title":"Ume\u0107e verbalne i neverbalne komunikacije i intuitivni oseti u poslu (latinica)","og_description":"\u0410\u0443\u0442\u043e\u0440: \u0434\u0440 \u0414\u0440\u0430\u0433\u0430\u043d\u0430 \u041c\u0430\u043b\u0435\u0448\u0435\u0432\u0438\u045b \u0418\u0437\u0434\u0430\u0432\u0430\u0447: \u041f\u0420\u041e\u0412\u0415\u041d\u0421 \u041f\u043e\u0432\u0435\u0437 \u0438 \u0444\u043e\u0440\u043c\u0430\u0442: \u043c\u0435\u043a\u0438 \u043f\u043e\u0432\u0435\u0437, 135\u00d7205 \u041f\u0438\u0441\u043c\u043e: \u043b\u0430\u0442\u0438\u043d\u0438\u0446\u0430 \u0411\u0440\u043e\u0458 \u0441\u0442\u0440\u0430\u043d\u0430: 112 \u0441\u0442\u0440\u0430\u043d\u0430 \u0413\u043e\u0434\u0438\u043d\u0430 \u0438\u0437\u0434\u0430\u045a\u0430: 2025. \u0418\u0421\u0411\u041d 978-86-81816-43-1","og_url":"https:\/\/provens.edu.rs\/sr_rs\/product\/umece-verbalne-i-neverbalne-komunikacije-i-intuitivni-oseti-u-poslu-latinica\/","og_site_name":"Provens","article_modified_time":"2025-12-01T06:24:38+00:00","og_image":[{"width":1500,"height":1150,"url":"https:\/\/provens.edu.rs\/wp-content\/uploads\/2025\/08\/5-komunikacija-latinica.jpg","type":"image\/jpeg"}],"twitter_card":"summary_large_image","twitter_misc":{"Cena":"1,359.00&#1088;&#1089;&#1076;","Dostupnost":"Na stanju"},"schema":{"@context":"https:\/\/schema.org","@graph":[{"@type":"WebPage","@id":"https:\/\/provens.edu.rs\/product\/umece-verbalne-i-neverbalne-komunikacije-i-intuitivni-oseti-u-poslu-latinica\/","url":"https:\/\/provens.edu.rs\/product\/umece-verbalne-i-neverbalne-komunikacije-i-intuitivni-oseti-u-poslu-latinica\/","name":"Ume\u0107e verbalne i neverbalne komunikacije i intuitivni oseti u poslu (latinica) - Provens","isPartOf":{"@id":"https:\/\/provens.edu.rs\/sr_rs\/#website"},"primaryImageOfPage":{"@id":"https:\/\/provens.edu.rs\/product\/umece-verbalne-i-neverbalne-komunikacije-i-intuitivni-oseti-u-poslu-latinica\/#primaryimage"},"image":{"@id":"https:\/\/provens.edu.rs\/product\/umece-verbalne-i-neverbalne-komunikacije-i-intuitivni-oseti-u-poslu-latinica\/#primaryimage"},"thumbnailUrl":"https:\/\/provens.edu.rs\/wp-content\/uploads\/2025\/08\/5-komunikacija-latinica.jpg","datePublished":"2025-09-18T11:02:36+00:00","dateModified":"2025-12-01T06:24:38+00:00","description":"verbalna komunikacija neverbalna komunikacija intuitivni oseti poslovna komunikacija ume\u0107e komunikacije","breadcrumb":{"@id":"https:\/\/provens.edu.rs\/product\/umece-verbalne-i-neverbalne-komunikacije-i-intuitivni-oseti-u-poslu-latinica\/#breadcrumb"},"inLanguage":"sr-RS","potentialAction":[{"@type":"ReadAction","target":["https:\/\/provens.edu.rs\/product\/umece-verbalne-i-neverbalne-komunikacije-i-intuitivni-oseti-u-poslu-latinica\/"]}]},{"@type":"ImageObject","inLanguage":"sr-RS","@id":"https:\/\/provens.edu.rs\/product\/umece-verbalne-i-neverbalne-komunikacije-i-intuitivni-oseti-u-poslu-latinica\/#primaryimage","url":"https:\/\/provens.edu.rs\/wp-content\/uploads\/2025\/08\/5-komunikacija-latinica.jpg","contentUrl":"https:\/\/provens.edu.rs\/wp-content\/uploads\/2025\/08\/5-komunikacija-latinica.jpg","width":1500,"height":1150},{"@type":"BreadcrumbList","@id":"https:\/\/provens.edu.rs\/product\/umece-verbalne-i-neverbalne-komunikacije-i-intuitivni-oseti-u-poslu-latinica\/#breadcrumb","itemListElement":[{"@type":"ListItem","position":1,"name":"Po\u010detna","item":"https:\/\/provens.edu.rs\/sr_rs\/"},{"@type":"ListItem","position":2,"name":"Knji\u017eara &#8211; Provens","item":"https:\/\/provens.edu.rs\/shop\/"},{"@type":"ListItem","position":3,"name":"Ume\u0107e verbalne i neverbalne komunikacije i intuitivni oseti u poslu (latinica)"}]},{"@type":"WebSite","@id":"https:\/\/provens.edu.rs\/sr_rs\/#website","url":"https:\/\/provens.edu.rs\/sr_rs\/","name":"Provens - Biti najbolja verzija sebe","description":"Udru\u017eenje za razvoj profesionalnih ve\u0161tina","publisher":{"@id":"https:\/\/provens.edu.rs\/sr_rs\/#organization"},"potentialAction":[{"@type":"SearchAction","target":{"@type":"EntryPoint","urlTemplate":"https:\/\/provens.edu.rs\/sr_rs\/?s={search_term_string}"},"query-input":{"@type":"PropertyValueSpecification","valueRequired":true,"valueName":"search_term_string"}}],"inLanguage":"sr-RS"},{"@type":"Organization","@id":"https:\/\/provens.edu.rs\/sr_rs\/#organization","name":"Provens","url":"https:\/\/provens.edu.rs\/sr_rs\/","logo":{"@type":"ImageObject","inLanguage":"sr-RS","@id":"https:\/\/provens.edu.rs\/sr_rs\/#\/schema\/logo\/image\/","url":"https:\/\/provens.edu.rs\/wp-content\/uploads\/2020\/07\/provens.jpg","contentUrl":"https:\/\/provens.edu.rs\/wp-content\/uploads\/2020\/07\/provens.jpg","width":1986,"height":562,"caption":"Provens"},"image":{"@id":"https:\/\/provens.edu.rs\/sr_rs\/#\/schema\/logo\/image\/"}}]},"product_price_amount":"1359.00","product_price_currency":"RSD","og_availability":"instock","product_availability":"instock","product_condition":"new"},"_links":{"self":[{"href":"https:\/\/provens.edu.rs\/sr_rs\/wp-json\/wp\/v2\/product\/2636","targetHints":{"allow":["GET"]}}],"collection":[{"href":"https:\/\/provens.edu.rs\/sr_rs\/wp-json\/wp\/v2\/product"}],"about":[{"href":"https:\/\/provens.edu.rs\/sr_rs\/wp-json\/wp\/v2\/types\/product"}],"replies":[{"embeddable":true,"href":"https:\/\/provens.edu.rs\/sr_rs\/wp-json\/wp\/v2\/comments?post=2636"}],"wp:featuredmedia":[{"embeddable":true,"href":"https:\/\/provens.edu.rs\/sr_rs\/wp-json\/wp\/v2\/media\/2618"}],"wp:attachment":[{"href":"https:\/\/provens.edu.rs\/sr_rs\/wp-json\/wp\/v2\/media?parent=2636"}],"wp:term":[{"taxonomy":"product_brand","embeddable":true,"href":"https:\/\/provens.edu.rs\/sr_rs\/wp-json\/wp\/v2\/product_brand?post=2636"},{"taxonomy":"product_cat","embeddable":true,"href":"https:\/\/provens.edu.rs\/sr_rs\/wp-json\/wp\/v2\/product_cat?post=2636"},{"taxonomy":"product_tag","embeddable":true,"href":"https:\/\/provens.edu.rs\/sr_rs\/wp-json\/wp\/v2\/product_tag?post=2636"}],"curies":[{"name":"wp","href":"https:\/\/api.w.org\/{rel}","templated":true}]}}