{"id":2632,"date":"2025-08-31T12:07:17","date_gmt":"2025-08-31T12:07:17","guid":{"rendered":"https:\/\/provens.edu.rs\/?post_type=product&#038;p=2632"},"modified":"2026-03-09T18:36:23","modified_gmt":"2026-03-09T18:36:23","slug":"srpsko-nemacki-zvucni-recnik-za-decu","status":"publish","type":"product","link":"https:\/\/provens.edu.rs\/sr_rs\/product\/srpsko-nemacki-zvucni-recnik-za-decu\/","title":{"rendered":"SRPSKO-NEMA\u010cKI ZVU\u010cNI RE\u010cNIK ZA DECU"},"content":{"rendered":"<p>Autor: dr Dragana Male\u0161evi\u0107<br \/>\nIzdava\u010d: PROVENS<br \/>\nPovez i format: tvrd povez, 220\u00d7220<br \/>\nBroj strana: 64 strana<br \/>\nGodina izdanja: 2025.<br \/>\nISBN: 978-86-81816-41-7<\/p>\n","protected":false},"excerpt":{"rendered":"<p>Srpsko-nema\u010dki zvu\u010dni re\u010dnik za decu je interaktivna knjiga koja sadr\u017ei 350 QR kodova sa re\u010dima i re\u010denicama na srpskom jeziku i 350 QR kodova sa istim tim re\u010dima na nema\u010dkom jeziku. Pomo\u0107u ove knjige lako se mo\u017ee nau\u010diti srpski, odnosno nema\u010dki jezik jer ona sadr\u017ei izgovore koji se mogu slu\u0161ati vi\u0161e puta.<\/p>\n<p>Ova inovativna knjiga napisana je po najsavremenijem metodu za u\u010denje jezika.<\/p>\n","protected":false},"featured_media":2633,"comment_status":"open","ping_status":"closed","template":"","meta":{"site-sidebar-layout":"default","site-content-layout":"","ast-site-content-layout":"default","site-content-style":"default","site-sidebar-style":"default","ast-global-header-display":"","ast-banner-title-visibility":"","ast-main-header-display":"","ast-hfb-above-header-display":"","ast-hfb-below-header-display":"","ast-hfb-mobile-header-display":"","site-post-title":"","ast-breadcrumbs-content":"","ast-featured-img":"","footer-sml-layout":"","theme-transparent-header-meta":"default","adv-header-id-meta":"","stick-header-meta":"default","header-above-stick-meta":"","header-main-stick-meta":"","header-below-stick-meta":"","astra-migrate-meta-layouts":"set","ast-page-background-enabled":"default","ast-page-background-meta":{"desktop":{"background-color":"","background-image":"","background-repeat":"repeat","background-position":"center center","background-size":"auto","background-attachment":"scroll","background-type":"","background-media":"","overlay-type":"","overlay-color":"","overlay-opacity":"","overlay-gradient":""},"tablet":{"background-color":"","background-image":"","background-repeat":"repeat","background-position":"center center","background-size":"auto","background-attachment":"scroll","background-type":"","background-media":"","overlay-type":"","overlay-color":"","overlay-opacity":"","overlay-gradient":""},"mobile":{"background-color":"","background-image":"","background-repeat":"repeat","background-position":"center center","background-size":"auto","background-attachment":"scroll","background-type":"","background-media":"","overlay-type":"","overlay-color":"","overlay-opacity":"","overlay-gradient":""}},"ast-content-background-meta":{"desktop":{"background-color":"var(--ast-global-color-5)","background-image":"","background-repeat":"repeat","background-position":"center center","background-size":"auto","background-attachment":"scroll","background-type":"","background-media":"","overlay-type":"","overlay-color":"","overlay-opacity":"","overlay-gradient":""},"tablet":{"background-color":"var(--ast-global-color-5)","background-image":"","background-repeat":"repeat","background-position":"center center","background-size":"auto","background-attachment":"scroll","background-type":"","background-media":"","overlay-type":"","overlay-color":"","overlay-opacity":"","overlay-gradient":""},"mobile":{"background-color":"var(--ast-global-color-5)","background-image":"","background-repeat":"repeat","background-position":"center center","background-size":"auto","background-attachment":"scroll","background-type":"","background-media":"","overlay-type":"","overlay-color":"","overlay-opacity":"","overlay-gradient":""}}},"product_brand":[],"product_cat":[24],"product_tag":[],"class_list":{"0":"post-2632","1":"product","2":"type-product","3":"status-publish","4":"has-post-thumbnail","6":"product_cat-knjige-za-decu","7":"desktop-align-center","8":"tablet-align-left","9":"mobile-align-left","10":"ast-product-gallery-layout-horizontal","11":"ast-product-gallery-with-no-image","12":"ast-product-tabs-layout-horizontal","13":"ast-qv-on-image-click","15":"first","16":"instock","17":"sale","18":"taxable","19":"shipping-taxable","20":"purchasable","21":"product-type-simple"},"yoast_head":"<!-- This site is optimized with the Yoast SEO Premium plugin v24.0 (Yoast SEO v24.5) - https:\/\/yoast.com\/wordpress\/plugins\/seo\/ -->\n<title>SRPSKO-NEMA\u010cKI ZVU\u010cNI RE\u010cNIK ZA DECU - Provens<\/title>\n<meta name=\"robots\" content=\"index, follow, max-snippet:-1, max-image-preview:large, max-video-preview:-1\" \/>\n<link rel=\"canonical\" href=\"https:\/\/provens.edu.rs\/sr_rs\/product\/srpsko-nemacki-zvucni-recnik-za-decu\/\" \/>\n<meta property=\"og:locale\" content=\"sr_RS\" \/>\n<meta property=\"og:type\" content=\"article\" \/>\n<meta property=\"og:title\" content=\"SRPSKO-NEMA\u010cKI ZVU\u010cNI RE\u010cNIK ZA DECU\" \/>\n<meta property=\"og:description\" content=\"Srpsko-nema\u010dki zvu\u010dni re\u010dnik za decu je interaktivna knjiga koja sadr\u017ei 350 QR kodova sa re\u010dima i re\u010denicama na srpskom jeziku i 350 QR kodova sa istim tim re\u010dima na nema\u010dkom jeziku. Pomo\u0107u ove knjige lako se mo\u017ee nau\u010diti srpski, odnosno nema\u010dki jezik jer ona sadr\u017ei izgovore koji se mogu slu\u0161ati vi\u0161e puta.  Ova inovativna knjiga napisana je po najsavremenijem metodu za u\u010denje jezika.\" \/>\n<meta property=\"og:url\" content=\"https:\/\/provens.edu.rs\/sr_rs\/product\/srpsko-nemacki-zvucni-recnik-za-decu\/\" \/>\n<meta property=\"og:site_name\" content=\"Provens\" \/>\n<meta property=\"article:modified_time\" content=\"2026-03-09T18:36:23+00:00\" \/>\n<meta property=\"og:image\" content=\"https:\/\/provens.edu.rs\/wp-content\/uploads\/2025\/08\/KORICE-SRPSKO-NEMACKI-RECNIK-TP-v3-24-01-2024_page-0001.jpg\" \/>\n\t<meta property=\"og:image:width\" content=\"1352\" \/>\n\t<meta property=\"og:image:height\" content=\"1340\" \/>\n\t<meta property=\"og:image:type\" content=\"image\/jpeg\" \/>\n<meta name=\"twitter:card\" content=\"summary_large_image\" \/>\n<meta name=\"twitter:label1\" content=\"Cena\" \/>\n\t<meta name=\"twitter:data1\" content=\"1,990.00&#1088;&#1089;&#1076;\" \/>\n\t<meta name=\"twitter:label2\" content=\"Dostupnost\" \/>\n\t<meta name=\"twitter:data2\" content=\"Na stanju\" \/>\n<script type=\"application\/ld+json\" class=\"yoast-schema-graph\">{\"@context\":\"https:\/\/schema.org\",\"@graph\":[{\"@type\":\"WebPage\",\"@id\":\"https:\/\/provens.edu.rs\/product\/srpsko-nemacki-zvucni-recnik-za-decu\/\",\"url\":\"https:\/\/provens.edu.rs\/product\/srpsko-nemacki-zvucni-recnik-za-decu\/\",\"name\":\"SRPSKO-NEMA\u010cKI ZVU\u010cNI RE\u010cNIK ZA DECU - Provens\",\"isPartOf\":{\"@id\":\"https:\/\/provens.edu.rs\/sr_rs\/#website\"},\"primaryImageOfPage\":{\"@id\":\"https:\/\/provens.edu.rs\/product\/srpsko-nemacki-zvucni-recnik-za-decu\/#primaryimage\"},\"image\":{\"@id\":\"https:\/\/provens.edu.rs\/product\/srpsko-nemacki-zvucni-recnik-za-decu\/#primaryimage\"},\"thumbnailUrl\":\"https:\/\/provens.edu.rs\/wp-content\/uploads\/2025\/08\/KORICE-SRPSKO-NEMACKI-RECNIK-TP-v3-24-01-2024_page-0001.jpg\",\"datePublished\":\"2025-08-31T12:07:17+00:00\",\"dateModified\":\"2026-03-09T18:36:23+00:00\",\"breadcrumb\":{\"@id\":\"https:\/\/provens.edu.rs\/product\/srpsko-nemacki-zvucni-recnik-za-decu\/#breadcrumb\"},\"inLanguage\":\"sr-RS\",\"potentialAction\":[{\"@type\":\"ReadAction\",\"target\":[\"https:\/\/provens.edu.rs\/product\/srpsko-nemacki-zvucni-recnik-za-decu\/\"]}]},{\"@type\":\"ImageObject\",\"inLanguage\":\"sr-RS\",\"@id\":\"https:\/\/provens.edu.rs\/product\/srpsko-nemacki-zvucni-recnik-za-decu\/#primaryimage\",\"url\":\"https:\/\/provens.edu.rs\/wp-content\/uploads\/2025\/08\/KORICE-SRPSKO-NEMACKI-RECNIK-TP-v3-24-01-2024_page-0001.jpg\",\"contentUrl\":\"https:\/\/provens.edu.rs\/wp-content\/uploads\/2025\/08\/KORICE-SRPSKO-NEMACKI-RECNIK-TP-v3-24-01-2024_page-0001.jpg\",\"width\":1352,\"height\":1340},{\"@type\":\"BreadcrumbList\",\"@id\":\"https:\/\/provens.edu.rs\/product\/srpsko-nemacki-zvucni-recnik-za-decu\/#breadcrumb\",\"itemListElement\":[{\"@type\":\"ListItem\",\"position\":1,\"name\":\"Po\u010detna\",\"item\":\"https:\/\/provens.edu.rs\/sr_rs\/\"},{\"@type\":\"ListItem\",\"position\":2,\"name\":\"Knji\u017eara &#8211; Provens\",\"item\":\"https:\/\/provens.edu.rs\/shop\/\"},{\"@type\":\"ListItem\",\"position\":3,\"name\":\"SRPSKO-NEMA\u010cKI ZVU\u010cNI RE\u010cNIK ZA DECU\"}]},{\"@type\":\"WebSite\",\"@id\":\"https:\/\/provens.edu.rs\/sr_rs\/#website\",\"url\":\"https:\/\/provens.edu.rs\/sr_rs\/\",\"name\":\"Provens - Biti najbolja verzija sebe\",\"description\":\"Udru\u017eenje za razvoj profesionalnih ve\u0161tina\",\"publisher\":{\"@id\":\"https:\/\/provens.edu.rs\/sr_rs\/#organization\"},\"potentialAction\":[{\"@type\":\"SearchAction\",\"target\":{\"@type\":\"EntryPoint\",\"urlTemplate\":\"https:\/\/provens.edu.rs\/sr_rs\/?s={search_term_string}\"},\"query-input\":{\"@type\":\"PropertyValueSpecification\",\"valueRequired\":true,\"valueName\":\"search_term_string\"}}],\"inLanguage\":\"sr-RS\"},{\"@type\":\"Organization\",\"@id\":\"https:\/\/provens.edu.rs\/sr_rs\/#organization\",\"name\":\"Provens\",\"url\":\"https:\/\/provens.edu.rs\/sr_rs\/\",\"logo\":{\"@type\":\"ImageObject\",\"inLanguage\":\"sr-RS\",\"@id\":\"https:\/\/provens.edu.rs\/sr_rs\/#\/schema\/logo\/image\/\",\"url\":\"https:\/\/provens.edu.rs\/wp-content\/uploads\/2020\/07\/provens.jpg\",\"contentUrl\":\"https:\/\/provens.edu.rs\/wp-content\/uploads\/2020\/07\/provens.jpg\",\"width\":1986,\"height\":562,\"caption\":\"Provens\"},\"image\":{\"@id\":\"https:\/\/provens.edu.rs\/sr_rs\/#\/schema\/logo\/image\/\"}}]}<\/script>\n<meta property=\"product:price:amount\" content=\"1990.00\" \/>\n<meta property=\"product:price:currency\" content=\"RSD\" \/>\n<meta property=\"og:availability\" content=\"instock\" \/>\n<meta property=\"product:availability\" content=\"instock\" \/>\n<meta property=\"product:condition\" content=\"new\" \/>\n<!-- \/ Yoast SEO Premium plugin. -->","yoast_head_json":{"title":"SRPSKO-NEMA\u010cKI ZVU\u010cNI RE\u010cNIK ZA DECU - Provens","robots":{"index":"index","follow":"follow","max-snippet":"max-snippet:-1","max-image-preview":"max-image-preview:large","max-video-preview":"max-video-preview:-1"},"canonical":"https:\/\/provens.edu.rs\/sr_rs\/product\/srpsko-nemacki-zvucni-recnik-za-decu\/","og_locale":"sr_RS","og_type":"article","og_title":"SRPSKO-NEMA\u010cKI ZVU\u010cNI RE\u010cNIK ZA DECU","og_description":"Srpsko-nema\u010dki zvu\u010dni re\u010dnik za decu je interaktivna knjiga koja sadr\u017ei 350 QR kodova sa re\u010dima i re\u010denicama na srpskom jeziku i 350 QR kodova sa istim tim re\u010dima na nema\u010dkom jeziku. Pomo\u0107u ove knjige lako se mo\u017ee nau\u010diti srpski, odnosno nema\u010dki jezik jer ona sadr\u017ei izgovore koji se mogu slu\u0161ati vi\u0161e puta.  Ova inovativna knjiga napisana je po najsavremenijem metodu za u\u010denje jezika.","og_url":"https:\/\/provens.edu.rs\/sr_rs\/product\/srpsko-nemacki-zvucni-recnik-za-decu\/","og_site_name":"Provens","article_modified_time":"2026-03-09T18:36:23+00:00","og_image":[{"width":1352,"height":1340,"url":"https:\/\/provens.edu.rs\/wp-content\/uploads\/2025\/08\/KORICE-SRPSKO-NEMACKI-RECNIK-TP-v3-24-01-2024_page-0001.jpg","type":"image\/jpeg"}],"twitter_card":"summary_large_image","twitter_misc":{"Cena":"1,990.00&#1088;&#1089;&#1076;","Dostupnost":"Na stanju"},"schema":{"@context":"https:\/\/schema.org","@graph":[{"@type":"WebPage","@id":"https:\/\/provens.edu.rs\/product\/srpsko-nemacki-zvucni-recnik-za-decu\/","url":"https:\/\/provens.edu.rs\/product\/srpsko-nemacki-zvucni-recnik-za-decu\/","name":"SRPSKO-NEMA\u010cKI ZVU\u010cNI RE\u010cNIK ZA DECU - Provens","isPartOf":{"@id":"https:\/\/provens.edu.rs\/sr_rs\/#website"},"primaryImageOfPage":{"@id":"https:\/\/provens.edu.rs\/product\/srpsko-nemacki-zvucni-recnik-za-decu\/#primaryimage"},"image":{"@id":"https:\/\/provens.edu.rs\/product\/srpsko-nemacki-zvucni-recnik-za-decu\/#primaryimage"},"thumbnailUrl":"https:\/\/provens.edu.rs\/wp-content\/uploads\/2025\/08\/KORICE-SRPSKO-NEMACKI-RECNIK-TP-v3-24-01-2024_page-0001.jpg","datePublished":"2025-08-31T12:07:17+00:00","dateModified":"2026-03-09T18:36:23+00:00","breadcrumb":{"@id":"https:\/\/provens.edu.rs\/product\/srpsko-nemacki-zvucni-recnik-za-decu\/#breadcrumb"},"inLanguage":"sr-RS","potentialAction":[{"@type":"ReadAction","target":["https:\/\/provens.edu.rs\/product\/srpsko-nemacki-zvucni-recnik-za-decu\/"]}]},{"@type":"ImageObject","inLanguage":"sr-RS","@id":"https:\/\/provens.edu.rs\/product\/srpsko-nemacki-zvucni-recnik-za-decu\/#primaryimage","url":"https:\/\/provens.edu.rs\/wp-content\/uploads\/2025\/08\/KORICE-SRPSKO-NEMACKI-RECNIK-TP-v3-24-01-2024_page-0001.jpg","contentUrl":"https:\/\/provens.edu.rs\/wp-content\/uploads\/2025\/08\/KORICE-SRPSKO-NEMACKI-RECNIK-TP-v3-24-01-2024_page-0001.jpg","width":1352,"height":1340},{"@type":"BreadcrumbList","@id":"https:\/\/provens.edu.rs\/product\/srpsko-nemacki-zvucni-recnik-za-decu\/#breadcrumb","itemListElement":[{"@type":"ListItem","position":1,"name":"Po\u010detna","item":"https:\/\/provens.edu.rs\/sr_rs\/"},{"@type":"ListItem","position":2,"name":"Knji\u017eara &#8211; Provens","item":"https:\/\/provens.edu.rs\/shop\/"},{"@type":"ListItem","position":3,"name":"SRPSKO-NEMA\u010cKI ZVU\u010cNI RE\u010cNIK ZA DECU"}]},{"@type":"WebSite","@id":"https:\/\/provens.edu.rs\/sr_rs\/#website","url":"https:\/\/provens.edu.rs\/sr_rs\/","name":"Provens - Biti najbolja verzija sebe","description":"Udru\u017eenje za razvoj profesionalnih ve\u0161tina","publisher":{"@id":"https:\/\/provens.edu.rs\/sr_rs\/#organization"},"potentialAction":[{"@type":"SearchAction","target":{"@type":"EntryPoint","urlTemplate":"https:\/\/provens.edu.rs\/sr_rs\/?s={search_term_string}"},"query-input":{"@type":"PropertyValueSpecification","valueRequired":true,"valueName":"search_term_string"}}],"inLanguage":"sr-RS"},{"@type":"Organization","@id":"https:\/\/provens.edu.rs\/sr_rs\/#organization","name":"Provens","url":"https:\/\/provens.edu.rs\/sr_rs\/","logo":{"@type":"ImageObject","inLanguage":"sr-RS","@id":"https:\/\/provens.edu.rs\/sr_rs\/#\/schema\/logo\/image\/","url":"https:\/\/provens.edu.rs\/wp-content\/uploads\/2020\/07\/provens.jpg","contentUrl":"https:\/\/provens.edu.rs\/wp-content\/uploads\/2020\/07\/provens.jpg","width":1986,"height":562,"caption":"Provens"},"image":{"@id":"https:\/\/provens.edu.rs\/sr_rs\/#\/schema\/logo\/image\/"}}]},"product_price_amount":"1990.00","product_price_currency":"RSD","og_availability":"instock","product_availability":"instock","product_condition":"new"},"_links":{"self":[{"href":"https:\/\/provens.edu.rs\/sr_rs\/wp-json\/wp\/v2\/product\/2632","targetHints":{"allow":["GET"]}}],"collection":[{"href":"https:\/\/provens.edu.rs\/sr_rs\/wp-json\/wp\/v2\/product"}],"about":[{"href":"https:\/\/provens.edu.rs\/sr_rs\/wp-json\/wp\/v2\/types\/product"}],"replies":[{"embeddable":true,"href":"https:\/\/provens.edu.rs\/sr_rs\/wp-json\/wp\/v2\/comments?post=2632"}],"wp:featuredmedia":[{"embeddable":true,"href":"https:\/\/provens.edu.rs\/sr_rs\/wp-json\/wp\/v2\/media\/2633"}],"wp:attachment":[{"href":"https:\/\/provens.edu.rs\/sr_rs\/wp-json\/wp\/v2\/media?parent=2632"}],"wp:term":[{"taxonomy":"product_brand","embeddable":true,"href":"https:\/\/provens.edu.rs\/sr_rs\/wp-json\/wp\/v2\/product_brand?post=2632"},{"taxonomy":"product_cat","embeddable":true,"href":"https:\/\/provens.edu.rs\/sr_rs\/wp-json\/wp\/v2\/product_cat?post=2632"},{"taxonomy":"product_tag","embeddable":true,"href":"https:\/\/provens.edu.rs\/sr_rs\/wp-json\/wp\/v2\/product_tag?post=2632"}],"curies":[{"name":"wp","href":"https:\/\/api.w.org\/{rel}","templated":true}]}}