{"id":1616,"date":"2022-12-01T13:08:21","date_gmt":"2022-12-01T13:08:21","guid":{"rendered":"https:\/\/provens.edu.rs\/?post_type=product&#038;p=1616"},"modified":"2025-06-09T20:07:34","modified_gmt":"2025-06-09T20:07:34","slug":"sta-sve-moze-moje-telo","status":"publish","type":"product","link":"https:\/\/provens.edu.rs\/sr_rs\/product\/sta-sve-moze-moje-telo\/","title":{"rendered":"\u0160TA SVE MO\u017dE MOJE TELO"},"content":{"rendered":"<p style=\"text-align: justify;\">\u0160TA SVE MO\u017dE MOJE TELO \u2013 interaktivna knjiga sa 93 QR linkova i matricom namenjena je deci uzrasta od 5 do 9+ godina i pripada ediciji \u201eKnjige sa kojima se raste\u201c napisanih po metodu dr Dragane Male\u0161evi\u0107. Interakcija deteta i knjige ostvaruje se preko teksta, slike, QR kodova i matrice za samokontrolu. QR kodovi omogu\u0107uju da knjiga vodi dete do zvu\u010dnih i video zapisa. Matrica pru\u017ea mogu\u0107nost samoprocene tako da dete mo\u017ee samo da proveri ta\u010dnost svojih odgovora.<\/p>\n<p style=\"text-align: justify;\">Sadr\u017eaj knjige \u010dine \u010detiri celine.<\/p>\n<p style=\"text-align: justify;\">Prva celina se odnosi na anatomiju: delove tela i organe, \u010duvanje i negovanje svog tela, emocije i radionice za razvoj emocionalne inteligencije, pomo\u0107 drugima i porodi\u010dno stablo.<\/p>\n<p style=\"text-align: justify;\">Druga celina se odnosi na fizi\u010dko pokretanje tela, igra\u010dke i igre sa drugima, fizi\u010dke ve\u017ebe, sport, aktivnosti koje dete ume da uradi i na\u010dine kako mo\u017ee da istra\u017euje svet oko sebe, kao i zanimanja ljudi.<\/p>\n<p style=\"text-align: justify;\">Tre\u0107a celina se odnosi na muziku. Deca upoznaju instrumente: klavir, harmoniku, od \u017ei\u010danih instrumenata &#8211; violinu, violon\u010delo, gitaru, od duva\u010dkih instrumenata: klarinet, frulu, dvojnice, trubu, tubu, trombon), od udaraljki: bubnjeve i druge udaraljke. Preko QR kodova mogu da \u010duju zvuke instrumenata. Deca prave svoje instrumente: zve\u010dku i duva\u010dki instrument od slamki za sok; eksperimenti\u0161u da \u201esviraju\u201c sa fla\u0161ama napinjenim vodom. Upoznaju razli\u010dite muzi\u010dke pravce i biraju njima najlep\u0161e melodije.<\/p>\n<p style=\"text-align: justify;\">\u010cetvrta celina se odnosi na likovno stvarala\u0161tvo. Deca upoznaju osnovne i izvedene boje, likovne tehnike i likovne materijale. Saznaju o crtanju, slikanju i vajanju, kako se radi papir-ma\u0161e, kola\u017e, vitra\u017e, mozaik, grata\u017e, frota\u017e i grafika. Deca se podsti\u010du da kreiraju ne\u0161to novo i druga\u010dije.<\/p>\n<p style=\"text-align: justify;\">Recenzenti: dr Ru\u017eica Igi\u0107, Sne\u017eana Bogdanovi\u0107<\/p>\n<p style=\"text-align: justify;\">Recenzenti oblasti: Nata\u0161a Ka\u0107anski (anatomija, str. 2\u201333), dr Angela Mesaro\u0161 \u017divkov (fizi\u010dko, str. 36\u201339), Nada Stani\u0107 (muzi\u010dko, str. 46\u201352), Sne\u017eana Mandi\u0107 i Sonja Bregun (likovno, str. 53\u201364).<\/p>\n<p style=\"text-align: justify;\">Zabranjeno je svako bele\u017eenje i umno\u017eavanje ovog dela u celosti ili delimi\u010dno, bilo kojim sredstvima, u bilo kom obliku, na bilo koji na\u010din, bez saglasnosti autora, kao i svi drugi postupci koji su u suprotnosti sa odredbama Zakona o autorskim i srodnim pravima (Sl. glasnik RS, br. 104\/2009, 99\/2011, 119\/2012, 29\/2016 \u2013 odluka US i 66\/2019).<\/p>\n<p style=\"text-align: justify;\">\n","protected":false},"excerpt":{"rendered":"<p>Autor: dr Dragana Male\u0161evi\u0107<br \/>\nIzdava\u010d: PROVENS<br \/>\nPovez i format: tvrd povez, 220\u00d7220<br \/>\nBroj strana: 64 strana<br \/>\nGodina izdanja: 2022.<br \/>\nISBN: 978-86-81816-30-1<\/p>\n<p><a href=\"https:\/\/provens.edu.rs\/wp-content\/uploads\/2022\/12\/STA-SE-MOZE-MOJE-TELO-PREGLED.pdf\" target=\"_blank\" rel=\"noopener\"><span style=\"font-weight: 400;\"><strong>Pogled u knjigu<\/strong><\/span><\/a><\/p>\n<p><a href=\"https:\/\/provens.edu.rs\/wp-content\/uploads\/2022\/12\/SRPSKI-metod-Interaktivnih-knjiga-sa-QR-kodovima-edicije.pdf\" target=\"_blank\" rel=\"noopener\"><strong>Opis metode u ediciji \u201eKnjige sa kojima se raste\u201c<\/strong><\/a><\/p>\n<p>&nbsp;<\/p>\n<p>&nbsp;<\/p>\n","protected":false},"featured_media":2343,"comment_status":"open","ping_status":"closed","template":"","meta":{"site-sidebar-layout":"default","site-content-layout":"default","ast-site-content-layout":"default","site-content-style":"default","site-sidebar-style":"default","ast-global-header-display":"","ast-banner-title-visibility":"","ast-main-header-display":"","ast-hfb-above-header-display":"","ast-hfb-below-header-display":"","ast-hfb-mobile-header-display":"","site-post-title":"","ast-breadcrumbs-content":"","ast-featured-img":"","footer-sml-layout":"","theme-transparent-header-meta":"default","adv-header-id-meta":"","stick-header-meta":"default","header-above-stick-meta":"","header-main-stick-meta":"","header-below-stick-meta":"","astra-migrate-meta-layouts":"set","ast-page-background-enabled":"default","ast-page-background-meta":{"desktop":{"background-color":"","background-image":"","background-repeat":"repeat","background-position":"center center","background-size":"auto","background-attachment":"scroll","background-type":"","background-media":"","overlay-type":"","overlay-color":"","overlay-opacity":"","overlay-gradient":""},"tablet":{"background-color":"","background-image":"","background-repeat":"repeat","background-position":"center center","background-size":"auto","background-attachment":"scroll","background-type":"","background-media":"","overlay-type":"","overlay-color":"","overlay-opacity":"","overlay-gradient":""},"mobile":{"background-color":"","background-image":"","background-repeat":"repeat","background-position":"center center","background-size":"auto","background-attachment":"scroll","background-type":"","background-media":"","overlay-type":"","overlay-color":"","overlay-opacity":"","overlay-gradient":""}},"ast-content-background-meta":{"desktop":{"background-color":"var(--ast-global-color-5)","background-image":"","background-repeat":"repeat","background-position":"center center","background-size":"auto","background-attachment":"scroll","background-type":"","background-media":"","overlay-type":"","overlay-color":"","overlay-opacity":"","overlay-gradient":""},"tablet":{"background-color":"var(--ast-global-color-5)","background-image":"","background-repeat":"repeat","background-position":"center center","background-size":"auto","background-attachment":"scroll","background-type":"","background-media":"","overlay-type":"","overlay-color":"","overlay-opacity":"","overlay-gradient":""},"mobile":{"background-color":"var(--ast-global-color-5)","background-image":"","background-repeat":"repeat","background-position":"center center","background-size":"auto","background-attachment":"scroll","background-type":"","background-media":"","overlay-type":"","overlay-color":"","overlay-opacity":"","overlay-gradient":""}}},"product_brand":[],"product_cat":[24],"product_tag":[],"class_list":{"0":"post-1616","1":"product","2":"type-product","3":"status-publish","4":"has-post-thumbnail","6":"product_cat-knjige-za-decu","7":"desktop-align-center","8":"tablet-align-left","9":"mobile-align-left","10":"ast-product-gallery-layout-horizontal","11":"ast-product-gallery-with-no-image","12":"ast-product-tabs-layout-horizontal","13":"ast-qv-on-image-click","15":"first","16":"instock","17":"sale","18":"taxable","19":"shipping-taxable","20":"purchasable","21":"product-type-simple"},"yoast_head":"<!-- This site is optimized with the Yoast SEO Premium plugin v24.0 (Yoast SEO v24.5) - https:\/\/yoast.com\/wordpress\/plugins\/seo\/ -->\n<title>\u0160TA SVE MO\u017dE MOJE TELO - Provens<\/title>\n<meta name=\"description\" content=\"\u0160TA SVE MO\u017dE MOJE TELO \u2013 interaktivna knjiga sa 93 QR linkova i matricom namenjena je deci uzrasta od 5 do 9+ godina i pripada ediciji \u201eKnjige sa kojima se raste\u201c napisanih po metodu dr Dragane Male\u0161evi\u0107.\" \/>\n<meta name=\"robots\" content=\"index, follow, max-snippet:-1, max-image-preview:large, max-video-preview:-1\" \/>\n<link rel=\"canonical\" href=\"https:\/\/provens.edu.rs\/sr_rs\/product\/sta-sve-moze-moje-telo\/\" \/>\n<meta property=\"og:locale\" content=\"sr_RS\" \/>\n<meta property=\"og:type\" content=\"article\" \/>\n<meta property=\"og:title\" content=\"\u0160TA SVE MO\u017dE MOJE TELO\" \/>\n<meta property=\"og:description\" content=\"Autor: dr Dragana Male\u0161evi\u0107 Izdava\u010d: PROVENS Povez i format: tvrd povez, 220\u00d7220 Broj strana: 64 strana Godina izdanja: 2022. ISBN: 978-86-81816-30-1  Pogled u knjigu  Opis metode u ediciji \u201eKnjige sa kojima se raste\u201c  &nbsp;  &nbsp;\" \/>\n<meta property=\"og:url\" content=\"https:\/\/provens.edu.rs\/sr_rs\/product\/sta-sve-moze-moje-telo\/\" \/>\n<meta property=\"og:site_name\" content=\"Provens\" \/>\n<meta property=\"article:modified_time\" content=\"2025-06-09T20:07:34+00:00\" \/>\n<meta property=\"og:image\" content=\"https:\/\/provens.edu.rs\/wp-content\/uploads\/2023\/11\/Sta-sve-moze-moje-telo-3.jpg\" \/>\n\t<meta property=\"og:image:width\" content=\"1330\" \/>\n\t<meta property=\"og:image:height\" content=\"1330\" \/>\n\t<meta property=\"og:image:type\" content=\"image\/jpeg\" \/>\n<meta name=\"twitter:card\" content=\"summary_large_image\" \/>\n<meta name=\"twitter:label1\" content=\"Cena\" \/>\n\t<meta name=\"twitter:data1\" content=\"1,990.00&#1088;&#1089;&#1076;\" \/>\n\t<meta name=\"twitter:label2\" content=\"Dostupnost\" \/>\n\t<meta name=\"twitter:data2\" content=\"Na stanju\" \/>\n<script type=\"application\/ld+json\" class=\"yoast-schema-graph\">{\"@context\":\"https:\/\/schema.org\",\"@graph\":[{\"@type\":\"WebPage\",\"@id\":\"https:\/\/provens.edu.rs\/product\/sta-sve-moze-moje-telo\/\",\"url\":\"https:\/\/provens.edu.rs\/product\/sta-sve-moze-moje-telo\/\",\"name\":\"\u0160TA SVE MO\u017dE MOJE TELO - Provens\",\"isPartOf\":{\"@id\":\"https:\/\/provens.edu.rs\/sr_rs\/#website\"},\"primaryImageOfPage\":{\"@id\":\"https:\/\/provens.edu.rs\/product\/sta-sve-moze-moje-telo\/#primaryimage\"},\"image\":{\"@id\":\"https:\/\/provens.edu.rs\/product\/sta-sve-moze-moje-telo\/#primaryimage\"},\"thumbnailUrl\":\"https:\/\/provens.edu.rs\/wp-content\/uploads\/2023\/11\/Sta-sve-moze-moje-telo-3.jpg\",\"datePublished\":\"2022-12-01T13:08:21+00:00\",\"dateModified\":\"2025-06-09T20:07:34+00:00\",\"description\":\"\u0160TA SVE MO\u017dE MOJE TELO \u2013 interaktivna knjiga sa 93 QR linkova i matricom namenjena je deci uzrasta od 5 do 9+ godina i pripada ediciji \u201eKnjige sa kojima se raste\u201c napisanih po metodu dr Dragane Male\u0161evi\u0107.\",\"breadcrumb\":{\"@id\":\"https:\/\/provens.edu.rs\/product\/sta-sve-moze-moje-telo\/#breadcrumb\"},\"inLanguage\":\"sr-RS\",\"potentialAction\":[{\"@type\":\"ReadAction\",\"target\":[\"https:\/\/provens.edu.rs\/product\/sta-sve-moze-moje-telo\/\"]}]},{\"@type\":\"ImageObject\",\"inLanguage\":\"sr-RS\",\"@id\":\"https:\/\/provens.edu.rs\/product\/sta-sve-moze-moje-telo\/#primaryimage\",\"url\":\"https:\/\/provens.edu.rs\/wp-content\/uploads\/2023\/11\/Sta-sve-moze-moje-telo-3.jpg\",\"contentUrl\":\"https:\/\/provens.edu.rs\/wp-content\/uploads\/2023\/11\/Sta-sve-moze-moje-telo-3.jpg\",\"width\":1330,\"height\":1330,\"caption\":\"\u0160TA SVE MO\u017dE MOJE TELO\"},{\"@type\":\"BreadcrumbList\",\"@id\":\"https:\/\/provens.edu.rs\/product\/sta-sve-moze-moje-telo\/#breadcrumb\",\"itemListElement\":[{\"@type\":\"ListItem\",\"position\":1,\"name\":\"Po\u010detna\",\"item\":\"https:\/\/provens.edu.rs\/sr_rs\/\"},{\"@type\":\"ListItem\",\"position\":2,\"name\":\"Knji\u017eara &#8211; Provens\",\"item\":\"https:\/\/provens.edu.rs\/shop\/\"},{\"@type\":\"ListItem\",\"position\":3,\"name\":\"\u0160TA SVE MO\u017dE MOJE TELO\"}]},{\"@type\":\"WebSite\",\"@id\":\"https:\/\/provens.edu.rs\/sr_rs\/#website\",\"url\":\"https:\/\/provens.edu.rs\/sr_rs\/\",\"name\":\"Provens - Biti najbolja verzija sebe\",\"description\":\"Udru\u017eenje za razvoj profesionalnih ve\u0161tina\",\"publisher\":{\"@id\":\"https:\/\/provens.edu.rs\/sr_rs\/#organization\"},\"potentialAction\":[{\"@type\":\"SearchAction\",\"target\":{\"@type\":\"EntryPoint\",\"urlTemplate\":\"https:\/\/provens.edu.rs\/sr_rs\/?s={search_term_string}\"},\"query-input\":{\"@type\":\"PropertyValueSpecification\",\"valueRequired\":true,\"valueName\":\"search_term_string\"}}],\"inLanguage\":\"sr-RS\"},{\"@type\":\"Organization\",\"@id\":\"https:\/\/provens.edu.rs\/sr_rs\/#organization\",\"name\":\"Provens\",\"url\":\"https:\/\/provens.edu.rs\/sr_rs\/\",\"logo\":{\"@type\":\"ImageObject\",\"inLanguage\":\"sr-RS\",\"@id\":\"https:\/\/provens.edu.rs\/sr_rs\/#\/schema\/logo\/image\/\",\"url\":\"https:\/\/provens.edu.rs\/wp-content\/uploads\/2020\/07\/provens.jpg\",\"contentUrl\":\"https:\/\/provens.edu.rs\/wp-content\/uploads\/2020\/07\/provens.jpg\",\"width\":1986,\"height\":562,\"caption\":\"Provens\"},\"image\":{\"@id\":\"https:\/\/provens.edu.rs\/sr_rs\/#\/schema\/logo\/image\/\"}}]}<\/script>\n<meta property=\"product:price:amount\" content=\"1990.00\" \/>\n<meta property=\"product:price:currency\" content=\"RSD\" \/>\n<meta property=\"og:availability\" content=\"instock\" \/>\n<meta property=\"product:availability\" content=\"instock\" \/>\n<meta property=\"product:condition\" content=\"new\" \/>\n<!-- \/ Yoast SEO Premium plugin. -->","yoast_head_json":{"title":"\u0160TA SVE MO\u017dE MOJE TELO - Provens","description":"\u0160TA SVE MO\u017dE MOJE TELO \u2013 interaktivna knjiga sa 93 QR linkova i matricom namenjena je deci uzrasta od 5 do 9+ godina i pripada ediciji \u201eKnjige sa kojima se raste\u201c napisanih po metodu dr Dragane Male\u0161evi\u0107.","robots":{"index":"index","follow":"follow","max-snippet":"max-snippet:-1","max-image-preview":"max-image-preview:large","max-video-preview":"max-video-preview:-1"},"canonical":"https:\/\/provens.edu.rs\/sr_rs\/product\/sta-sve-moze-moje-telo\/","og_locale":"sr_RS","og_type":"article","og_title":"\u0160TA SVE MO\u017dE MOJE TELO","og_description":"Autor: dr Dragana Male\u0161evi\u0107 Izdava\u010d: PROVENS Povez i format: tvrd povez, 220\u00d7220 Broj strana: 64 strana Godina izdanja: 2022. ISBN: 978-86-81816-30-1  Pogled u knjigu  Opis metode u ediciji \u201eKnjige sa kojima se raste\u201c  &nbsp;  &nbsp;","og_url":"https:\/\/provens.edu.rs\/sr_rs\/product\/sta-sve-moze-moje-telo\/","og_site_name":"Provens","article_modified_time":"2025-06-09T20:07:34+00:00","og_image":[{"width":1330,"height":1330,"url":"https:\/\/provens.edu.rs\/wp-content\/uploads\/2023\/11\/Sta-sve-moze-moje-telo-3.jpg","type":"image\/jpeg"}],"twitter_card":"summary_large_image","twitter_misc":{"Cena":"1,990.00&#1088;&#1089;&#1076;","Dostupnost":"Na stanju"},"schema":{"@context":"https:\/\/schema.org","@graph":[{"@type":"WebPage","@id":"https:\/\/provens.edu.rs\/product\/sta-sve-moze-moje-telo\/","url":"https:\/\/provens.edu.rs\/product\/sta-sve-moze-moje-telo\/","name":"\u0160TA SVE MO\u017dE MOJE TELO - Provens","isPartOf":{"@id":"https:\/\/provens.edu.rs\/sr_rs\/#website"},"primaryImageOfPage":{"@id":"https:\/\/provens.edu.rs\/product\/sta-sve-moze-moje-telo\/#primaryimage"},"image":{"@id":"https:\/\/provens.edu.rs\/product\/sta-sve-moze-moje-telo\/#primaryimage"},"thumbnailUrl":"https:\/\/provens.edu.rs\/wp-content\/uploads\/2023\/11\/Sta-sve-moze-moje-telo-3.jpg","datePublished":"2022-12-01T13:08:21+00:00","dateModified":"2025-06-09T20:07:34+00:00","description":"\u0160TA SVE MO\u017dE MOJE TELO \u2013 interaktivna knjiga sa 93 QR linkova i matricom namenjena je deci uzrasta od 5 do 9+ godina i pripada ediciji \u201eKnjige sa kojima se raste\u201c napisanih po metodu dr Dragane Male\u0161evi\u0107.","breadcrumb":{"@id":"https:\/\/provens.edu.rs\/product\/sta-sve-moze-moje-telo\/#breadcrumb"},"inLanguage":"sr-RS","potentialAction":[{"@type":"ReadAction","target":["https:\/\/provens.edu.rs\/product\/sta-sve-moze-moje-telo\/"]}]},{"@type":"ImageObject","inLanguage":"sr-RS","@id":"https:\/\/provens.edu.rs\/product\/sta-sve-moze-moje-telo\/#primaryimage","url":"https:\/\/provens.edu.rs\/wp-content\/uploads\/2023\/11\/Sta-sve-moze-moje-telo-3.jpg","contentUrl":"https:\/\/provens.edu.rs\/wp-content\/uploads\/2023\/11\/Sta-sve-moze-moje-telo-3.jpg","width":1330,"height":1330,"caption":"\u0160TA SVE MO\u017dE MOJE TELO"},{"@type":"BreadcrumbList","@id":"https:\/\/provens.edu.rs\/product\/sta-sve-moze-moje-telo\/#breadcrumb","itemListElement":[{"@type":"ListItem","position":1,"name":"Po\u010detna","item":"https:\/\/provens.edu.rs\/sr_rs\/"},{"@type":"ListItem","position":2,"name":"Knji\u017eara &#8211; Provens","item":"https:\/\/provens.edu.rs\/shop\/"},{"@type":"ListItem","position":3,"name":"\u0160TA SVE MO\u017dE MOJE TELO"}]},{"@type":"WebSite","@id":"https:\/\/provens.edu.rs\/sr_rs\/#website","url":"https:\/\/provens.edu.rs\/sr_rs\/","name":"Provens - Biti najbolja verzija sebe","description":"Udru\u017eenje za razvoj profesionalnih ve\u0161tina","publisher":{"@id":"https:\/\/provens.edu.rs\/sr_rs\/#organization"},"potentialAction":[{"@type":"SearchAction","target":{"@type":"EntryPoint","urlTemplate":"https:\/\/provens.edu.rs\/sr_rs\/?s={search_term_string}"},"query-input":{"@type":"PropertyValueSpecification","valueRequired":true,"valueName":"search_term_string"}}],"inLanguage":"sr-RS"},{"@type":"Organization","@id":"https:\/\/provens.edu.rs\/sr_rs\/#organization","name":"Provens","url":"https:\/\/provens.edu.rs\/sr_rs\/","logo":{"@type":"ImageObject","inLanguage":"sr-RS","@id":"https:\/\/provens.edu.rs\/sr_rs\/#\/schema\/logo\/image\/","url":"https:\/\/provens.edu.rs\/wp-content\/uploads\/2020\/07\/provens.jpg","contentUrl":"https:\/\/provens.edu.rs\/wp-content\/uploads\/2020\/07\/provens.jpg","width":1986,"height":562,"caption":"Provens"},"image":{"@id":"https:\/\/provens.edu.rs\/sr_rs\/#\/schema\/logo\/image\/"}}]},"product_price_amount":"1990.00","product_price_currency":"RSD","og_availability":"instock","product_availability":"instock","product_condition":"new"},"_links":{"self":[{"href":"https:\/\/provens.edu.rs\/sr_rs\/wp-json\/wp\/v2\/product\/1616","targetHints":{"allow":["GET"]}}],"collection":[{"href":"https:\/\/provens.edu.rs\/sr_rs\/wp-json\/wp\/v2\/product"}],"about":[{"href":"https:\/\/provens.edu.rs\/sr_rs\/wp-json\/wp\/v2\/types\/product"}],"replies":[{"embeddable":true,"href":"https:\/\/provens.edu.rs\/sr_rs\/wp-json\/wp\/v2\/comments?post=1616"}],"wp:featuredmedia":[{"embeddable":true,"href":"https:\/\/provens.edu.rs\/sr_rs\/wp-json\/wp\/v2\/media\/2343"}],"wp:attachment":[{"href":"https:\/\/provens.edu.rs\/sr_rs\/wp-json\/wp\/v2\/media?parent=1616"}],"wp:term":[{"taxonomy":"product_brand","embeddable":true,"href":"https:\/\/provens.edu.rs\/sr_rs\/wp-json\/wp\/v2\/product_brand?post=1616"},{"taxonomy":"product_cat","embeddable":true,"href":"https:\/\/provens.edu.rs\/sr_rs\/wp-json\/wp\/v2\/product_cat?post=1616"},{"taxonomy":"product_tag","embeddable":true,"href":"https:\/\/provens.edu.rs\/sr_rs\/wp-json\/wp\/v2\/product_tag?post=1616"}],"curies":[{"name":"wp","href":"https:\/\/api.w.org\/{rel}","templated":true}]}}