{"id":1529,"date":"2021-09-05T15:38:48","date_gmt":"2021-09-05T15:38:48","guid":{"rendered":"https:\/\/provens.edu.rs\/?post_type=product&#038;p=1529"},"modified":"2024-10-18T09:20:28","modified_gmt":"2024-10-18T09:20:28","slug":"vestine-postavljanja-i-postizanja-ciljeva-u-poslu","status":"publish","type":"product","link":"https:\/\/provens.edu.rs\/sr_rs\/product\/vestine-postavljanja-i-postizanja-ciljeva-u-poslu\/","title":{"rendered":"Ve\u0161tine  POSTAVLJANJA i POSTIZANJA CILJEVA u poslu"},"content":{"rendered":"<p>Zabranjeno je svako bele\u017eenje i umno\u017eavanje ovog dela u celosti ili delimi\u010dno, bilo kojim sredstvima, u bilo kom obliku, na bilo koji na\u010din, bez saglasnosti autora, kao i svi drugi postupci koji su u suprotnosti sa odredbama Zakona o autorskim i srodnim pravima (Sl. glasnik RS, br. 104\/2009, 99\/2011, 119\/2012, 29\/2016 \u2013 odluka US i 66\/2019).<\/p>\n<p>Ovo izdanje se koristi kao radni materijal na obukama za li\u010dni razvoj zaposlenih u javnom i privatnom sektoru pod nazivom \u201eVe\u0161tine postavljanja i postizanja ciljeva u poslu\u201d \u010diji je autor i realizator dr Dragana Male\u0161evi\u0107 u organizaciji Udru\u017eenja za razvoj profesionalnih ve\u0161tina \u201ePROVENS\u201d.<\/p>\n<p>Program obuke zasnovan na ovom izdanju javno je dostupan na sajtu \u201eProvens\u201d-a. Zadr\u017eavaju se sva prava na sadr\u017eaj Programa i ovo izdanje ne sme se koristiti u svrhu obuka, bez pisane saglasnosti autora.<\/p>\n<p>Ova knjiga je vodi\u010d za razvijanje ve\u0161tine postavljanja i postizanja li\u010dnih i zajedni\u010dkih ciljeva. U procesu postavljanja i postizanja ciljeva razlikujemo tri faze: 1. postavljanje cilja, 2. planiranje akcija za ostvarivanje cilja i 3. refleksija na postignu\u0107e u ostvarivosti cilja. U skladu sa tim u razvoju ovih ve\u0161tina tri su klju\u010dna pitanja: \u0160ta ho\u0107e\u0161\/ho\u0107emo? za postavljanje cilja, \u0160ta treba da u\u010dinim\/u\u010dinimo da bih\/bismo cilj ostvarili? za planiranje i Da li je cilj ostvaren u nameravanom ishodu? za refleksiju.<br \/>\nLjudi \u010desto poistove\u0107uju \u017eelju sa ciljem, a ona to nije. Zato \u0107emo najpre u\u010diti razliku izme\u0111u \u017eelje i cilja, a potom razmotriti uticaj volje i vere, te razvoj vrlina na putu ostvarivanja ciljeva. Uspeh je li\u010dno postignu\u0107e iz svog smisla i svrhe, a da bismo ga ostvarili, on mora biti ciljno usmeren i ostvaren u nizu osmi\u0161ljenih akcija koje \u0107e nas do njega dovesti.<\/p>\n","protected":false},"excerpt":{"rendered":"<p><span style=\"font-weight: 400;\">Autor: dr Dragana Male\u0161evi\u0107<\/span><span style=\"font-weight: 400;\"><br \/>\n<\/span><span style=\"font-weight: 400;\">Izdava\u010d: PROVENS<\/span><span style=\"font-weight: 400;\"><br \/>\n<\/span><span style=\"font-weight: 400;\">Povez i format: meki povez, 148\u00d7210<\/span><span style=\"font-weight: 400;\"><br \/>\n<\/span><span style=\"font-weight: 400;\">Broj strana: 62 strana<\/span><span style=\"font-weight: 400;\"><br \/>\n<\/span><span style=\"font-weight: 400;\">Godina izdanja: 2021.<br \/>\n<\/span>ISBN-978-86-81816-20-2<\/p>\n<p><a href=\"https:\/\/provens.edu.rs\/wp-content\/uploads\/2021\/09\/Pogled-ciljevi.pdf\" target=\"_blank\" rel=\"noopener\"><span style=\"font-weight: 400;\"><strong>Pogled u knjgu<\/strong><\/span><\/a><\/p>\n","protected":false},"featured_media":1533,"comment_status":"open","ping_status":"closed","template":"","meta":{"site-sidebar-layout":"default","site-content-layout":"default","ast-site-content-layout":"","site-content-style":"default","site-sidebar-style":"default","ast-global-header-display":"","ast-banner-title-visibility":"","ast-main-header-display":"","ast-hfb-above-header-display":"","ast-hfb-below-header-display":"","ast-hfb-mobile-header-display":"","site-post-title":"","ast-breadcrumbs-content":"","ast-featured-img":"","footer-sml-layout":"","theme-transparent-header-meta":"default","adv-header-id-meta":"","stick-header-meta":"","header-above-stick-meta":"","header-main-stick-meta":"","header-below-stick-meta":"","astra-migrate-meta-layouts":"default","ast-page-background-enabled":"default","ast-page-background-meta":{"desktop":{"background-color":"","background-image":"","background-repeat":"repeat","background-position":"center center","background-size":"auto","background-attachment":"scroll","background-type":"","background-media":"","overlay-type":"","overlay-color":"","overlay-opacity":"","overlay-gradient":""},"tablet":{"background-color":"","background-image":"","background-repeat":"repeat","background-position":"center center","background-size":"auto","background-attachment":"scroll","background-type":"","background-media":"","overlay-type":"","overlay-color":"","overlay-opacity":"","overlay-gradient":""},"mobile":{"background-color":"","background-image":"","background-repeat":"repeat","background-position":"center center","background-size":"auto","background-attachment":"scroll","background-type":"","background-media":"","overlay-type":"","overlay-color":"","overlay-opacity":"","overlay-gradient":""}},"ast-content-background-meta":{"desktop":{"background-color":"var(--ast-global-color-5)","background-image":"","background-repeat":"repeat","background-position":"center center","background-size":"auto","background-attachment":"scroll","background-type":"","background-media":"","overlay-type":"","overlay-color":"","overlay-opacity":"","overlay-gradient":""},"tablet":{"background-color":"var(--ast-global-color-5)","background-image":"","background-repeat":"repeat","background-position":"center center","background-size":"auto","background-attachment":"scroll","background-type":"","background-media":"","overlay-type":"","overlay-color":"","overlay-opacity":"","overlay-gradient":""},"mobile":{"background-color":"var(--ast-global-color-5)","background-image":"","background-repeat":"repeat","background-position":"center center","background-size":"auto","background-attachment":"scroll","background-type":"","background-media":"","overlay-type":"","overlay-color":"","overlay-opacity":"","overlay-gradient":""}}},"product_brand":[],"product_cat":[20],"product_tag":[],"class_list":{"0":"post-1529","1":"product","2":"type-product","3":"status-publish","4":"has-post-thumbnail","6":"product_cat-knjige","7":"desktop-align-center","8":"tablet-align-left","9":"mobile-align-left","10":"ast-product-gallery-layout-horizontal","11":"ast-product-gallery-with-no-image","12":"ast-product-tabs-layout-horizontal","13":"ast-qv-on-image-click","15":"first","16":"instock","17":"sale","18":"taxable","19":"shipping-taxable","20":"purchasable","21":"product-type-simple"},"yoast_head":"<!-- This site is optimized with the Yoast SEO Premium plugin v24.0 (Yoast SEO v24.5) - https:\/\/yoast.com\/wordpress\/plugins\/seo\/ -->\n<title>Ve\u0161tine POSTAVLJANJA i POSTIZANJA CILJEVA u poslu - Provens<\/title>\n<meta name=\"robots\" content=\"index, follow, max-snippet:-1, max-image-preview:large, max-video-preview:-1\" \/>\n<link rel=\"canonical\" href=\"https:\/\/provens.edu.rs\/sr_rs\/product\/vestine-postavljanja-i-postizanja-ciljeva-u-poslu\/\" \/>\n<meta property=\"og:locale\" content=\"sr_RS\" \/>\n<meta property=\"og:type\" content=\"article\" \/>\n<meta property=\"og:title\" content=\"Ve\u0161tine POSTAVLJANJA i POSTIZANJA CILJEVA u poslu\" \/>\n<meta property=\"og:description\" content=\"Autor: dr Dragana Male\u0161evi\u0107 Izdava\u010d: PROVENS Povez i format: meki povez, 148\u00d7210 Broj strana: 62 strana Godina izdanja: 2021. ISBN-978-86-81816-20-2  Pogled u knjgu\" \/>\n<meta property=\"og:url\" content=\"https:\/\/provens.edu.rs\/sr_rs\/product\/vestine-postavljanja-i-postizanja-ciljeva-u-poslu\/\" \/>\n<meta property=\"og:site_name\" content=\"Provens\" \/>\n<meta property=\"article:modified_time\" content=\"2024-10-18T09:20:28+00:00\" \/>\n<meta property=\"og:image\" content=\"https:\/\/provens.edu.rs\/wp-content\/uploads\/2021\/09\/ciljevi.jpg\" \/>\n\t<meta property=\"og:image:width\" content=\"1200\" \/>\n\t<meta property=\"og:image:height\" content=\"1200\" \/>\n\t<meta property=\"og:image:type\" content=\"image\/jpeg\" \/>\n<meta name=\"twitter:card\" content=\"summary_large_image\" \/>\n<meta name=\"twitter:label1\" content=\"Cena\" \/>\n\t<meta name=\"twitter:data1\" content=\"790.00&#1088;&#1089;&#1076;\" \/>\n\t<meta name=\"twitter:label2\" content=\"Dostupnost\" \/>\n\t<meta name=\"twitter:data2\" content=\"Na stanju\" \/>\n<script type=\"application\/ld+json\" class=\"yoast-schema-graph\">{\"@context\":\"https:\/\/schema.org\",\"@graph\":[{\"@type\":\"WebPage\",\"@id\":\"https:\/\/provens.edu.rs\/product\/vestine-postavljanja-i-postizanja-ciljeva-u-poslu\/\",\"url\":\"https:\/\/provens.edu.rs\/product\/vestine-postavljanja-i-postizanja-ciljeva-u-poslu\/\",\"name\":\"Ve\u0161tine POSTAVLJANJA i POSTIZANJA CILJEVA u poslu - Provens\",\"isPartOf\":{\"@id\":\"https:\/\/provens.edu.rs\/sr_rs\/#website\"},\"primaryImageOfPage\":{\"@id\":\"https:\/\/provens.edu.rs\/product\/vestine-postavljanja-i-postizanja-ciljeva-u-poslu\/#primaryimage\"},\"image\":{\"@id\":\"https:\/\/provens.edu.rs\/product\/vestine-postavljanja-i-postizanja-ciljeva-u-poslu\/#primaryimage\"},\"thumbnailUrl\":\"https:\/\/provens.edu.rs\/wp-content\/uploads\/2021\/09\/ciljevi.jpg\",\"datePublished\":\"2021-09-05T15:38:48+00:00\",\"dateModified\":\"2024-10-18T09:20:28+00:00\",\"breadcrumb\":{\"@id\":\"https:\/\/provens.edu.rs\/product\/vestine-postavljanja-i-postizanja-ciljeva-u-poslu\/#breadcrumb\"},\"inLanguage\":\"sr-RS\",\"potentialAction\":[{\"@type\":\"ReadAction\",\"target\":[\"https:\/\/provens.edu.rs\/product\/vestine-postavljanja-i-postizanja-ciljeva-u-poslu\/\"]}]},{\"@type\":\"ImageObject\",\"inLanguage\":\"sr-RS\",\"@id\":\"https:\/\/provens.edu.rs\/product\/vestine-postavljanja-i-postizanja-ciljeva-u-poslu\/#primaryimage\",\"url\":\"https:\/\/provens.edu.rs\/wp-content\/uploads\/2021\/09\/ciljevi.jpg\",\"contentUrl\":\"https:\/\/provens.edu.rs\/wp-content\/uploads\/2021\/09\/ciljevi.jpg\",\"width\":1200,\"height\":1200},{\"@type\":\"BreadcrumbList\",\"@id\":\"https:\/\/provens.edu.rs\/product\/vestine-postavljanja-i-postizanja-ciljeva-u-poslu\/#breadcrumb\",\"itemListElement\":[{\"@type\":\"ListItem\",\"position\":1,\"name\":\"Po\u010detna\",\"item\":\"https:\/\/provens.edu.rs\/sr_rs\/\"},{\"@type\":\"ListItem\",\"position\":2,\"name\":\"Knji\u017eara &#8211; Provens\",\"item\":\"https:\/\/provens.edu.rs\/shop\/\"},{\"@type\":\"ListItem\",\"position\":3,\"name\":\"Ve\u0161tine POSTAVLJANJA i POSTIZANJA CILJEVA u poslu\"}]},{\"@type\":\"WebSite\",\"@id\":\"https:\/\/provens.edu.rs\/sr_rs\/#website\",\"url\":\"https:\/\/provens.edu.rs\/sr_rs\/\",\"name\":\"Provens - Biti najbolja verzija sebe\",\"description\":\"Udru\u017eenje za razvoj profesionalnih ve\u0161tina\",\"publisher\":{\"@id\":\"https:\/\/provens.edu.rs\/sr_rs\/#organization\"},\"potentialAction\":[{\"@type\":\"SearchAction\",\"target\":{\"@type\":\"EntryPoint\",\"urlTemplate\":\"https:\/\/provens.edu.rs\/sr_rs\/?s={search_term_string}\"},\"query-input\":{\"@type\":\"PropertyValueSpecification\",\"valueRequired\":true,\"valueName\":\"search_term_string\"}}],\"inLanguage\":\"sr-RS\"},{\"@type\":\"Organization\",\"@id\":\"https:\/\/provens.edu.rs\/sr_rs\/#organization\",\"name\":\"Provens\",\"url\":\"https:\/\/provens.edu.rs\/sr_rs\/\",\"logo\":{\"@type\":\"ImageObject\",\"inLanguage\":\"sr-RS\",\"@id\":\"https:\/\/provens.edu.rs\/sr_rs\/#\/schema\/logo\/image\/\",\"url\":\"https:\/\/provens.edu.rs\/wp-content\/uploads\/2020\/07\/provens.jpg\",\"contentUrl\":\"https:\/\/provens.edu.rs\/wp-content\/uploads\/2020\/07\/provens.jpg\",\"width\":1986,\"height\":562,\"caption\":\"Provens\"},\"image\":{\"@id\":\"https:\/\/provens.edu.rs\/sr_rs\/#\/schema\/logo\/image\/\"}}]}<\/script>\n<meta property=\"product:price:amount\" content=\"790.00\" \/>\n<meta property=\"product:price:currency\" content=\"RSD\" \/>\n<meta property=\"og:availability\" content=\"instock\" \/>\n<meta property=\"product:availability\" content=\"instock\" \/>\n<meta property=\"product:condition\" content=\"new\" \/>\n<!-- \/ Yoast SEO Premium plugin. -->","yoast_head_json":{"title":"Ve\u0161tine POSTAVLJANJA i POSTIZANJA CILJEVA u poslu - Provens","robots":{"index":"index","follow":"follow","max-snippet":"max-snippet:-1","max-image-preview":"max-image-preview:large","max-video-preview":"max-video-preview:-1"},"canonical":"https:\/\/provens.edu.rs\/sr_rs\/product\/vestine-postavljanja-i-postizanja-ciljeva-u-poslu\/","og_locale":"sr_RS","og_type":"article","og_title":"Ve\u0161tine POSTAVLJANJA i POSTIZANJA CILJEVA u poslu","og_description":"Autor: dr Dragana Male\u0161evi\u0107 Izdava\u010d: PROVENS Povez i format: meki povez, 148\u00d7210 Broj strana: 62 strana Godina izdanja: 2021. ISBN-978-86-81816-20-2  Pogled u knjgu","og_url":"https:\/\/provens.edu.rs\/sr_rs\/product\/vestine-postavljanja-i-postizanja-ciljeva-u-poslu\/","og_site_name":"Provens","article_modified_time":"2024-10-18T09:20:28+00:00","og_image":[{"width":1200,"height":1200,"url":"https:\/\/provens.edu.rs\/wp-content\/uploads\/2021\/09\/ciljevi.jpg","type":"image\/jpeg"}],"twitter_card":"summary_large_image","twitter_misc":{"Cena":"790.00&#1088;&#1089;&#1076;","Dostupnost":"Na stanju"},"schema":{"@context":"https:\/\/schema.org","@graph":[{"@type":"WebPage","@id":"https:\/\/provens.edu.rs\/product\/vestine-postavljanja-i-postizanja-ciljeva-u-poslu\/","url":"https:\/\/provens.edu.rs\/product\/vestine-postavljanja-i-postizanja-ciljeva-u-poslu\/","name":"Ve\u0161tine POSTAVLJANJA i POSTIZANJA CILJEVA u poslu - Provens","isPartOf":{"@id":"https:\/\/provens.edu.rs\/sr_rs\/#website"},"primaryImageOfPage":{"@id":"https:\/\/provens.edu.rs\/product\/vestine-postavljanja-i-postizanja-ciljeva-u-poslu\/#primaryimage"},"image":{"@id":"https:\/\/provens.edu.rs\/product\/vestine-postavljanja-i-postizanja-ciljeva-u-poslu\/#primaryimage"},"thumbnailUrl":"https:\/\/provens.edu.rs\/wp-content\/uploads\/2021\/09\/ciljevi.jpg","datePublished":"2021-09-05T15:38:48+00:00","dateModified":"2024-10-18T09:20:28+00:00","breadcrumb":{"@id":"https:\/\/provens.edu.rs\/product\/vestine-postavljanja-i-postizanja-ciljeva-u-poslu\/#breadcrumb"},"inLanguage":"sr-RS","potentialAction":[{"@type":"ReadAction","target":["https:\/\/provens.edu.rs\/product\/vestine-postavljanja-i-postizanja-ciljeva-u-poslu\/"]}]},{"@type":"ImageObject","inLanguage":"sr-RS","@id":"https:\/\/provens.edu.rs\/product\/vestine-postavljanja-i-postizanja-ciljeva-u-poslu\/#primaryimage","url":"https:\/\/provens.edu.rs\/wp-content\/uploads\/2021\/09\/ciljevi.jpg","contentUrl":"https:\/\/provens.edu.rs\/wp-content\/uploads\/2021\/09\/ciljevi.jpg","width":1200,"height":1200},{"@type":"BreadcrumbList","@id":"https:\/\/provens.edu.rs\/product\/vestine-postavljanja-i-postizanja-ciljeva-u-poslu\/#breadcrumb","itemListElement":[{"@type":"ListItem","position":1,"name":"Po\u010detna","item":"https:\/\/provens.edu.rs\/sr_rs\/"},{"@type":"ListItem","position":2,"name":"Knji\u017eara &#8211; Provens","item":"https:\/\/provens.edu.rs\/shop\/"},{"@type":"ListItem","position":3,"name":"Ve\u0161tine POSTAVLJANJA i POSTIZANJA CILJEVA u poslu"}]},{"@type":"WebSite","@id":"https:\/\/provens.edu.rs\/sr_rs\/#website","url":"https:\/\/provens.edu.rs\/sr_rs\/","name":"Provens - Biti najbolja verzija sebe","description":"Udru\u017eenje za razvoj profesionalnih ve\u0161tina","publisher":{"@id":"https:\/\/provens.edu.rs\/sr_rs\/#organization"},"potentialAction":[{"@type":"SearchAction","target":{"@type":"EntryPoint","urlTemplate":"https:\/\/provens.edu.rs\/sr_rs\/?s={search_term_string}"},"query-input":{"@type":"PropertyValueSpecification","valueRequired":true,"valueName":"search_term_string"}}],"inLanguage":"sr-RS"},{"@type":"Organization","@id":"https:\/\/provens.edu.rs\/sr_rs\/#organization","name":"Provens","url":"https:\/\/provens.edu.rs\/sr_rs\/","logo":{"@type":"ImageObject","inLanguage":"sr-RS","@id":"https:\/\/provens.edu.rs\/sr_rs\/#\/schema\/logo\/image\/","url":"https:\/\/provens.edu.rs\/wp-content\/uploads\/2020\/07\/provens.jpg","contentUrl":"https:\/\/provens.edu.rs\/wp-content\/uploads\/2020\/07\/provens.jpg","width":1986,"height":562,"caption":"Provens"},"image":{"@id":"https:\/\/provens.edu.rs\/sr_rs\/#\/schema\/logo\/image\/"}}]},"product_price_amount":"790.00","product_price_currency":"RSD","og_availability":"instock","product_availability":"instock","product_condition":"new"},"_links":{"self":[{"href":"https:\/\/provens.edu.rs\/sr_rs\/wp-json\/wp\/v2\/product\/1529","targetHints":{"allow":["GET"]}}],"collection":[{"href":"https:\/\/provens.edu.rs\/sr_rs\/wp-json\/wp\/v2\/product"}],"about":[{"href":"https:\/\/provens.edu.rs\/sr_rs\/wp-json\/wp\/v2\/types\/product"}],"replies":[{"embeddable":true,"href":"https:\/\/provens.edu.rs\/sr_rs\/wp-json\/wp\/v2\/comments?post=1529"}],"wp:featuredmedia":[{"embeddable":true,"href":"https:\/\/provens.edu.rs\/sr_rs\/wp-json\/wp\/v2\/media\/1533"}],"wp:attachment":[{"href":"https:\/\/provens.edu.rs\/sr_rs\/wp-json\/wp\/v2\/media?parent=1529"}],"wp:term":[{"taxonomy":"product_brand","embeddable":true,"href":"https:\/\/provens.edu.rs\/sr_rs\/wp-json\/wp\/v2\/product_brand?post=1529"},{"taxonomy":"product_cat","embeddable":true,"href":"https:\/\/provens.edu.rs\/sr_rs\/wp-json\/wp\/v2\/product_cat?post=1529"},{"taxonomy":"product_tag","embeddable":true,"href":"https:\/\/provens.edu.rs\/sr_rs\/wp-json\/wp\/v2\/product_tag?post=1529"}],"curies":[{"name":"wp","href":"https:\/\/api.w.org\/{rel}","templated":true}]}}