{"id":1202,"date":"2020-07-07T19:33:27","date_gmt":"2020-07-07T19:33:27","guid":{"rendered":"http:\/\/provens.edu.rs\/?post_type=product&#038;p=1202"},"modified":"2024-03-30T09:34:29","modified_gmt":"2024-03-30T09:34:29","slug":"profesionalne-vestine%e2%80%8b","status":"publish","type":"product","link":"https:\/\/provens.edu.rs\/sr_rs\/product\/profesionalne-vestine%e2%80%8b\/","title":{"rendered":"Profesionalne ve\u0161tine\u200b"},"content":{"rendered":"<p><span style=\"font-weight: 400;\">Ova knjiga je vodi\u010d za samoprocenu ostvarenosti i razvoj profesionalnih ve\u0161tina po\u017eeljnih u obavljanju svakog posla.\u00a0<\/span><\/p>\n<p><span style=\"font-weight: 400;\">Tekst je zasnovan na nau\u010dno potvr\u0111enim \u010dinjenicama, ali jezi\u010dki izra\u017een da ga svaki \u010ditalac razume. Tekst sadr\u017ei preporuke, ve\u017ebe i opise realnih \u017eivotnih situacija u studijama slu\u010daja, kao i tehnike koje nam mogu pomo\u0107i u re\u0161avanju konflikata, tehnike za postavljanje i postizanje ciljeva i tehnike za spre\u010davanje sagorevanja. Prime\u0107eno je da mnogi ljudi vole da ispituju svoje sposobnosti. Zbog toga knjiga sadr\u017ei skale procene kojima samoprocenom mo\u017eemo ispitati svoju emocionalnu inteligenciju u poslu, svoj stil pona\u0161anja u konfliktima, svoje uloge u timu i nivo svoje sagorelosti na poslu. Na kraju pojedinih poglavlja dat je popis preporu\u010dene literature za dalji razvoj ve\u0161tine opisane u tom poglavlju.\u00a0<\/span><\/p>\n<p><span style=\"font-weight: 400;\">Nadamo se da \u0107e ova knjiga u Vama podsticati preispitivanje i doprineti daljem razvoju va\u0161ih profesionalnih ve\u0161tina.<\/span><\/p>\n","protected":false},"excerpt":{"rendered":"<p>Autor: dr Dragana Male\u0161evi\u0107<br \/>\nIzdava\u010d: PROVENS<br \/>\nPovez i format: meki povez, 170&#215;240<br \/>\nBroj strana: 238 strana<br \/>\nGodina izdanja: 2020.<br \/>\nISBN: 978-86-81816-00-4<\/p>\n<p><strong><a href=\"https:\/\/provens.edu.rs\/wp-content\/uploads\/2020\/07\/Izvod.pdf\" target=\"_blank\" rel=\"noopener noreferrer\">Pogled u knjigu<\/a><\/strong><\/p>\n","protected":false},"featured_media":1193,"comment_status":"closed","ping_status":"closed","template":"","meta":{"site-sidebar-layout":"default","site-content-layout":"default","ast-site-content-layout":"","site-content-style":"default","site-sidebar-style":"default","ast-global-header-display":"","ast-banner-title-visibility":"","ast-main-header-display":"","ast-hfb-above-header-display":"","ast-hfb-below-header-display":"","ast-hfb-mobile-header-display":"","site-post-title":"","ast-breadcrumbs-content":"","ast-featured-img":"","footer-sml-layout":"","theme-transparent-header-meta":"default","adv-header-id-meta":"","stick-header-meta":"","header-above-stick-meta":"","header-main-stick-meta":"","header-below-stick-meta":"","astra-migrate-meta-layouts":"default","ast-page-background-enabled":"default","ast-page-background-meta":{"desktop":{"background-color":"","background-image":"","background-repeat":"repeat","background-position":"center center","background-size":"auto","background-attachment":"scroll","background-type":"","background-media":"","overlay-type":"","overlay-color":"","overlay-opacity":"","overlay-gradient":""},"tablet":{"background-color":"","background-image":"","background-repeat":"repeat","background-position":"center center","background-size":"auto","background-attachment":"scroll","background-type":"","background-media":"","overlay-type":"","overlay-color":"","overlay-opacity":"","overlay-gradient":""},"mobile":{"background-color":"","background-image":"","background-repeat":"repeat","background-position":"center center","background-size":"auto","background-attachment":"scroll","background-type":"","background-media":"","overlay-type":"","overlay-color":"","overlay-opacity":"","overlay-gradient":""}},"ast-content-background-meta":{"desktop":{"background-color":"var(--ast-global-color-5)","background-image":"","background-repeat":"repeat","background-position":"center center","background-size":"auto","background-attachment":"scroll","background-type":"","background-media":"","overlay-type":"","overlay-color":"","overlay-opacity":"","overlay-gradient":""},"tablet":{"background-color":"var(--ast-global-color-5)","background-image":"","background-repeat":"repeat","background-position":"center center","background-size":"auto","background-attachment":"scroll","background-type":"","background-media":"","overlay-type":"","overlay-color":"","overlay-opacity":"","overlay-gradient":""},"mobile":{"background-color":"var(--ast-global-color-5)","background-image":"","background-repeat":"repeat","background-position":"center center","background-size":"auto","background-attachment":"scroll","background-type":"","background-media":"","overlay-type":"","overlay-color":"","overlay-opacity":"","overlay-gradient":""}}},"product_brand":[],"product_cat":[20],"product_tag":[],"class_list":{"0":"post-1202","1":"product","2":"type-product","3":"status-publish","4":"has-post-thumbnail","6":"product_cat-knjige","7":"product_shipping_class-troskovi-isporuke","8":"desktop-align-center","9":"tablet-align-left","10":"mobile-align-left","11":"ast-product-gallery-layout-horizontal","12":"ast-product-gallery-with-no-image","13":"ast-product-tabs-layout-horizontal","14":"ast-qv-on-image-click","16":"first","17":"instock","18":"sale","19":"purchasable","20":"product-type-simple"},"yoast_head":"<!-- This site is optimized with the Yoast SEO Premium plugin v24.0 (Yoast SEO v24.5) - https:\/\/yoast.com\/wordpress\/plugins\/seo\/ -->\n<title>Profesionalne ve\u0161tine\u200b - Provens<\/title>\n<meta name=\"robots\" content=\"index, follow, max-snippet:-1, max-image-preview:large, max-video-preview:-1\" \/>\n<link rel=\"canonical\" href=\"https:\/\/provens.edu.rs\/sr_rs\/product\/profesionalne-vestine\u200b\/\" \/>\n<meta property=\"og:locale\" content=\"sr_RS\" \/>\n<meta property=\"og:type\" content=\"article\" \/>\n<meta property=\"og:title\" content=\"Profesionalne ve\u0161tine\u200b\" \/>\n<meta property=\"og:description\" content=\"Autor: dr Dragana Male\u0161evi\u0107 Izdava\u010d: PROVENS Povez i format: meki povez, 170x240 Broj strana: 238 strana Godina izdanja: 2020. ISBN: 978-86-81816-00-4  Pogled u knjigu\" \/>\n<meta property=\"og:url\" content=\"https:\/\/provens.edu.rs\/sr_rs\/product\/profesionalne-vestine\u200b\/\" \/>\n<meta property=\"og:site_name\" content=\"Provens\" \/>\n<meta property=\"article:modified_time\" content=\"2024-03-30T09:34:29+00:00\" \/>\n<meta property=\"og:image\" content=\"https:\/\/provens.edu.rs\/wp-content\/uploads\/2020\/07\/Prikaz-knjige.png\" \/>\n\t<meta property=\"og:image:width\" content=\"1200\" \/>\n\t<meta property=\"og:image:height\" content=\"1074\" \/>\n\t<meta property=\"og:image:type\" content=\"image\/png\" \/>\n<meta name=\"twitter:card\" content=\"summary_large_image\" \/>\n<meta name=\"twitter:label1\" content=\"Cena\" \/>\n\t<meta name=\"twitter:data1\" content=\"1,990.00&#1088;&#1089;&#1076;\" \/>\n\t<meta name=\"twitter:label2\" content=\"Dostupnost\" \/>\n\t<meta name=\"twitter:data2\" content=\"Na stanju\" \/>\n<script type=\"application\/ld+json\" class=\"yoast-schema-graph\">{\"@context\":\"https:\/\/schema.org\",\"@graph\":[{\"@type\":\"WebPage\",\"@id\":\"https:\/\/provens.edu.rs\/product\/profesionalne-vestine%e2%80%8b\/\",\"url\":\"https:\/\/provens.edu.rs\/product\/profesionalne-vestine%e2%80%8b\/\",\"name\":\"Profesionalne ve\u0161tine\u200b - Provens\",\"isPartOf\":{\"@id\":\"https:\/\/provens.edu.rs\/sr_rs\/#website\"},\"primaryImageOfPage\":{\"@id\":\"https:\/\/provens.edu.rs\/product\/profesionalne-vestine%e2%80%8b\/#primaryimage\"},\"image\":{\"@id\":\"https:\/\/provens.edu.rs\/product\/profesionalne-vestine%e2%80%8b\/#primaryimage\"},\"thumbnailUrl\":\"https:\/\/provens.edu.rs\/wp-content\/uploads\/2020\/07\/Prikaz-knjige.png\",\"datePublished\":\"2020-07-07T19:33:27+00:00\",\"dateModified\":\"2024-03-30T09:34:29+00:00\",\"breadcrumb\":{\"@id\":\"https:\/\/provens.edu.rs\/product\/profesionalne-vestine%e2%80%8b\/#breadcrumb\"},\"inLanguage\":\"sr-RS\",\"potentialAction\":[{\"@type\":\"ReadAction\",\"target\":[\"https:\/\/provens.edu.rs\/product\/profesionalne-vestine%e2%80%8b\/\"]}]},{\"@type\":\"ImageObject\",\"inLanguage\":\"sr-RS\",\"@id\":\"https:\/\/provens.edu.rs\/product\/profesionalne-vestine%e2%80%8b\/#primaryimage\",\"url\":\"https:\/\/provens.edu.rs\/wp-content\/uploads\/2020\/07\/Prikaz-knjige.png\",\"contentUrl\":\"https:\/\/provens.edu.rs\/wp-content\/uploads\/2020\/07\/Prikaz-knjige.png\",\"width\":1200,\"height\":1074},{\"@type\":\"BreadcrumbList\",\"@id\":\"https:\/\/provens.edu.rs\/product\/profesionalne-vestine%e2%80%8b\/#breadcrumb\",\"itemListElement\":[{\"@type\":\"ListItem\",\"position\":1,\"name\":\"Po\u010detna\",\"item\":\"https:\/\/provens.edu.rs\/sr_rs\/\"},{\"@type\":\"ListItem\",\"position\":2,\"name\":\"Knji\u017eara &#8211; Provens\",\"item\":\"https:\/\/provens.edu.rs\/shop\/\"},{\"@type\":\"ListItem\",\"position\":3,\"name\":\"Profesionalne ve\u0161tine\u200b\"}]},{\"@type\":\"WebSite\",\"@id\":\"https:\/\/provens.edu.rs\/sr_rs\/#website\",\"url\":\"https:\/\/provens.edu.rs\/sr_rs\/\",\"name\":\"Provens - Biti najbolja verzija sebe\",\"description\":\"Udru\u017eenje za razvoj profesionalnih ve\u0161tina\",\"publisher\":{\"@id\":\"https:\/\/provens.edu.rs\/sr_rs\/#organization\"},\"potentialAction\":[{\"@type\":\"SearchAction\",\"target\":{\"@type\":\"EntryPoint\",\"urlTemplate\":\"https:\/\/provens.edu.rs\/sr_rs\/?s={search_term_string}\"},\"query-input\":{\"@type\":\"PropertyValueSpecification\",\"valueRequired\":true,\"valueName\":\"search_term_string\"}}],\"inLanguage\":\"sr-RS\"},{\"@type\":\"Organization\",\"@id\":\"https:\/\/provens.edu.rs\/sr_rs\/#organization\",\"name\":\"Provens\",\"url\":\"https:\/\/provens.edu.rs\/sr_rs\/\",\"logo\":{\"@type\":\"ImageObject\",\"inLanguage\":\"sr-RS\",\"@id\":\"https:\/\/provens.edu.rs\/sr_rs\/#\/schema\/logo\/image\/\",\"url\":\"https:\/\/provens.edu.rs\/wp-content\/uploads\/2020\/07\/provens.jpg\",\"contentUrl\":\"https:\/\/provens.edu.rs\/wp-content\/uploads\/2020\/07\/provens.jpg\",\"width\":1986,\"height\":562,\"caption\":\"Provens\"},\"image\":{\"@id\":\"https:\/\/provens.edu.rs\/sr_rs\/#\/schema\/logo\/image\/\"}}]}<\/script>\n<meta property=\"product:price:amount\" content=\"1990.00\" \/>\n<meta property=\"product:price:currency\" content=\"RSD\" \/>\n<meta property=\"og:availability\" content=\"instock\" \/>\n<meta property=\"product:availability\" content=\"instock\" \/>\n<meta property=\"product:condition\" content=\"new\" \/>\n<!-- \/ Yoast SEO Premium plugin. -->","yoast_head_json":{"title":"Profesionalne ve\u0161tine\u200b - Provens","robots":{"index":"index","follow":"follow","max-snippet":"max-snippet:-1","max-image-preview":"max-image-preview:large","max-video-preview":"max-video-preview:-1"},"canonical":"https:\/\/provens.edu.rs\/sr_rs\/product\/profesionalne-vestine\u200b\/","og_locale":"sr_RS","og_type":"article","og_title":"Profesionalne ve\u0161tine\u200b","og_description":"Autor: dr Dragana Male\u0161evi\u0107 Izdava\u010d: PROVENS Povez i format: meki povez, 170x240 Broj strana: 238 strana Godina izdanja: 2020. ISBN: 978-86-81816-00-4  Pogled u knjigu","og_url":"https:\/\/provens.edu.rs\/sr_rs\/product\/profesionalne-vestine\u200b\/","og_site_name":"Provens","article_modified_time":"2024-03-30T09:34:29+00:00","og_image":[{"width":1200,"height":1074,"url":"https:\/\/provens.edu.rs\/wp-content\/uploads\/2020\/07\/Prikaz-knjige.png","type":"image\/png"}],"twitter_card":"summary_large_image","twitter_misc":{"Cena":"1,990.00&#1088;&#1089;&#1076;","Dostupnost":"Na stanju"},"schema":{"@context":"https:\/\/schema.org","@graph":[{"@type":"WebPage","@id":"https:\/\/provens.edu.rs\/product\/profesionalne-vestine%e2%80%8b\/","url":"https:\/\/provens.edu.rs\/product\/profesionalne-vestine%e2%80%8b\/","name":"Profesionalne ve\u0161tine\u200b - Provens","isPartOf":{"@id":"https:\/\/provens.edu.rs\/sr_rs\/#website"},"primaryImageOfPage":{"@id":"https:\/\/provens.edu.rs\/product\/profesionalne-vestine%e2%80%8b\/#primaryimage"},"image":{"@id":"https:\/\/provens.edu.rs\/product\/profesionalne-vestine%e2%80%8b\/#primaryimage"},"thumbnailUrl":"https:\/\/provens.edu.rs\/wp-content\/uploads\/2020\/07\/Prikaz-knjige.png","datePublished":"2020-07-07T19:33:27+00:00","dateModified":"2024-03-30T09:34:29+00:00","breadcrumb":{"@id":"https:\/\/provens.edu.rs\/product\/profesionalne-vestine%e2%80%8b\/#breadcrumb"},"inLanguage":"sr-RS","potentialAction":[{"@type":"ReadAction","target":["https:\/\/provens.edu.rs\/product\/profesionalne-vestine%e2%80%8b\/"]}]},{"@type":"ImageObject","inLanguage":"sr-RS","@id":"https:\/\/provens.edu.rs\/product\/profesionalne-vestine%e2%80%8b\/#primaryimage","url":"https:\/\/provens.edu.rs\/wp-content\/uploads\/2020\/07\/Prikaz-knjige.png","contentUrl":"https:\/\/provens.edu.rs\/wp-content\/uploads\/2020\/07\/Prikaz-knjige.png","width":1200,"height":1074},{"@type":"BreadcrumbList","@id":"https:\/\/provens.edu.rs\/product\/profesionalne-vestine%e2%80%8b\/#breadcrumb","itemListElement":[{"@type":"ListItem","position":1,"name":"Po\u010detna","item":"https:\/\/provens.edu.rs\/sr_rs\/"},{"@type":"ListItem","position":2,"name":"Knji\u017eara &#8211; Provens","item":"https:\/\/provens.edu.rs\/shop\/"},{"@type":"ListItem","position":3,"name":"Profesionalne ve\u0161tine\u200b"}]},{"@type":"WebSite","@id":"https:\/\/provens.edu.rs\/sr_rs\/#website","url":"https:\/\/provens.edu.rs\/sr_rs\/","name":"Provens - Biti najbolja verzija sebe","description":"Udru\u017eenje za razvoj profesionalnih ve\u0161tina","publisher":{"@id":"https:\/\/provens.edu.rs\/sr_rs\/#organization"},"potentialAction":[{"@type":"SearchAction","target":{"@type":"EntryPoint","urlTemplate":"https:\/\/provens.edu.rs\/sr_rs\/?s={search_term_string}"},"query-input":{"@type":"PropertyValueSpecification","valueRequired":true,"valueName":"search_term_string"}}],"inLanguage":"sr-RS"},{"@type":"Organization","@id":"https:\/\/provens.edu.rs\/sr_rs\/#organization","name":"Provens","url":"https:\/\/provens.edu.rs\/sr_rs\/","logo":{"@type":"ImageObject","inLanguage":"sr-RS","@id":"https:\/\/provens.edu.rs\/sr_rs\/#\/schema\/logo\/image\/","url":"https:\/\/provens.edu.rs\/wp-content\/uploads\/2020\/07\/provens.jpg","contentUrl":"https:\/\/provens.edu.rs\/wp-content\/uploads\/2020\/07\/provens.jpg","width":1986,"height":562,"caption":"Provens"},"image":{"@id":"https:\/\/provens.edu.rs\/sr_rs\/#\/schema\/logo\/image\/"}}]},"product_price_amount":"1990.00","product_price_currency":"RSD","og_availability":"instock","product_availability":"instock","product_condition":"new"},"_links":{"self":[{"href":"https:\/\/provens.edu.rs\/sr_rs\/wp-json\/wp\/v2\/product\/1202","targetHints":{"allow":["GET"]}}],"collection":[{"href":"https:\/\/provens.edu.rs\/sr_rs\/wp-json\/wp\/v2\/product"}],"about":[{"href":"https:\/\/provens.edu.rs\/sr_rs\/wp-json\/wp\/v2\/types\/product"}],"replies":[{"embeddable":true,"href":"https:\/\/provens.edu.rs\/sr_rs\/wp-json\/wp\/v2\/comments?post=1202"}],"wp:featuredmedia":[{"embeddable":true,"href":"https:\/\/provens.edu.rs\/sr_rs\/wp-json\/wp\/v2\/media\/1193"}],"wp:attachment":[{"href":"https:\/\/provens.edu.rs\/sr_rs\/wp-json\/wp\/v2\/media?parent=1202"}],"wp:term":[{"taxonomy":"product_brand","embeddable":true,"href":"https:\/\/provens.edu.rs\/sr_rs\/wp-json\/wp\/v2\/product_brand?post=1202"},{"taxonomy":"product_cat","embeddable":true,"href":"https:\/\/provens.edu.rs\/sr_rs\/wp-json\/wp\/v2\/product_cat?post=1202"},{"taxonomy":"product_tag","embeddable":true,"href":"https:\/\/provens.edu.rs\/sr_rs\/wp-json\/wp\/v2\/product_tag?post=1202"}],"curies":[{"name":"wp","href":"https:\/\/api.w.org\/{rel}","templated":true}]}}