{"id":3,"date":"2020-07-06T19:01:08","date_gmt":"2020-07-06T19:01:08","guid":{"rendered":"http:\/\/provens.edu.rs\/?page_id=3"},"modified":"2024-10-07T15:47:15","modified_gmt":"2024-10-07T15:47:15","slug":"politika-privatnosti","status":"publish","type":"page","link":"https:\/\/provens.edu.rs\/sr_rs\/politika-privatnosti\/","title":{"rendered":"Politika privatnosti"},"content":{"rendered":"<p><strong>POLITIKA PRIVATNOSTI I ZA\u0160TITE KORISNI\u010cKIH PODATAKA<\/strong><\/p>\r\n<p><strong>\u201cPROVENS\u201d<\/strong><\/p>\r\n<p>Ovom politikom privatnosti ure\u0111uju se na\u010din na koji PROVENS prikuplja, koristi, odr\u017eava i objavljuje informacije prikupljene od posetilaca preko\u00a0sajta <a href=\"http:\/\/www.provens.edu.rs\u00a0\">www.provens.edu.rs\u00a0<\/a>(u daljem tekstu \u201cSajt\u201d).<\/p>\r\n<p>Ova politika privatnosti se odnosi na Sajt i sve proizvode i usluge koje nudi PROVENS i u skladu je sa Zakonom o za\u0161titi podataka o li\u010dnosti (\u201eSl. glasnik RS\u201c broj 87\/2018) kao i sa Op\u0161tom regulativom o za\u0161titi podataka o li\u010dnosti General Data Protection Regulation (u daljem tekstu GDPR).<\/p>\r\n<p><strong>LI\u010cNI PODACI KORISNIKA<\/strong><\/p>\r\n<p>Kori\u0161\u0107enjem sajta <a href=\"http:\/\/www.provens.edu.rs\">www.provens.edu.rs<\/a> od li\u010dnih podataka korisnika prikupljaju se samo oni podaci koje sam korisnik unosi i neophodni su za slanje poru\u010denih knjiga, a to su ime i prezime poru\u010dioca, adresa (ulica i broj, po\u0161tanski broj i masto) i mobilni telefon i koriste se isklju\u010divo vezano za poru\u010deni proizvod. Navedeni podaci se strogo \u010duvaju i dostupni su samo zaposlenima u PROVENS-u.<\/p>\r\n<p>PROVENS se zakonski obavezuje da sa prikupljenim li\u010dnim podacima Korisnika postupa u skladu sa uslovima navednim Zakonu o za\u0161titi podataka li\u010dnosti i u skladu sa GDPR.<\/p>\r\n<p>Regulativom i navedene podatke ne mo\u017ee ni na jedan na\u010din (u potpunosti ili delimi\u010dno) deliti, prosle\u0111ivati ili trgovati sa njima. Kompletni podaci korisnika se \u010duvaju na serverima za\u0161ti\u0107enim od neovla\u0161\u0107enih pristupa, a e-mail adrese \u010duvamo i u okviru MailChimp sistema koji je svoje poslovanje prilagodio GDPR regulativi.<\/p>\r\n<p><strong>OSTALI PODACI<\/strong><\/p>\r\n<p>PROVENS ima pravo prikupljanja identifikacionih podataka o Korisniku koji nisu li\u010dne prirode u svakom trenutku njegove interakcije sa Sajtom. Ne-li\u010dni identifikacioni podaci mogu uklju\u010diti ime pretra\u017eiva\u010da, tip ra\u010dunara i tehni\u010dke informacije o Korisnicima sredstava za priklju\u010denje na na\u0161em Sajtu, kao \u0161to je operativni sistem, Internet provajder koji koriste i druge sli\u010dne informacije.<\/p>\r\n<p><strong>PROSLE\u0110IVANJE PODATAKA I OBAVE\u0160TENJE O KOLA\u010cI\u0106IMA (eng. \u201cCookies\u201d)<\/strong><\/p>\r\n<p>Sajt iz razloga analize svoje pose\u0107enosti koristi Google Analytics, web analiti\u010dku uslugu koju pru\u017ea Google, Inc. (Google). Google Analytics koristi\u00a0kola\u010di\u0107e (eng. \u201ccookies\u201d) &#8211; male tekstualne fajlove koji se sme\u0161taju na ra\u010dunar korisnika, koji nam omogu\u0107avaju lak\u0161u analizu na\u010dina na koji mu korisnici pristupaju. Informacije koje se na ovaj na\u010din prikupljaju o Va\u0161em kori\u0161\u0107enju Sajta (uklju\u010duju\u0107i Va\u0161u IP adresu, ali\u00a0<strong>bez Va\u0161ih li\u010dnih podataka<\/strong>) bi\u0107e preneti i sa\u010duvani kod Google-a, na serverima koji se nalaze na teritoriji SAD. Google \u0107e iskoristiti ove informacije u svrhu analize upotrebe \u010ditavog sajta, kreiranja izve\u0161taja o aktivnosti na sajtu.<\/p>\r\n<p>Google \u0107e mo\u017eda proslediti ove informacije tre\u0107im licima u situacijama u kojima to zakon nala\u017ee, ili kada pomenuta tre\u0107a lica obra\u0111uju gorepomenute podatke u ime Google-a. Google\u00a0<strong>ne\u0107e povezati Va\u0161u IP adresu sa bilo kojim drugim podacima koje poseduje i nikada ne\u0107e dobiti Va\u0161e li\u010dne podatke<\/strong>. Mo\u017eete isklju\u010diti upotrebu kola\u010di\u0107a odabirom odgovaraju\u0107ih pode\u0161avanja u Va\u0161em web pretra\u017eiva\u010du, ali treba napomenuti da na taj na\u010din ne\u0107ete biti u mogu\u0107nosti da koristite Sajt u punoj njegovoj funkcionalnosti. Kori\u0161\u0107enjem Sajta pristajete na obradu svojih podataka preko Google-a, a na opisani na\u010din i u gore pomenute svrhe.<\/p>\r\n<p><strong>SVRHA PRIKUPLJANJA PODATAKA i PRAVA KORISNIKA<\/strong><\/p>\r\n<p>Podaci prikupljeni od korisnika nastali kori\u0161\u0107enjem Sajta koriste se u cilju pobolj\u0161anja na\u0161ih usluga i razumevanja na\u010dina na koji posetioci koriste sajt. Korisnicima koji prilikom registracije naloga omogu\u0107e opciju primanja periodi\u010dnih e-mail (newsletter) obave\u0161tenja bi\u0107e omogu\u0107eno da se prilikom prijema svake e-mail poruke odjave sa e-mailing liste. Tako\u0111e, u skladu sa GDPR Regulativom, korisnik u bilo kom momentu mo\u017ee da zatra\u017ei ispis podataka koji su i njemu sa\u010duvani u na\u0161oj bazi podataka kao i da tra\u017ei da se navedeni podaci o njemu izbri\u0161u u smislu trajnog brisanja iz baze podatka.<\/p>\r\n<p><strong>PROMENE U POLITICI PRIVATNOSTI I PRIHVATANJE USLOVA<\/strong><\/p>\r\n<p>PROVENS u skladu sa Zakonom o za\u0161titi podataka li\u010dnosti i GDPR Regulativom ima diskreciono pravo da a\u017eurira ovu politiku privatnosti u bilo koje vreme. Kada to u\u010dinimo, mi \u0107emo revidirati a\u017eurirani datum na dnu ove stranice i u slu\u010daju bitnijih izmena obavezujemo se da obavestimo sve registrovane korisnike Sajta. Preporu\u010dujemo Korisnicima da s vremena na vreme provere ovu stranicu za bilo kakve promene i da ostanu informisani o tome na koji na\u010din \u0161titimo li\u010dne podatke koje prikupimo. Saglasni ste i prihvatate da je Va\u0161a odgovornost da pro\u010ditate i razumete ovu politiku privatnosti.<\/p>\r\n<p>Ukoliko imate pitanja vezano za Politiku privatnosti ili neki njen deo slobodno nas kontaktirajte putem e-maila\u00a0<u>dragana.malesevic@provens.edu.rs<\/u>\u00a0 ili pozivom na brojeve telefona koji su navedeni na na\u0161oj &#8222;Kontakt stranici&#8220;<\/p>\r\n<p>A\u017eurirano: 22.10.2023. godine<\/p>\r\n<p>&nbsp;<\/p>","protected":false},"excerpt":{"rendered":"<p>POLITIKA PRIVATNOSTI I ZA\u0160TITE KORISNI\u010cKIH PODATAKA \u201cPROVENS\u201d Ovom politikom privatnosti ure\u0111uju se na\u010din na koji PROVENS prikuplja, koristi, odr\u017eava i objavljuje informacije prikupljene od posetilaca preko\u00a0sajta www.provens.edu.rs\u00a0(u daljem tekstu \u201cSajt\u201d). Ova politika privatnosti se odnosi na Sajt i sve proizvode i usluge koje nudi PROVENS i u skladu je sa Zakonom o za\u0161titi podataka o [&hellip;]<\/p>\n","protected":false},"author":2,"featured_media":2585,"parent":0,"menu_order":0,"comment_status":"closed","ping_status":"closed","template":"","meta":{"site-sidebar-layout":"default","site-content-layout":"","ast-site-content-layout":"default","site-content-style":"default","site-sidebar-style":"default","ast-global-header-display":"","ast-banner-title-visibility":"","ast-main-header-display":"","ast-hfb-above-header-display":"","ast-hfb-below-header-display":"","ast-hfb-mobile-header-display":"","site-post-title":"disabled","ast-breadcrumbs-content":"","ast-featured-img":"","footer-sml-layout":"","theme-transparent-header-meta":"default","adv-header-id-meta":"","stick-header-meta":"default","header-above-stick-meta":"","header-main-stick-meta":"","header-below-stick-meta":"","astra-migrate-meta-layouts":"set","ast-page-background-enabled":"default","ast-page-background-meta":{"desktop":{"background-color":"","background-image":"","background-repeat":"repeat","background-position":"center center","background-size":"auto","background-attachment":"scroll","background-type":"","background-media":"","overlay-type":"","overlay-color":"","overlay-opacity":"","overlay-gradient":""},"tablet":{"background-color":"","background-image":"","background-repeat":"repeat","background-position":"center center","background-size":"auto","background-attachment":"scroll","background-type":"","background-media":"","overlay-type":"","overlay-color":"","overlay-opacity":"","overlay-gradient":""},"mobile":{"background-color":"","background-image":"","background-repeat":"repeat","background-position":"center center","background-size":"auto","background-attachment":"scroll","background-type":"","background-media":"","overlay-type":"","overlay-color":"","overlay-opacity":"","overlay-gradient":""}},"ast-content-background-meta":{"desktop":{"background-color":"var(--ast-global-color-5)","background-image":"","background-repeat":"repeat","background-position":"center center","background-size":"auto","background-attachment":"scroll","background-type":"","background-media":"","overlay-type":"","overlay-color":"","overlay-opacity":"","overlay-gradient":""},"tablet":{"background-color":"var(--ast-global-color-5)","background-image":"","background-repeat":"repeat","background-position":"center center","background-size":"auto","background-attachment":"scroll","background-type":"","background-media":"","overlay-type":"","overlay-color":"","overlay-opacity":"","overlay-gradient":""},"mobile":{"background-color":"var(--ast-global-color-5)","background-image":"","background-repeat":"repeat","background-position":"center center","background-size":"auto","background-attachment":"scroll","background-type":"","background-media":"","overlay-type":"","overlay-color":"","overlay-opacity":"","overlay-gradient":""}},"footnotes":""},"class_list":["post-3","page","type-page","status-publish","has-post-thumbnail","hentry"],"yoast_head":"<!-- This site is optimized with the Yoast SEO Premium plugin v24.0 (Yoast SEO v24.5) - https:\/\/yoast.com\/wordpress\/plugins\/seo\/ -->\n<title>Politika privatnosti - Provens<\/title>\n<meta name=\"robots\" content=\"index, follow, max-snippet:-1, max-image-preview:large, max-video-preview:-1\" \/>\n<link rel=\"canonical\" href=\"https:\/\/provens.edu.rs\/sr_rs\/politika-privatnosti\/\" \/>\n<meta property=\"og:locale\" content=\"sr_RS\" \/>\n<meta property=\"og:type\" content=\"article\" \/>\n<meta property=\"og:title\" content=\"Politika privatnosti\" \/>\n<meta property=\"og:description\" content=\"POLITIKA PRIVATNOSTI I ZA\u0160TITE KORISNI\u010cKIH PODATAKA \u201cPROVENS\u201d Ovom politikom privatnosti ure\u0111uju se na\u010din na koji PROVENS prikuplja, koristi, odr\u017eava i\" \/>\n<meta property=\"og:url\" content=\"https:\/\/provens.edu.rs\/sr_rs\/politika-privatnosti\/\" \/>\n<meta property=\"og:site_name\" content=\"Provens\" \/>\n<meta property=\"article:modified_time\" content=\"2024-10-07T15:47:15+00:00\" \/>\n<meta property=\"og:image\" content=\"https:\/\/provens.edu.rs\/wp-content\/uploads\/2024\/10\/politika-privatnosti-fi.jpg\" \/>\n\t<meta property=\"og:image:width\" content=\"1200\" \/>\n\t<meta property=\"og:image:height\" content=\"600\" \/>\n\t<meta property=\"og:image:type\" content=\"image\/jpeg\" \/>\n<meta name=\"twitter:card\" content=\"summary_large_image\" \/>\n<meta name=\"twitter:label1\" content=\"Procenjeno vreme \u010ditanja\" \/>\n\t<meta name=\"twitter:data1\" content=\"4 minuta\" \/>\n<script type=\"application\/ld+json\" class=\"yoast-schema-graph\">{\"@context\":\"https:\/\/schema.org\",\"@graph\":[{\"@type\":\"WebPage\",\"@id\":\"https:\/\/provens.edu.rs\/politika-privatnosti\/\",\"url\":\"https:\/\/provens.edu.rs\/politika-privatnosti\/\",\"name\":\"Politika privatnosti - Provens\",\"isPartOf\":{\"@id\":\"https:\/\/provens.edu.rs\/sr_rs\/#website\"},\"primaryImageOfPage\":{\"@id\":\"https:\/\/provens.edu.rs\/politika-privatnosti\/#primaryimage\"},\"image\":{\"@id\":\"https:\/\/provens.edu.rs\/politika-privatnosti\/#primaryimage\"},\"thumbnailUrl\":\"https:\/\/provens.edu.rs\/wp-content\/uploads\/2024\/10\/politika-privatnosti-fi.jpg\",\"datePublished\":\"2020-07-06T19:01:08+00:00\",\"dateModified\":\"2024-10-07T15:47:15+00:00\",\"breadcrumb\":{\"@id\":\"https:\/\/provens.edu.rs\/politika-privatnosti\/#breadcrumb\"},\"inLanguage\":\"sr-RS\",\"potentialAction\":[{\"@type\":\"ReadAction\",\"target\":[\"https:\/\/provens.edu.rs\/politika-privatnosti\/\"]}]},{\"@type\":\"ImageObject\",\"inLanguage\":\"sr-RS\",\"@id\":\"https:\/\/provens.edu.rs\/politika-privatnosti\/#primaryimage\",\"url\":\"https:\/\/provens.edu.rs\/wp-content\/uploads\/2024\/10\/politika-privatnosti-fi.jpg\",\"contentUrl\":\"https:\/\/provens.edu.rs\/wp-content\/uploads\/2024\/10\/politika-privatnosti-fi.jpg\",\"width\":1200,\"height\":600,\"caption\":\"Politika privatnosti\"},{\"@type\":\"BreadcrumbList\",\"@id\":\"https:\/\/provens.edu.rs\/politika-privatnosti\/#breadcrumb\",\"itemListElement\":[{\"@type\":\"ListItem\",\"position\":1,\"name\":\"Po\u010detna\",\"item\":\"https:\/\/provens.edu.rs\/sr_rs\/\"},{\"@type\":\"ListItem\",\"position\":2,\"name\":\"Politika privatnosti\"}]},{\"@type\":\"WebSite\",\"@id\":\"https:\/\/provens.edu.rs\/sr_rs\/#website\",\"url\":\"https:\/\/provens.edu.rs\/sr_rs\/\",\"name\":\"Provens - Biti najbolja verzija sebe\",\"description\":\"Udru\u017eenje za razvoj profesionalnih ve\u0161tina\",\"publisher\":{\"@id\":\"https:\/\/provens.edu.rs\/sr_rs\/#organization\"},\"potentialAction\":[{\"@type\":\"SearchAction\",\"target\":{\"@type\":\"EntryPoint\",\"urlTemplate\":\"https:\/\/provens.edu.rs\/sr_rs\/?s={search_term_string}\"},\"query-input\":{\"@type\":\"PropertyValueSpecification\",\"valueRequired\":true,\"valueName\":\"search_term_string\"}}],\"inLanguage\":\"sr-RS\"},{\"@type\":\"Organization\",\"@id\":\"https:\/\/provens.edu.rs\/sr_rs\/#organization\",\"name\":\"Provens\",\"url\":\"https:\/\/provens.edu.rs\/sr_rs\/\",\"logo\":{\"@type\":\"ImageObject\",\"inLanguage\":\"sr-RS\",\"@id\":\"https:\/\/provens.edu.rs\/sr_rs\/#\/schema\/logo\/image\/\",\"url\":\"https:\/\/provens.edu.rs\/wp-content\/uploads\/2020\/07\/provens.jpg\",\"contentUrl\":\"https:\/\/provens.edu.rs\/wp-content\/uploads\/2020\/07\/provens.jpg\",\"width\":1986,\"height\":562,\"caption\":\"Provens\"},\"image\":{\"@id\":\"https:\/\/provens.edu.rs\/sr_rs\/#\/schema\/logo\/image\/\"}}]}<\/script>\n<!-- \/ Yoast SEO Premium plugin. -->","yoast_head_json":{"title":"Politika privatnosti - Provens","robots":{"index":"index","follow":"follow","max-snippet":"max-snippet:-1","max-image-preview":"max-image-preview:large","max-video-preview":"max-video-preview:-1"},"canonical":"https:\/\/provens.edu.rs\/sr_rs\/politika-privatnosti\/","og_locale":"sr_RS","og_type":"article","og_title":"Politika privatnosti","og_description":"POLITIKA PRIVATNOSTI I ZA\u0160TITE KORISNI\u010cKIH PODATAKA \u201cPROVENS\u201d Ovom politikom privatnosti ure\u0111uju se na\u010din na koji PROVENS prikuplja, koristi, odr\u017eava i","og_url":"https:\/\/provens.edu.rs\/sr_rs\/politika-privatnosti\/","og_site_name":"Provens","article_modified_time":"2024-10-07T15:47:15+00:00","og_image":[{"width":1200,"height":600,"url":"https:\/\/provens.edu.rs\/wp-content\/uploads\/2024\/10\/politika-privatnosti-fi.jpg","type":"image\/jpeg"}],"twitter_card":"summary_large_image","twitter_misc":{"Procenjeno vreme \u010ditanja":"4 minuta"},"schema":{"@context":"https:\/\/schema.org","@graph":[{"@type":"WebPage","@id":"https:\/\/provens.edu.rs\/politika-privatnosti\/","url":"https:\/\/provens.edu.rs\/politika-privatnosti\/","name":"Politika privatnosti - Provens","isPartOf":{"@id":"https:\/\/provens.edu.rs\/sr_rs\/#website"},"primaryImageOfPage":{"@id":"https:\/\/provens.edu.rs\/politika-privatnosti\/#primaryimage"},"image":{"@id":"https:\/\/provens.edu.rs\/politika-privatnosti\/#primaryimage"},"thumbnailUrl":"https:\/\/provens.edu.rs\/wp-content\/uploads\/2024\/10\/politika-privatnosti-fi.jpg","datePublished":"2020-07-06T19:01:08+00:00","dateModified":"2024-10-07T15:47:15+00:00","breadcrumb":{"@id":"https:\/\/provens.edu.rs\/politika-privatnosti\/#breadcrumb"},"inLanguage":"sr-RS","potentialAction":[{"@type":"ReadAction","target":["https:\/\/provens.edu.rs\/politika-privatnosti\/"]}]},{"@type":"ImageObject","inLanguage":"sr-RS","@id":"https:\/\/provens.edu.rs\/politika-privatnosti\/#primaryimage","url":"https:\/\/provens.edu.rs\/wp-content\/uploads\/2024\/10\/politika-privatnosti-fi.jpg","contentUrl":"https:\/\/provens.edu.rs\/wp-content\/uploads\/2024\/10\/politika-privatnosti-fi.jpg","width":1200,"height":600,"caption":"Politika privatnosti"},{"@type":"BreadcrumbList","@id":"https:\/\/provens.edu.rs\/politika-privatnosti\/#breadcrumb","itemListElement":[{"@type":"ListItem","position":1,"name":"Po\u010detna","item":"https:\/\/provens.edu.rs\/sr_rs\/"},{"@type":"ListItem","position":2,"name":"Politika privatnosti"}]},{"@type":"WebSite","@id":"https:\/\/provens.edu.rs\/sr_rs\/#website","url":"https:\/\/provens.edu.rs\/sr_rs\/","name":"Provens - Biti najbolja verzija sebe","description":"Udru\u017eenje za razvoj profesionalnih ve\u0161tina","publisher":{"@id":"https:\/\/provens.edu.rs\/sr_rs\/#organization"},"potentialAction":[{"@type":"SearchAction","target":{"@type":"EntryPoint","urlTemplate":"https:\/\/provens.edu.rs\/sr_rs\/?s={search_term_string}"},"query-input":{"@type":"PropertyValueSpecification","valueRequired":true,"valueName":"search_term_string"}}],"inLanguage":"sr-RS"},{"@type":"Organization","@id":"https:\/\/provens.edu.rs\/sr_rs\/#organization","name":"Provens","url":"https:\/\/provens.edu.rs\/sr_rs\/","logo":{"@type":"ImageObject","inLanguage":"sr-RS","@id":"https:\/\/provens.edu.rs\/sr_rs\/#\/schema\/logo\/image\/","url":"https:\/\/provens.edu.rs\/wp-content\/uploads\/2020\/07\/provens.jpg","contentUrl":"https:\/\/provens.edu.rs\/wp-content\/uploads\/2020\/07\/provens.jpg","width":1986,"height":562,"caption":"Provens"},"image":{"@id":"https:\/\/provens.edu.rs\/sr_rs\/#\/schema\/logo\/image\/"}}]}},"_links":{"self":[{"href":"https:\/\/provens.edu.rs\/sr_rs\/wp-json\/wp\/v2\/pages\/3","targetHints":{"allow":["GET"]}}],"collection":[{"href":"https:\/\/provens.edu.rs\/sr_rs\/wp-json\/wp\/v2\/pages"}],"about":[{"href":"https:\/\/provens.edu.rs\/sr_rs\/wp-json\/wp\/v2\/types\/page"}],"author":[{"embeddable":true,"href":"https:\/\/provens.edu.rs\/sr_rs\/wp-json\/wp\/v2\/users\/2"}],"replies":[{"embeddable":true,"href":"https:\/\/provens.edu.rs\/sr_rs\/wp-json\/wp\/v2\/comments?post=3"}],"version-history":[{"count":2,"href":"https:\/\/provens.edu.rs\/sr_rs\/wp-json\/wp\/v2\/pages\/3\/revisions"}],"predecessor-version":[{"id":2587,"href":"https:\/\/provens.edu.rs\/sr_rs\/wp-json\/wp\/v2\/pages\/3\/revisions\/2587"}],"wp:featuredmedia":[{"embeddable":true,"href":"https:\/\/provens.edu.rs\/sr_rs\/wp-json\/wp\/v2\/media\/2585"}],"wp:attachment":[{"href":"https:\/\/provens.edu.rs\/sr_rs\/wp-json\/wp\/v2\/media?parent=3"}],"curies":[{"name":"wp","href":"https:\/\/api.w.org\/{rel}","templated":true}]}}