{"id":1209,"date":"2020-07-14T20:21:51","date_gmt":"2020-07-14T20:21:51","guid":{"rendered":"http:\/\/provens.edu.rs\/?page_id=1209"},"modified":"2023-05-10T15:15:26","modified_gmt":"2023-05-10T15:15:26","slug":"samovrednovanje","status":"publish","type":"page","link":"https:\/\/provens.edu.rs\/sr_rs\/samovrednovanje\/","title":{"rendered":"Samovrednovanje"},"content":{"rendered":"\t\t<div data-elementor-type=\"wp-page\" data-elementor-id=\"1209\" class=\"elementor elementor-1209\" data-elementor-post-type=\"page\">\n\t\t\t\t\t\t<section class=\"elementor-section elementor-top-section elementor-element elementor-element-6316969e elementor-section-boxed elementor-section-height-default elementor-section-height-default\" data-id=\"6316969e\" data-element_type=\"section\" data-settings=\"{&quot;background_background&quot;:&quot;classic&quot;}\">\n\t\t\t\t\t\t\t<div class=\"elementor-background-overlay\"><\/div>\n\t\t\t\t\t\t\t<div class=\"elementor-container elementor-column-gap-no\">\n\t\t\t\t\t<div class=\"elementor-column elementor-col-100 elementor-top-column elementor-element elementor-element-6288a0\" data-id=\"6288a0\" data-element_type=\"column\">\n\t\t\t<div class=\"elementor-widget-wrap elementor-element-populated\">\n\t\t\t\t\t\t<div class=\"elementor-element elementor-element-29e79520 elementor-widget elementor-widget-heading\" data-id=\"29e79520\" data-element_type=\"widget\" data-widget_type=\"heading.default\">\n\t\t\t\t<div class=\"elementor-widget-container\">\n\t\t\t\t\t<h1 class=\"elementor-heading-title elementor-size-default\">Samovrednovanje<\/h1>\t\t\t\t<\/div>\n\t\t\t\t<\/div>\n\t\t\t\t\t<\/div>\n\t\t<\/div>\n\t\t\t\t\t<\/div>\n\t\t<\/section>\n\t\t\t\t<section class=\"elementor-section elementor-inner-section elementor-element elementor-element-21a6cc7c elementor-section-boxed elementor-section-height-default elementor-section-height-default\" data-id=\"21a6cc7c\" data-element_type=\"section\">\n\t\t\t\t\t\t<div class=\"elementor-container elementor-column-gap-no\">\n\t\t\t\t\t<div class=\"elementor-column elementor-col-33 elementor-inner-column elementor-element elementor-element-a6c952f\" data-id=\"a6c952f\" data-element_type=\"column\" data-settings=\"{&quot;background_background&quot;:&quot;classic&quot;}\">\n\t\t\t<div class=\"elementor-widget-wrap elementor-element-populated\">\n\t\t\t\t\t\t<div class=\"elementor-element elementor-element-45afd706 elementor-widget elementor-widget-image\" data-id=\"45afd706\" data-element_type=\"widget\" data-widget_type=\"image.default\">\n\t\t\t\t<div class=\"elementor-widget-container\">\n\t\t\t\t\t\t\t\t\t\t\t\t\t\t\t<img fetchpriority=\"high\" decoding=\"async\" width=\"1024\" height=\"683\" src=\"https:\/\/provens.edu.rs\/wp-content\/uploads\/2020\/07\/play-youth-holiday-child-room-garden-1388154-pxhere.com_-1024x683.jpg\" class=\"attachment-large size-large wp-image-1262\" alt=\"\" srcset=\"https:\/\/provens.edu.rs\/wp-content\/uploads\/2020\/07\/play-youth-holiday-child-room-garden-1388154-pxhere.com_-1024x683.jpg 1024w, https:\/\/provens.edu.rs\/wp-content\/uploads\/2020\/07\/play-youth-holiday-child-room-garden-1388154-pxhere.com_-300x200.jpg 300w, https:\/\/provens.edu.rs\/wp-content\/uploads\/2020\/07\/play-youth-holiday-child-room-garden-1388154-pxhere.com_-768x512.jpg 768w, https:\/\/provens.edu.rs\/wp-content\/uploads\/2020\/07\/play-youth-holiday-child-room-garden-1388154-pxhere.com_-1536x1024.jpg 1536w, https:\/\/provens.edu.rs\/wp-content\/uploads\/2020\/07\/play-youth-holiday-child-room-garden-1388154-pxhere.com_-600x400.jpg 600w, https:\/\/provens.edu.rs\/wp-content\/uploads\/2020\/07\/play-youth-holiday-child-room-garden-1388154-pxhere.com_.jpg 1800w\" sizes=\"(max-width: 1024px) 100vw, 1024px\" \/>\t\t\t\t\t\t\t\t\t\t\t\t\t\t\t<\/div>\n\t\t\t\t<\/div>\n\t\t\t\t<div class=\"elementor-element elementor-element-19a7623f elementor-widget elementor-widget-image-box\" data-id=\"19a7623f\" data-element_type=\"widget\" data-widget_type=\"image-box.default\">\n\t\t\t\t<div class=\"elementor-widget-container\">\n\t\t\t\t\t<div class=\"elementor-image-box-wrapper\"><div class=\"elementor-image-box-content\"><h4 class=\"elementor-image-box-title\"><a href=\"https:\/\/provens.edu.rs\/predskolske-ustanove\/\">Samovrednovanje u pred\u0161kolskim ustanovama<\/a><\/h4><\/div><\/div>\t\t\t\t<\/div>\n\t\t\t\t<\/div>\n\t\t\t\t\t<\/div>\n\t\t<\/div>\n\t\t\t\t<div class=\"elementor-column elementor-col-33 elementor-inner-column elementor-element elementor-element-16b9c201\" data-id=\"16b9c201\" data-element_type=\"column\" data-settings=\"{&quot;background_background&quot;:&quot;classic&quot;}\">\n\t\t\t<div class=\"elementor-widget-wrap elementor-element-populated\">\n\t\t\t\t\t\t<div class=\"elementor-element elementor-element-140e8ee8 elementor-widget elementor-widget-image\" data-id=\"140e8ee8\" data-element_type=\"widget\" data-widget_type=\"image.default\">\n\t\t\t\t<div class=\"elementor-widget-container\">\n\t\t\t\t\t\t\t\t\t\t\t\t\t\t\t<img decoding=\"async\" width=\"1024\" height=\"683\" src=\"https:\/\/provens.edu.rs\/wp-content\/uploads\/2020\/07\/osnovne-i-sredje-skole-2-1024x683.jpg\" class=\"attachment-large size-large wp-image-1291\" alt=\"\" srcset=\"https:\/\/provens.edu.rs\/wp-content\/uploads\/2020\/07\/osnovne-i-sredje-skole-2-1024x683.jpg 1024w, https:\/\/provens.edu.rs\/wp-content\/uploads\/2020\/07\/osnovne-i-sredje-skole-2-300x200.jpg 300w, https:\/\/provens.edu.rs\/wp-content\/uploads\/2020\/07\/osnovne-i-sredje-skole-2-768x512.jpg 768w, https:\/\/provens.edu.rs\/wp-content\/uploads\/2020\/07\/osnovne-i-sredje-skole-2-1536x1024.jpg 1536w, https:\/\/provens.edu.rs\/wp-content\/uploads\/2020\/07\/osnovne-i-sredje-skole-2-600x400.jpg 600w, https:\/\/provens.edu.rs\/wp-content\/uploads\/2020\/07\/osnovne-i-sredje-skole-2.jpg 1800w\" sizes=\"(max-width: 1024px) 100vw, 1024px\" \/>\t\t\t\t\t\t\t\t\t\t\t\t\t\t\t<\/div>\n\t\t\t\t<\/div>\n\t\t\t\t<div class=\"elementor-element elementor-element-7e39dd83 elementor-widget elementor-widget-image-box\" data-id=\"7e39dd83\" data-element_type=\"widget\" data-widget_type=\"image-box.default\">\n\t\t\t\t<div class=\"elementor-widget-container\">\n\t\t\t\t\t<div class=\"elementor-image-box-wrapper\"><div class=\"elementor-image-box-content\"><h4 class=\"elementor-image-box-title\"><a href=\"https:\/\/provens.edu.rs\/osnovne-i-srednje-skole\/\">Samovrednovanje u osnovnim i srednjim \u0161kolama<\/a><\/h4><\/div><\/div>\t\t\t\t<\/div>\n\t\t\t\t<\/div>\n\t\t\t\t\t<\/div>\n\t\t<\/div>\n\t\t\t\t<div class=\"elementor-column elementor-col-33 elementor-inner-column elementor-element elementor-element-13922b26\" data-id=\"13922b26\" data-element_type=\"column\" data-settings=\"{&quot;background_background&quot;:&quot;classic&quot;}\">\n\t\t\t<div class=\"elementor-widget-wrap elementor-element-populated\">\n\t\t\t\t\t\t<div class=\"elementor-element elementor-element-7805ebe2 elementor-widget elementor-widget-image\" data-id=\"7805ebe2\" data-element_type=\"widget\" data-widget_type=\"image.default\">\n\t\t\t\t<div class=\"elementor-widget-container\">\n\t\t\t\t\t\t\t\t\t\t\t\t\t\t\t<img decoding=\"async\" width=\"1024\" height=\"683\" src=\"https:\/\/provens.edu.rs\/wp-content\/uploads\/2020\/07\/visokoskolske-ustanove-1024x683.jpg\" class=\"attachment-large size-large wp-image-1297\" alt=\"\" srcset=\"https:\/\/provens.edu.rs\/wp-content\/uploads\/2020\/07\/visokoskolske-ustanove-1024x683.jpg 1024w, https:\/\/provens.edu.rs\/wp-content\/uploads\/2020\/07\/visokoskolske-ustanove-300x200.jpg 300w, https:\/\/provens.edu.rs\/wp-content\/uploads\/2020\/07\/visokoskolske-ustanove-768x512.jpg 768w, https:\/\/provens.edu.rs\/wp-content\/uploads\/2020\/07\/visokoskolske-ustanove-1536x1024.jpg 1536w, https:\/\/provens.edu.rs\/wp-content\/uploads\/2020\/07\/visokoskolske-ustanove-600x400.jpg 600w, https:\/\/provens.edu.rs\/wp-content\/uploads\/2020\/07\/visokoskolske-ustanove.jpg 1800w\" sizes=\"(max-width: 1024px) 100vw, 1024px\" \/>\t\t\t\t\t\t\t\t\t\t\t\t\t\t\t<\/div>\n\t\t\t\t<\/div>\n\t\t\t\t<div class=\"elementor-element elementor-element-31a19603 elementor-widget elementor-widget-image-box\" data-id=\"31a19603\" data-element_type=\"widget\" data-widget_type=\"image-box.default\">\n\t\t\t\t<div class=\"elementor-widget-container\">\n\t\t\t\t\t<div class=\"elementor-image-box-wrapper\"><div class=\"elementor-image-box-content\"><h4 class=\"elementor-image-box-title\"><a href=\"https:\/\/provens.edu.rs\/visokoskolske-ustanove%e2%80%8b\/\">Samovrednovanje u visoko\u0161kolskim ustanovama<\/a><\/h4><\/div><\/div>\t\t\t\t<\/div>\n\t\t\t\t<\/div>\n\t\t\t\t\t<\/div>\n\t\t<\/div>\n\t\t\t\t\t<\/div>\n\t\t<\/section>\n\t\t\t\t<\/div>\n\t\t","protected":false},"excerpt":{"rendered":"<p>Samovrednovanje Samovrednovanje u pred\u0161kolskim ustanovama Samovrednovanje u osnovnim i srednjim \u0161kolama Samovrednovanje u visoko\u0161kolskim ustanovama<\/p>\n","protected":false},"author":2,"featured_media":0,"parent":0,"menu_order":0,"comment_status":"closed","ping_status":"closed","template":"","meta":{"site-sidebar-layout":"no-sidebar","site-content-layout":"page-builder","ast-site-content-layout":"","site-content-style":"default","site-sidebar-style":"default","ast-global-header-display":"","ast-banner-title-visibility":"","ast-main-header-display":"","ast-hfb-above-header-display":"","ast-hfb-below-header-display":"","ast-hfb-mobile-header-display":"","site-post-title":"disabled","ast-breadcrumbs-content":"","ast-featured-img":"disabled","footer-sml-layout":"","theme-transparent-header-meta":"default","adv-header-id-meta":"","stick-header-meta":"","header-above-stick-meta":"","header-main-stick-meta":"","header-below-stick-meta":"","astra-migrate-meta-layouts":"default","ast-page-background-enabled":"default","ast-page-background-meta":{"desktop":{"background-color":"","background-image":"","background-repeat":"repeat","background-position":"center center","background-size":"auto","background-attachment":"scroll","background-type":"","background-media":"","overlay-type":"","overlay-color":"","overlay-opacity":"","overlay-gradient":""},"tablet":{"background-color":"","background-image":"","background-repeat":"repeat","background-position":"center center","background-size":"auto","background-attachment":"scroll","background-type":"","background-media":"","overlay-type":"","overlay-color":"","overlay-opacity":"","overlay-gradient":""},"mobile":{"background-color":"","background-image":"","background-repeat":"repeat","background-position":"center center","background-size":"auto","background-attachment":"scroll","background-type":"","background-media":"","overlay-type":"","overlay-color":"","overlay-opacity":"","overlay-gradient":""}},"ast-content-background-meta":{"desktop":{"background-color":"var(--ast-global-color-5)","background-image":"","background-repeat":"repeat","background-position":"center center","background-size":"auto","background-attachment":"scroll","background-type":"","background-media":"","overlay-type":"","overlay-color":"","overlay-opacity":"","overlay-gradient":""},"tablet":{"background-color":"var(--ast-global-color-5)","background-image":"","background-repeat":"repeat","background-position":"center center","background-size":"auto","background-attachment":"scroll","background-type":"","background-media":"","overlay-type":"","overlay-color":"","overlay-opacity":"","overlay-gradient":""},"mobile":{"background-color":"var(--ast-global-color-5)","background-image":"","background-repeat":"repeat","background-position":"center center","background-size":"auto","background-attachment":"scroll","background-type":"","background-media":"","overlay-type":"","overlay-color":"","overlay-opacity":"","overlay-gradient":""}},"footnotes":""},"class_list":["post-1209","page","type-page","status-publish","hentry"],"yoast_head":"<!-- This site is optimized with the Yoast SEO Premium plugin v24.0 (Yoast SEO v24.5) - https:\/\/yoast.com\/wordpress\/plugins\/seo\/ -->\n<title>Samovrednovanje - Provens<\/title>\n<meta name=\"robots\" content=\"index, follow, max-snippet:-1, max-image-preview:large, max-video-preview:-1\" \/>\n<link rel=\"canonical\" href=\"https:\/\/provens.edu.rs\/sr_rs\/samovrednovanje\/\" \/>\n<meta property=\"og:locale\" content=\"sr_RS\" \/>\n<meta property=\"og:type\" content=\"article\" \/>\n<meta property=\"og:title\" content=\"Samovrednovanje\" \/>\n<meta property=\"og:description\" content=\"Samovrednovanje Samovrednovanje u pred\u0161kolskim ustanovama Samovrednovanje u osnovnim i srednjim \u0161kolama Samovrednovanje u visoko\u0161kolskim\" \/>\n<meta property=\"og:url\" content=\"https:\/\/provens.edu.rs\/sr_rs\/samovrednovanje\/\" \/>\n<meta property=\"og:site_name\" content=\"Provens\" \/>\n<meta property=\"article:modified_time\" content=\"2023-05-10T15:15:26+00:00\" \/>\n<meta property=\"og:image\" content=\"http:\/\/provens.edu.rs\/wp-content\/uploads\/2020\/07\/play-youth-holiday-child-room-garden-1388154-pxhere.com_-1024x683.jpg\" \/>\n<meta name=\"twitter:card\" content=\"summary_large_image\" \/>\n<meta name=\"twitter:label1\" content=\"Procenjeno vreme \u010ditanja\" \/>\n\t<meta name=\"twitter:data1\" content=\"1 minut\" \/>\n<script type=\"application\/ld+json\" class=\"yoast-schema-graph\">{\"@context\":\"https:\/\/schema.org\",\"@graph\":[{\"@type\":\"WebPage\",\"@id\":\"https:\/\/provens.edu.rs\/samovrednovanje\/\",\"url\":\"https:\/\/provens.edu.rs\/samovrednovanje\/\",\"name\":\"Samovrednovanje - Provens\",\"isPartOf\":{\"@id\":\"https:\/\/provens.edu.rs\/sr_rs\/#website\"},\"primaryImageOfPage\":{\"@id\":\"https:\/\/provens.edu.rs\/samovrednovanje\/#primaryimage\"},\"image\":{\"@id\":\"https:\/\/provens.edu.rs\/samovrednovanje\/#primaryimage\"},\"thumbnailUrl\":\"http:\/\/provens.edu.rs\/wp-content\/uploads\/2020\/07\/play-youth-holiday-child-room-garden-1388154-pxhere.com_-1024x683.jpg\",\"datePublished\":\"2020-07-14T20:21:51+00:00\",\"dateModified\":\"2023-05-10T15:15:26+00:00\",\"breadcrumb\":{\"@id\":\"https:\/\/provens.edu.rs\/samovrednovanje\/#breadcrumb\"},\"inLanguage\":\"sr-RS\",\"potentialAction\":[{\"@type\":\"ReadAction\",\"target\":[\"https:\/\/provens.edu.rs\/samovrednovanje\/\"]}]},{\"@type\":\"ImageObject\",\"inLanguage\":\"sr-RS\",\"@id\":\"https:\/\/provens.edu.rs\/samovrednovanje\/#primaryimage\",\"url\":\"http:\/\/provens.edu.rs\/wp-content\/uploads\/2020\/07\/play-youth-holiday-child-room-garden-1388154-pxhere.com_-1024x683.jpg\",\"contentUrl\":\"http:\/\/provens.edu.rs\/wp-content\/uploads\/2020\/07\/play-youth-holiday-child-room-garden-1388154-pxhere.com_-1024x683.jpg\"},{\"@type\":\"BreadcrumbList\",\"@id\":\"https:\/\/provens.edu.rs\/samovrednovanje\/#breadcrumb\",\"itemListElement\":[{\"@type\":\"ListItem\",\"position\":1,\"name\":\"Po\u010detna\",\"item\":\"https:\/\/provens.edu.rs\/sr_rs\/\"},{\"@type\":\"ListItem\",\"position\":2,\"name\":\"Samovrednovanje\"}]},{\"@type\":\"WebSite\",\"@id\":\"https:\/\/provens.edu.rs\/sr_rs\/#website\",\"url\":\"https:\/\/provens.edu.rs\/sr_rs\/\",\"name\":\"Provens - Biti najbolja verzija sebe\",\"description\":\"Udru\u017eenje za razvoj profesionalnih ve\u0161tina\",\"publisher\":{\"@id\":\"https:\/\/provens.edu.rs\/sr_rs\/#organization\"},\"potentialAction\":[{\"@type\":\"SearchAction\",\"target\":{\"@type\":\"EntryPoint\",\"urlTemplate\":\"https:\/\/provens.edu.rs\/sr_rs\/?s={search_term_string}\"},\"query-input\":{\"@type\":\"PropertyValueSpecification\",\"valueRequired\":true,\"valueName\":\"search_term_string\"}}],\"inLanguage\":\"sr-RS\"},{\"@type\":\"Organization\",\"@id\":\"https:\/\/provens.edu.rs\/sr_rs\/#organization\",\"name\":\"Provens\",\"url\":\"https:\/\/provens.edu.rs\/sr_rs\/\",\"logo\":{\"@type\":\"ImageObject\",\"inLanguage\":\"sr-RS\",\"@id\":\"https:\/\/provens.edu.rs\/sr_rs\/#\/schema\/logo\/image\/\",\"url\":\"https:\/\/provens.edu.rs\/wp-content\/uploads\/2020\/07\/provens.jpg\",\"contentUrl\":\"https:\/\/provens.edu.rs\/wp-content\/uploads\/2020\/07\/provens.jpg\",\"width\":1986,\"height\":562,\"caption\":\"Provens\"},\"image\":{\"@id\":\"https:\/\/provens.edu.rs\/sr_rs\/#\/schema\/logo\/image\/\"}}]}<\/script>\n<!-- \/ Yoast SEO Premium plugin. -->","yoast_head_json":{"title":"Samovrednovanje - Provens","robots":{"index":"index","follow":"follow","max-snippet":"max-snippet:-1","max-image-preview":"max-image-preview:large","max-video-preview":"max-video-preview:-1"},"canonical":"https:\/\/provens.edu.rs\/sr_rs\/samovrednovanje\/","og_locale":"sr_RS","og_type":"article","og_title":"Samovrednovanje","og_description":"Samovrednovanje Samovrednovanje u pred\u0161kolskim ustanovama Samovrednovanje u osnovnim i srednjim \u0161kolama Samovrednovanje u visoko\u0161kolskim","og_url":"https:\/\/provens.edu.rs\/sr_rs\/samovrednovanje\/","og_site_name":"Provens","article_modified_time":"2023-05-10T15:15:26+00:00","og_image":[{"url":"http:\/\/provens.edu.rs\/wp-content\/uploads\/2020\/07\/play-youth-holiday-child-room-garden-1388154-pxhere.com_-1024x683.jpg","type":"","width":"","height":""}],"twitter_card":"summary_large_image","twitter_misc":{"Procenjeno vreme \u010ditanja":"1 minut"},"schema":{"@context":"https:\/\/schema.org","@graph":[{"@type":"WebPage","@id":"https:\/\/provens.edu.rs\/samovrednovanje\/","url":"https:\/\/provens.edu.rs\/samovrednovanje\/","name":"Samovrednovanje - Provens","isPartOf":{"@id":"https:\/\/provens.edu.rs\/sr_rs\/#website"},"primaryImageOfPage":{"@id":"https:\/\/provens.edu.rs\/samovrednovanje\/#primaryimage"},"image":{"@id":"https:\/\/provens.edu.rs\/samovrednovanje\/#primaryimage"},"thumbnailUrl":"http:\/\/provens.edu.rs\/wp-content\/uploads\/2020\/07\/play-youth-holiday-child-room-garden-1388154-pxhere.com_-1024x683.jpg","datePublished":"2020-07-14T20:21:51+00:00","dateModified":"2023-05-10T15:15:26+00:00","breadcrumb":{"@id":"https:\/\/provens.edu.rs\/samovrednovanje\/#breadcrumb"},"inLanguage":"sr-RS","potentialAction":[{"@type":"ReadAction","target":["https:\/\/provens.edu.rs\/samovrednovanje\/"]}]},{"@type":"ImageObject","inLanguage":"sr-RS","@id":"https:\/\/provens.edu.rs\/samovrednovanje\/#primaryimage","url":"http:\/\/provens.edu.rs\/wp-content\/uploads\/2020\/07\/play-youth-holiday-child-room-garden-1388154-pxhere.com_-1024x683.jpg","contentUrl":"http:\/\/provens.edu.rs\/wp-content\/uploads\/2020\/07\/play-youth-holiday-child-room-garden-1388154-pxhere.com_-1024x683.jpg"},{"@type":"BreadcrumbList","@id":"https:\/\/provens.edu.rs\/samovrednovanje\/#breadcrumb","itemListElement":[{"@type":"ListItem","position":1,"name":"Po\u010detna","item":"https:\/\/provens.edu.rs\/sr_rs\/"},{"@type":"ListItem","position":2,"name":"Samovrednovanje"}]},{"@type":"WebSite","@id":"https:\/\/provens.edu.rs\/sr_rs\/#website","url":"https:\/\/provens.edu.rs\/sr_rs\/","name":"Provens - Biti najbolja verzija sebe","description":"Udru\u017eenje za razvoj profesionalnih ve\u0161tina","publisher":{"@id":"https:\/\/provens.edu.rs\/sr_rs\/#organization"},"potentialAction":[{"@type":"SearchAction","target":{"@type":"EntryPoint","urlTemplate":"https:\/\/provens.edu.rs\/sr_rs\/?s={search_term_string}"},"query-input":{"@type":"PropertyValueSpecification","valueRequired":true,"valueName":"search_term_string"}}],"inLanguage":"sr-RS"},{"@type":"Organization","@id":"https:\/\/provens.edu.rs\/sr_rs\/#organization","name":"Provens","url":"https:\/\/provens.edu.rs\/sr_rs\/","logo":{"@type":"ImageObject","inLanguage":"sr-RS","@id":"https:\/\/provens.edu.rs\/sr_rs\/#\/schema\/logo\/image\/","url":"https:\/\/provens.edu.rs\/wp-content\/uploads\/2020\/07\/provens.jpg","contentUrl":"https:\/\/provens.edu.rs\/wp-content\/uploads\/2020\/07\/provens.jpg","width":1986,"height":562,"caption":"Provens"},"image":{"@id":"https:\/\/provens.edu.rs\/sr_rs\/#\/schema\/logo\/image\/"}}]}},"_links":{"self":[{"href":"https:\/\/provens.edu.rs\/sr_rs\/wp-json\/wp\/v2\/pages\/1209","targetHints":{"allow":["GET"]}}],"collection":[{"href":"https:\/\/provens.edu.rs\/sr_rs\/wp-json\/wp\/v2\/pages"}],"about":[{"href":"https:\/\/provens.edu.rs\/sr_rs\/wp-json\/wp\/v2\/types\/page"}],"author":[{"embeddable":true,"href":"https:\/\/provens.edu.rs\/sr_rs\/wp-json\/wp\/v2\/users\/2"}],"replies":[{"embeddable":true,"href":"https:\/\/provens.edu.rs\/sr_rs\/wp-json\/wp\/v2\/comments?post=1209"}],"version-history":[{"count":3,"href":"https:\/\/provens.edu.rs\/sr_rs\/wp-json\/wp\/v2\/pages\/1209\/revisions"}],"predecessor-version":[{"id":1875,"href":"https:\/\/provens.edu.rs\/sr_rs\/wp-json\/wp\/v2\/pages\/1209\/revisions\/1875"}],"wp:attachment":[{"href":"https:\/\/provens.edu.rs\/sr_rs\/wp-json\/wp\/v2\/media?parent=1209"}],"curies":[{"name":"wp","href":"https:\/\/api.w.org\/{rel}","templated":true}]}}