{"id":2638,"date":"2025-09-18T11:29:19","date_gmt":"2025-09-18T11:29:19","guid":{"rendered":"https:\/\/provens.edu.rs\/?post_type=product&#038;p=2638"},"modified":"2025-12-01T06:24:18","modified_gmt":"2025-12-01T06:24:18","slug":"umece-upravljanja-svojim-potencijalima","status":"publish","type":"product","link":"https:\/\/provens.edu.rs\/en\/product\/umece-upravljanja-svojim-potencijalima\/","title":{"rendered":"Ume\u0107e upravljanja svojim potencijalima"},"content":{"rendered":"<p>Ume\u0107e upravljanja svojim potencijalima<br \/>\nSvi u sebi nosimo ogromne potencijale \u2013 ali retko kada znamo kako da ih prepoznamo, razvijemo i usmerimo u pravcu li\u010dnog i profesionalnog rasta. Knjiga \u201eUme\u0107e upravljanja svojim potencijalima\u201c poma\u017ee vam da otkrijete svoje unutra\u0161nje snage i nau\u010dite da ih koristite na na\u010din koji donosi ravnote\u017eu, ispunjenost i uspeh.<\/p>\n<p>\u0160ta donosi ova knjiga?<br \/>\nAutorka vas vodi kroz proces upoznavanja i razvijanja sopstvenih potencijala:<\/p>\n<p>Inteligencija i njena vi\u0161estrukost \u2013 prepoznajte razli\u010dite tipove inteligencije i otkrijte koji oblik je najbli\u017ei va\u0161em poslu i \u017eivotu.<br \/>\nSmisao i svrha \u2013 prona\u0111ite ono \u0161to vas pokre\u0107e i u \u010demu le\u017ei va\u0161a unutra\u0161nja motivacija.<br \/>\nVolja i samodisciplina \u2013 saznajte za\u0161to neki ljudi odustaju na pola puta i nau\u010dite ve\u017ebe koje ja\u010daju istrajnost i unutra\u0161nju snagu.<br \/>\nSamosvesnost \u2013 razvijte sposobnost da prepoznate sopstvene misli, emocije, potrebe i uverenja, ali i da razumete druge ljude i njihove reakcije.<\/p>\n<p>Intuicija i zami\u0161ljanje \u2013 nau\u010dite kako da oslu\u0161kujete unutra\u0161nje signale i koristite kreativnu mo\u0107 ma\u0161te.<\/p>\n<p>Odnosi sa drugima \u2013 izgradite svest o sopstvenim emocijama prema drugima i sposobnost prilago\u0111avanja razli\u010ditim situacijama.<br \/>\nPosebno poglavlje posve\u0107eno je stalnom stru\u010dnom usavr\u0161avanju, razvoju intrapersonalnih i interpersonalnih ve\u0161tina, kao i razumevanju refleksivne prakse koja vam poma\u017ee da stalno rastete i u\u010dite iz sopstvenog iskustva.<\/p>\n<p>Za\u0161to pro\u010ditati ovu knjigu?<br \/>\nOtkri\u0107ete skrivene potencijale i nau\u010diti kako da ih razvijete.<br \/>\nNau\u010di\u0107ete tehnike za ja\u010danje volje i samodiscipline.<br \/>\nDobijate prakti\u010dne alate za profesionalni i li\u010dni razvoj.<br \/>\nPru\u017ea vam jasne smernice za stalno usavr\u0161avanje i refleksiju.<\/p>","protected":false},"excerpt":{"rendered":"<p>Author: Dragana Male\u0161evi\u0107, PhD<br \/>\nPublisher: PROVENS<br \/>\nPovez i format: meki povez, 135\u00d7205<br \/>\nPismo: latinica<br \/>\nBroj strana: 140 strana<br \/>\nGodina izdanja: 2025.<br \/>\nISBN 978-86-81816-44-8<\/p>","protected":false},"featured_media":2616,"comment_status":"open","ping_status":"closed","template":"","meta":{"site-sidebar-layout":"default","site-content-layout":"","ast-site-content-layout":"default","site-content-style":"default","site-sidebar-style":"default","ast-global-header-display":"","ast-banner-title-visibility":"","ast-main-header-display":"","ast-hfb-above-header-display":"","ast-hfb-below-header-display":"","ast-hfb-mobile-header-display":"","site-post-title":"","ast-breadcrumbs-content":"","ast-featured-img":"","footer-sml-layout":"","theme-transparent-header-meta":"default","adv-header-id-meta":"","stick-header-meta":"default","header-above-stick-meta":"","header-main-stick-meta":"","header-below-stick-meta":"","astra-migrate-meta-layouts":"set","ast-page-background-enabled":"default","ast-page-background-meta":{"desktop":{"background-color":"","background-image":"","background-repeat":"repeat","background-position":"center center","background-size":"auto","background-attachment":"scroll","background-type":"","background-media":"","overlay-type":"","overlay-color":"","overlay-opacity":"","overlay-gradient":""},"tablet":{"background-color":"","background-image":"","background-repeat":"repeat","background-position":"center center","background-size":"auto","background-attachment":"scroll","background-type":"","background-media":"","overlay-type":"","overlay-color":"","overlay-opacity":"","overlay-gradient":""},"mobile":{"background-color":"","background-image":"","background-repeat":"repeat","background-position":"center center","background-size":"auto","background-attachment":"scroll","background-type":"","background-media":"","overlay-type":"","overlay-color":"","overlay-opacity":"","overlay-gradient":""}},"ast-content-background-meta":{"desktop":{"background-color":"var(--ast-global-color-5)","background-image":"","background-repeat":"repeat","background-position":"center center","background-size":"auto","background-attachment":"scroll","background-type":"","background-media":"","overlay-type":"","overlay-color":"","overlay-opacity":"","overlay-gradient":""},"tablet":{"background-color":"var(--ast-global-color-5)","background-image":"","background-repeat":"repeat","background-position":"center center","background-size":"auto","background-attachment":"scroll","background-type":"","background-media":"","overlay-type":"","overlay-color":"","overlay-opacity":"","overlay-gradient":""},"mobile":{"background-color":"var(--ast-global-color-5)","background-image":"","background-repeat":"repeat","background-position":"center center","background-size":"auto","background-attachment":"scroll","background-type":"","background-media":"","overlay-type":"","overlay-color":"","overlay-opacity":"","overlay-gradient":""}}},"product_brand":[],"product_cat":[20],"product_tag":[],"class_list":{"0":"post-2638","1":"product","2":"type-product","3":"status-publish","4":"has-post-thumbnail","6":"product_cat-knjige","7":"desktop-align-center","8":"tablet-align-left","9":"mobile-align-left","10":"ast-product-gallery-layout-horizontal","11":"ast-product-gallery-with-no-image","12":"ast-product-tabs-layout-horizontal","13":"ast-qv-on-image-click","15":"first","16":"instock","17":"sale","18":"taxable","19":"shipping-taxable","20":"purchasable","21":"product-type-simple"},"yoast_head":"<!-- This site is optimized with the Yoast SEO Premium plugin v24.0 (Yoast SEO v24.5) - https:\/\/yoast.com\/wordpress\/plugins\/seo\/ -->\n<title>Ume\u0107e upravljanja svojim potencijalima - Provens<\/title>\n<meta name=\"description\" content=\"potencijali razvoj samosvesnost volja profesionalni uspeh\" \/>\n<meta name=\"robots\" content=\"index, follow, max-snippet:-1, max-image-preview:large, max-video-preview:-1\" \/>\n<link rel=\"canonical\" href=\"https:\/\/provens.edu.rs\/en\/product\/umece-upravljanja-svojim-potencijalima\/\" \/>\n<meta property=\"og:locale\" content=\"en_GB\" \/>\n<meta property=\"og:type\" content=\"article\" \/>\n<meta property=\"og:title\" content=\"Ume\u0107e upravljanja svojim potencijalima\" \/>\n<meta property=\"og:description\" content=\"Autor: dr Dragana Male\u0161evi\u0107 Izdava\u010d: PROVENS Povez i format: meki povez, 135\u00d7205 Pismo: latinica Broj strana: 140 strana Godina izdanja: 2025. ISBN 978-86-81816-44-8\" \/>\n<meta property=\"og:url\" content=\"https:\/\/provens.edu.rs\/en\/product\/umece-upravljanja-svojim-potencijalima\/\" \/>\n<meta property=\"og:site_name\" content=\"Provens\" \/>\n<meta property=\"article:modified_time\" content=\"2025-12-01T06:24:18+00:00\" \/>\n<meta property=\"og:image\" content=\"https:\/\/provens.edu.rs\/wp-content\/uploads\/2025\/08\/3-potencijali.jpg\" \/>\n\t<meta property=\"og:image:width\" content=\"1500\" \/>\n\t<meta property=\"og:image:height\" content=\"1150\" \/>\n\t<meta property=\"og:image:type\" content=\"image\/jpeg\" \/>\n<meta name=\"twitter:card\" content=\"summary_large_image\" \/>\n<meta name=\"twitter:label1\" content=\"Price\" \/>\n\t<meta name=\"twitter:data1\" content=\"1,359.00&#1088;&#1089;&#1076;\" \/>\n\t<meta name=\"twitter:label2\" content=\"Availability\" \/>\n\t<meta name=\"twitter:data2\" content=\"In stock\" \/>\n<script type=\"application\/ld+json\" class=\"yoast-schema-graph\">{\"@context\":\"https:\/\/schema.org\",\"@graph\":[{\"@type\":\"WebPage\",\"@id\":\"https:\/\/provens.edu.rs\/product\/umece-upravljanja-svojim-potencijalima\/\",\"url\":\"https:\/\/provens.edu.rs\/product\/umece-upravljanja-svojim-potencijalima\/\",\"name\":\"Ume\u0107e upravljanja svojim potencijalima - Provens\",\"isPartOf\":{\"@id\":\"https:\/\/provens.edu.rs\/sr_rs\/#website\"},\"primaryImageOfPage\":{\"@id\":\"https:\/\/provens.edu.rs\/product\/umece-upravljanja-svojim-potencijalima\/#primaryimage\"},\"image\":{\"@id\":\"https:\/\/provens.edu.rs\/product\/umece-upravljanja-svojim-potencijalima\/#primaryimage\"},\"thumbnailUrl\":\"https:\/\/provens.edu.rs\/wp-content\/uploads\/2025\/08\/3-potencijali.jpg\",\"datePublished\":\"2025-09-18T11:29:19+00:00\",\"dateModified\":\"2025-12-01T06:24:18+00:00\",\"description\":\"potencijali razvoj samosvesnost volja profesionalni uspeh\",\"breadcrumb\":{\"@id\":\"https:\/\/provens.edu.rs\/product\/umece-upravljanja-svojim-potencijalima\/#breadcrumb\"},\"inLanguage\":\"en-GB\",\"potentialAction\":[{\"@type\":\"ReadAction\",\"target\":[\"https:\/\/provens.edu.rs\/product\/umece-upravljanja-svojim-potencijalima\/\"]}]},{\"@type\":\"ImageObject\",\"inLanguage\":\"en-GB\",\"@id\":\"https:\/\/provens.edu.rs\/product\/umece-upravljanja-svojim-potencijalima\/#primaryimage\",\"url\":\"https:\/\/provens.edu.rs\/wp-content\/uploads\/2025\/08\/3-potencijali.jpg\",\"contentUrl\":\"https:\/\/provens.edu.rs\/wp-content\/uploads\/2025\/08\/3-potencijali.jpg\",\"width\":1500,\"height\":1150},{\"@type\":\"BreadcrumbList\",\"@id\":\"https:\/\/provens.edu.rs\/product\/umece-upravljanja-svojim-potencijalima\/#breadcrumb\",\"itemListElement\":[{\"@type\":\"ListItem\",\"position\":1,\"name\":\"Po\u010detna\",\"item\":\"https:\/\/provens.edu.rs\/sr_rs\/\"},{\"@type\":\"ListItem\",\"position\":2,\"name\":\"Knji\u017eara &#8211; Provens\",\"item\":\"https:\/\/provens.edu.rs\/shop\/\"},{\"@type\":\"ListItem\",\"position\":3,\"name\":\"Ume\u0107e upravljanja svojim potencijalima\"}]},{\"@type\":\"WebSite\",\"@id\":\"https:\/\/provens.edu.rs\/sr_rs\/#website\",\"url\":\"https:\/\/provens.edu.rs\/sr_rs\/\",\"name\":\"Provens - Biti najbolja verzija sebe\",\"description\":\"Udru\u017eenje za razvoj profesionalnih ve\u0161tina\",\"publisher\":{\"@id\":\"https:\/\/provens.edu.rs\/sr_rs\/#organization\"},\"potentialAction\":[{\"@type\":\"SearchAction\",\"target\":{\"@type\":\"EntryPoint\",\"urlTemplate\":\"https:\/\/provens.edu.rs\/sr_rs\/?s={search_term_string}\"},\"query-input\":{\"@type\":\"PropertyValueSpecification\",\"valueRequired\":true,\"valueName\":\"search_term_string\"}}],\"inLanguage\":\"en-GB\"},{\"@type\":\"Organization\",\"@id\":\"https:\/\/provens.edu.rs\/sr_rs\/#organization\",\"name\":\"Provens\",\"url\":\"https:\/\/provens.edu.rs\/sr_rs\/\",\"logo\":{\"@type\":\"ImageObject\",\"inLanguage\":\"en-GB\",\"@id\":\"https:\/\/provens.edu.rs\/sr_rs\/#\/schema\/logo\/image\/\",\"url\":\"https:\/\/provens.edu.rs\/wp-content\/uploads\/2020\/07\/provens.jpg\",\"contentUrl\":\"https:\/\/provens.edu.rs\/wp-content\/uploads\/2020\/07\/provens.jpg\",\"width\":1986,\"height\":562,\"caption\":\"Provens\"},\"image\":{\"@id\":\"https:\/\/provens.edu.rs\/sr_rs\/#\/schema\/logo\/image\/\"}}]}<\/script>\n<meta property=\"product:price:amount\" content=\"1359.00\" \/>\n<meta property=\"product:price:currency\" content=\"RSD\" \/>\n<meta property=\"og:availability\" content=\"instock\" \/>\n<meta property=\"product:availability\" content=\"instock\" \/>\n<meta property=\"product:condition\" content=\"new\" \/>\n<!-- \/ Yoast SEO Premium plugin. -->","yoast_head_json":{"title":"Ume\u0107e upravljanja svojim potencijalima - Provens","description":"potencijali razvoj samosvesnost volja profesionalni uspeh","robots":{"index":"index","follow":"follow","max-snippet":"max-snippet:-1","max-image-preview":"max-image-preview:large","max-video-preview":"max-video-preview:-1"},"canonical":"https:\/\/provens.edu.rs\/en\/product\/umece-upravljanja-svojim-potencijalima\/","og_locale":"en_GB","og_type":"article","og_title":"Ume\u0107e upravljanja svojim potencijalima","og_description":"Autor: dr Dragana Male\u0161evi\u0107 Izdava\u010d: PROVENS Povez i format: meki povez, 135\u00d7205 Pismo: latinica Broj strana: 140 strana Godina izdanja: 2025. ISBN 978-86-81816-44-8","og_url":"https:\/\/provens.edu.rs\/en\/product\/umece-upravljanja-svojim-potencijalima\/","og_site_name":"Provens","article_modified_time":"2025-12-01T06:24:18+00:00","og_image":[{"width":1500,"height":1150,"url":"https:\/\/provens.edu.rs\/wp-content\/uploads\/2025\/08\/3-potencijali.jpg","type":"image\/jpeg"}],"twitter_card":"summary_large_image","twitter_misc":{"Price":"1,359.00&#1088;&#1089;&#1076;","Availability":"In stock"},"schema":{"@context":"https:\/\/schema.org","@graph":[{"@type":"WebPage","@id":"https:\/\/provens.edu.rs\/product\/umece-upravljanja-svojim-potencijalima\/","url":"https:\/\/provens.edu.rs\/product\/umece-upravljanja-svojim-potencijalima\/","name":"Ume\u0107e upravljanja svojim potencijalima - Provens","isPartOf":{"@id":"https:\/\/provens.edu.rs\/sr_rs\/#website"},"primaryImageOfPage":{"@id":"https:\/\/provens.edu.rs\/product\/umece-upravljanja-svojim-potencijalima\/#primaryimage"},"image":{"@id":"https:\/\/provens.edu.rs\/product\/umece-upravljanja-svojim-potencijalima\/#primaryimage"},"thumbnailUrl":"https:\/\/provens.edu.rs\/wp-content\/uploads\/2025\/08\/3-potencijali.jpg","datePublished":"2025-09-18T11:29:19+00:00","dateModified":"2025-12-01T06:24:18+00:00","description":"potencijali razvoj samosvesnost volja profesionalni uspeh","breadcrumb":{"@id":"https:\/\/provens.edu.rs\/product\/umece-upravljanja-svojim-potencijalima\/#breadcrumb"},"inLanguage":"en-GB","potentialAction":[{"@type":"ReadAction","target":["https:\/\/provens.edu.rs\/product\/umece-upravljanja-svojim-potencijalima\/"]}]},{"@type":"ImageObject","inLanguage":"en-GB","@id":"https:\/\/provens.edu.rs\/product\/umece-upravljanja-svojim-potencijalima\/#primaryimage","url":"https:\/\/provens.edu.rs\/wp-content\/uploads\/2025\/08\/3-potencijali.jpg","contentUrl":"https:\/\/provens.edu.rs\/wp-content\/uploads\/2025\/08\/3-potencijali.jpg","width":1500,"height":1150},{"@type":"BreadcrumbList","@id":"https:\/\/provens.edu.rs\/product\/umece-upravljanja-svojim-potencijalima\/#breadcrumb","itemListElement":[{"@type":"ListItem","position":1,"name":"Po\u010detna","item":"https:\/\/provens.edu.rs\/sr_rs\/"},{"@type":"ListItem","position":2,"name":"Knji\u017eara &#8211; Provens","item":"https:\/\/provens.edu.rs\/shop\/"},{"@type":"ListItem","position":3,"name":"Ume\u0107e upravljanja svojim potencijalima"}]},{"@type":"WebSite","@id":"https:\/\/provens.edu.rs\/sr_rs\/#website","url":"https:\/\/provens.edu.rs\/sr_rs\/","name":"Provens - Biti najbolja verzija sebe","description":"Udru\u017eenje za razvoj profesionalnih ve\u0161tina","publisher":{"@id":"https:\/\/provens.edu.rs\/sr_rs\/#organization"},"potentialAction":[{"@type":"SearchAction","target":{"@type":"EntryPoint","urlTemplate":"https:\/\/provens.edu.rs\/sr_rs\/?s={search_term_string}"},"query-input":{"@type":"PropertyValueSpecification","valueRequired":true,"valueName":"search_term_string"}}],"inLanguage":"en-GB"},{"@type":"Organization","@id":"https:\/\/provens.edu.rs\/sr_rs\/#organization","name":"Provens","url":"https:\/\/provens.edu.rs\/sr_rs\/","logo":{"@type":"ImageObject","inLanguage":"en-GB","@id":"https:\/\/provens.edu.rs\/sr_rs\/#\/schema\/logo\/image\/","url":"https:\/\/provens.edu.rs\/wp-content\/uploads\/2020\/07\/provens.jpg","contentUrl":"https:\/\/provens.edu.rs\/wp-content\/uploads\/2020\/07\/provens.jpg","width":1986,"height":562,"caption":"Provens"},"image":{"@id":"https:\/\/provens.edu.rs\/sr_rs\/#\/schema\/logo\/image\/"}}]},"product_price_amount":"1359.00","product_price_currency":"RSD","og_availability":"instock","product_availability":"instock","product_condition":"new"},"_links":{"self":[{"href":"https:\/\/provens.edu.rs\/en\/wp-json\/wp\/v2\/product\/2638","targetHints":{"allow":["GET"]}}],"collection":[{"href":"https:\/\/provens.edu.rs\/en\/wp-json\/wp\/v2\/product"}],"about":[{"href":"https:\/\/provens.edu.rs\/en\/wp-json\/wp\/v2\/types\/product"}],"replies":[{"embeddable":true,"href":"https:\/\/provens.edu.rs\/en\/wp-json\/wp\/v2\/comments?post=2638"}],"wp:featuredmedia":[{"embeddable":true,"href":"https:\/\/provens.edu.rs\/en\/wp-json\/wp\/v2\/media\/2616"}],"wp:attachment":[{"href":"https:\/\/provens.edu.rs\/en\/wp-json\/wp\/v2\/media?parent=2638"}],"wp:term":[{"taxonomy":"product_brand","embeddable":true,"href":"https:\/\/provens.edu.rs\/en\/wp-json\/wp\/v2\/product_brand?post=2638"},{"taxonomy":"product_cat","embeddable":true,"href":"https:\/\/provens.edu.rs\/en\/wp-json\/wp\/v2\/product_cat?post=2638"},{"taxonomy":"product_tag","embeddable":true,"href":"https:\/\/provens.edu.rs\/en\/wp-json\/wp\/v2\/product_tag?post=2638"}],"curies":[{"name":"wp","href":"https:\/\/api.w.org\/{rel}","templated":true}]}}