{"id":2573,"date":"2025-08-27T15:36:20","date_gmt":"2025-08-27T15:36:20","guid":{"rendered":"https:\/\/provens.edu.rs\/?post_type=product&#038;p=2573"},"modified":"2025-12-01T06:25:38","modified_gmt":"2025-12-01T06:25:38","slug":"umece-upravljanja-stresom-i-sprecavanje-sagorevanja-na-poslu","status":"publish","type":"product","link":"https:\/\/provens.edu.rs\/en\/product\/umece-upravljanja-stresom-i-sprecavanje-sagorevanja-na-poslu\/","title":{"rendered":"Ume\u0107e upravljanja stresom i spre\u010davanje sagorevanja na poslu (latinica)"},"content":{"rendered":"<p>Knjiga je prakti\u010dan vodi\u010d za razumevanje stresa i njegovih posledica, kao i za izgradnju li\u010dnih strategija otpora. \u010citaoci \u0107e kroz jasna obja\u0161njenja i prakti\u010dne zadatke nau\u010diti:<br \/>\n&#8211; \u0161ta je stres i kako funkcioni\u0161e u savremenom dru\u0161tvu,<br \/>\n&#8211; da prepoznaju sopstvene izvore stresa i faze kroz koje prolaze,<br \/>\n&#8211; usvoje efikasne tehnike za osloba\u0111anje od stresa,<br \/>\n&#8211; spre\u010de sindrom sagorevanja na poslu,<br \/>\n&#8211; i druge prakti\u010dne tehnike koje im mogu pomo\u0107i u svakodnevnom \u017eivotu i radu.<\/p>\n<p>Knjiga sadr\u017ei primere iz prakse, jednostavne ve\u017ebe i alate koji poma\u017eu da se razvije otpornost na stres i sa\u010duva mentalno zdravlje u savremenom radnom okru\u017eenju.<\/p>","protected":false},"excerpt":{"rendered":"<p>Author: Dragana Male\u0161evi\u0107, PhD<br \/>\nPublisher: PROVENS<br \/>\nPovez i format: meki povez, 135\u00d7205<br \/>\nBroj strana: 144 strana<br \/>\nGodina izdanja: 2025.<br \/>\nISBN 978-86-81816-42-4<\/p>","protected":false},"featured_media":2625,"comment_status":"open","ping_status":"closed","template":"","meta":{"site-sidebar-layout":"default","site-content-layout":"","ast-site-content-layout":"default","site-content-style":"default","site-sidebar-style":"default","ast-global-header-display":"","ast-banner-title-visibility":"","ast-main-header-display":"","ast-hfb-above-header-display":"","ast-hfb-below-header-display":"","ast-hfb-mobile-header-display":"","site-post-title":"","ast-breadcrumbs-content":"","ast-featured-img":"","footer-sml-layout":"","theme-transparent-header-meta":"default","adv-header-id-meta":"","stick-header-meta":"default","header-above-stick-meta":"","header-main-stick-meta":"","header-below-stick-meta":"","astra-migrate-meta-layouts":"set","ast-page-background-enabled":"default","ast-page-background-meta":{"desktop":{"background-color":"","background-image":"","background-repeat":"repeat","background-position":"center center","background-size":"auto","background-attachment":"scroll","background-type":"","background-media":"","overlay-type":"","overlay-color":"","overlay-opacity":"","overlay-gradient":""},"tablet":{"background-color":"","background-image":"","background-repeat":"repeat","background-position":"center center","background-size":"auto","background-attachment":"scroll","background-type":"","background-media":"","overlay-type":"","overlay-color":"","overlay-opacity":"","overlay-gradient":""},"mobile":{"background-color":"","background-image":"","background-repeat":"repeat","background-position":"center center","background-size":"auto","background-attachment":"scroll","background-type":"","background-media":"","overlay-type":"","overlay-color":"","overlay-opacity":"","overlay-gradient":""}},"ast-content-background-meta":{"desktop":{"background-color":"var(--ast-global-color-5)","background-image":"","background-repeat":"repeat","background-position":"center center","background-size":"auto","background-attachment":"scroll","background-type":"","background-media":"","overlay-type":"","overlay-color":"","overlay-opacity":"","overlay-gradient":""},"tablet":{"background-color":"var(--ast-global-color-5)","background-image":"","background-repeat":"repeat","background-position":"center center","background-size":"auto","background-attachment":"scroll","background-type":"","background-media":"","overlay-type":"","overlay-color":"","overlay-opacity":"","overlay-gradient":""},"mobile":{"background-color":"var(--ast-global-color-5)","background-image":"","background-repeat":"repeat","background-position":"center center","background-size":"auto","background-attachment":"scroll","background-type":"","background-media":"","overlay-type":"","overlay-color":"","overlay-opacity":"","overlay-gradient":""}}},"product_brand":[],"product_cat":[20],"product_tag":[],"class_list":{"0":"post-2573","1":"product","2":"type-product","3":"status-publish","4":"has-post-thumbnail","6":"product_cat-knjige","7":"desktop-align-center","8":"tablet-align-left","9":"mobile-align-left","10":"ast-product-gallery-layout-horizontal","11":"ast-product-gallery-with-no-image","12":"ast-product-tabs-layout-horizontal","13":"ast-qv-on-image-click","15":"first","16":"instock","17":"sale","18":"purchasable","19":"product-type-simple"},"yoast_head":"<!-- This site is optimized with the Yoast SEO Premium plugin v24.0 (Yoast SEO v24.5) - https:\/\/yoast.com\/wordpress\/plugins\/seo\/ -->\n<title>Ume\u0107e upravljanja stresom i spre\u010davanje sagorevanja na poslu (latinica) - Provens<\/title>\n<meta name=\"description\" content=\"Vodi\u010d za razvoj ume\u0107a upravljanja stresom i spre\u010davanja sagorevanja na poslu\" \/>\n<meta name=\"robots\" content=\"index, follow, max-snippet:-1, max-image-preview:large, max-video-preview:-1\" \/>\n<link rel=\"canonical\" href=\"https:\/\/provens.edu.rs\/en\/product\/umece-upravljanja-stresom-i-sprecavanje-sagorevanja-na-poslu\/\" \/>\n<meta property=\"og:locale\" content=\"en_GB\" \/>\n<meta property=\"og:type\" content=\"article\" \/>\n<meta property=\"og:title\" content=\"Ume\u0107e upravljanja stresom i spre\u010davanje sagorevanja na poslu (latinica)\" \/>\n<meta property=\"og:description\" content=\"Autor: dr Dragana Male\u0161evi\u0107 Izdava\u010d: PROVENS Povez i format: meki povez, 135\u00d7205 Broj strana: 144 strana Godina izdanja: 2025. ISBN 978-86-81816-42-4\" \/>\n<meta property=\"og:url\" content=\"https:\/\/provens.edu.rs\/en\/product\/umece-upravljanja-stresom-i-sprecavanje-sagorevanja-na-poslu\/\" \/>\n<meta property=\"og:site_name\" content=\"Provens\" \/>\n<meta property=\"article:modified_time\" content=\"2025-12-01T06:25:38+00:00\" \/>\n<meta property=\"og:image\" content=\"https:\/\/provens.edu.rs\/wp-content\/uploads\/2025\/08\/2-stres-latinica-2-\u2013-kopija-\u2013-kopija.jpg\" \/>\n\t<meta property=\"og:image:width\" content=\"1000\" \/>\n\t<meta property=\"og:image:height\" content=\"1026\" \/>\n\t<meta property=\"og:image:type\" content=\"image\/jpeg\" \/>\n<meta name=\"twitter:card\" content=\"summary_large_image\" \/>\n<meta name=\"twitter:label1\" content=\"Price\" \/>\n\t<meta name=\"twitter:data1\" content=\"1,359.00&#1088;&#1089;&#1076;\" \/>\n\t<meta name=\"twitter:label2\" content=\"Availability\" \/>\n\t<meta name=\"twitter:data2\" content=\"In stock\" \/>\n<script type=\"application\/ld+json\" class=\"yoast-schema-graph\">{\"@context\":\"https:\/\/schema.org\",\"@graph\":[{\"@type\":\"WebPage\",\"@id\":\"https:\/\/provens.edu.rs\/product\/umece-upravljanja-stresom-i-sprecavanje-sagorevanja-na-poslu\/\",\"url\":\"https:\/\/provens.edu.rs\/product\/umece-upravljanja-stresom-i-sprecavanje-sagorevanja-na-poslu\/\",\"name\":\"Ume\u0107e upravljanja stresom i spre\u010davanje sagorevanja na poslu (latinica) - Provens\",\"isPartOf\":{\"@id\":\"https:\/\/provens.edu.rs\/sr_rs\/#website\"},\"primaryImageOfPage\":{\"@id\":\"https:\/\/provens.edu.rs\/product\/umece-upravljanja-stresom-i-sprecavanje-sagorevanja-na-poslu\/#primaryimage\"},\"image\":{\"@id\":\"https:\/\/provens.edu.rs\/product\/umece-upravljanja-stresom-i-sprecavanje-sagorevanja-na-poslu\/#primaryimage\"},\"thumbnailUrl\":\"https:\/\/provens.edu.rs\/wp-content\/uploads\/2025\/08\/2-stres-latinica-2-\u2013-kopija-\u2013-kopija.jpg\",\"datePublished\":\"2025-08-27T15:36:20+00:00\",\"dateModified\":\"2025-12-01T06:25:38+00:00\",\"description\":\"Vodi\u010d za razvoj ume\u0107a upravljanja stresom i spre\u010davanja sagorevanja na poslu\",\"breadcrumb\":{\"@id\":\"https:\/\/provens.edu.rs\/product\/umece-upravljanja-stresom-i-sprecavanje-sagorevanja-na-poslu\/#breadcrumb\"},\"inLanguage\":\"en-GB\",\"potentialAction\":[{\"@type\":\"ReadAction\",\"target\":[\"https:\/\/provens.edu.rs\/product\/umece-upravljanja-stresom-i-sprecavanje-sagorevanja-na-poslu\/\"]}]},{\"@type\":\"ImageObject\",\"inLanguage\":\"en-GB\",\"@id\":\"https:\/\/provens.edu.rs\/product\/umece-upravljanja-stresom-i-sprecavanje-sagorevanja-na-poslu\/#primaryimage\",\"url\":\"https:\/\/provens.edu.rs\/wp-content\/uploads\/2025\/08\/2-stres-latinica-2-\u2013-kopija-\u2013-kopija.jpg\",\"contentUrl\":\"https:\/\/provens.edu.rs\/wp-content\/uploads\/2025\/08\/2-stres-latinica-2-\u2013-kopija-\u2013-kopija.jpg\",\"width\":1000,\"height\":1026},{\"@type\":\"BreadcrumbList\",\"@id\":\"https:\/\/provens.edu.rs\/product\/umece-upravljanja-stresom-i-sprecavanje-sagorevanja-na-poslu\/#breadcrumb\",\"itemListElement\":[{\"@type\":\"ListItem\",\"position\":1,\"name\":\"Po\u010detna\",\"item\":\"https:\/\/provens.edu.rs\/sr_rs\/\"},{\"@type\":\"ListItem\",\"position\":2,\"name\":\"Knji\u017eara &#8211; Provens\",\"item\":\"https:\/\/provens.edu.rs\/shop\/\"},{\"@type\":\"ListItem\",\"position\":3,\"name\":\"Ume\u0107e upravljanja stresom i spre\u010davanje sagorevanja na poslu (latinica)\"}]},{\"@type\":\"WebSite\",\"@id\":\"https:\/\/provens.edu.rs\/sr_rs\/#website\",\"url\":\"https:\/\/provens.edu.rs\/sr_rs\/\",\"name\":\"Provens - Biti najbolja verzija sebe\",\"description\":\"Udru\u017eenje za razvoj profesionalnih ve\u0161tina\",\"publisher\":{\"@id\":\"https:\/\/provens.edu.rs\/sr_rs\/#organization\"},\"potentialAction\":[{\"@type\":\"SearchAction\",\"target\":{\"@type\":\"EntryPoint\",\"urlTemplate\":\"https:\/\/provens.edu.rs\/sr_rs\/?s={search_term_string}\"},\"query-input\":{\"@type\":\"PropertyValueSpecification\",\"valueRequired\":true,\"valueName\":\"search_term_string\"}}],\"inLanguage\":\"en-GB\"},{\"@type\":\"Organization\",\"@id\":\"https:\/\/provens.edu.rs\/sr_rs\/#organization\",\"name\":\"Provens\",\"url\":\"https:\/\/provens.edu.rs\/sr_rs\/\",\"logo\":{\"@type\":\"ImageObject\",\"inLanguage\":\"en-GB\",\"@id\":\"https:\/\/provens.edu.rs\/sr_rs\/#\/schema\/logo\/image\/\",\"url\":\"https:\/\/provens.edu.rs\/wp-content\/uploads\/2020\/07\/provens.jpg\",\"contentUrl\":\"https:\/\/provens.edu.rs\/wp-content\/uploads\/2020\/07\/provens.jpg\",\"width\":1986,\"height\":562,\"caption\":\"Provens\"},\"image\":{\"@id\":\"https:\/\/provens.edu.rs\/sr_rs\/#\/schema\/logo\/image\/\"}}]}<\/script>\n<meta property=\"product:price:amount\" content=\"1359.00\" \/>\n<meta property=\"product:price:currency\" content=\"RSD\" \/>\n<meta property=\"og:availability\" content=\"instock\" \/>\n<meta property=\"product:availability\" content=\"instock\" \/>\n<meta property=\"product:condition\" content=\"new\" \/>\n<!-- \/ Yoast SEO Premium plugin. -->","yoast_head_json":{"title":"Ume\u0107e upravljanja stresom i spre\u010davanje sagorevanja na poslu (latinica) - Provens","description":"Vodi\u010d za razvoj ume\u0107a upravljanja stresom i spre\u010davanja sagorevanja na poslu","robots":{"index":"index","follow":"follow","max-snippet":"max-snippet:-1","max-image-preview":"max-image-preview:large","max-video-preview":"max-video-preview:-1"},"canonical":"https:\/\/provens.edu.rs\/en\/product\/umece-upravljanja-stresom-i-sprecavanje-sagorevanja-na-poslu\/","og_locale":"en_GB","og_type":"article","og_title":"Ume\u0107e upravljanja stresom i spre\u010davanje sagorevanja na poslu (latinica)","og_description":"Autor: dr Dragana Male\u0161evi\u0107 Izdava\u010d: PROVENS Povez i format: meki povez, 135\u00d7205 Broj strana: 144 strana Godina izdanja: 2025. ISBN 978-86-81816-42-4","og_url":"https:\/\/provens.edu.rs\/en\/product\/umece-upravljanja-stresom-i-sprecavanje-sagorevanja-na-poslu\/","og_site_name":"Provens","article_modified_time":"2025-12-01T06:25:38+00:00","og_image":[{"width":1000,"height":1026,"url":"https:\/\/provens.edu.rs\/wp-content\/uploads\/2025\/08\/2-stres-latinica-2-\u2013-kopija-\u2013-kopija.jpg","type":"image\/jpeg"}],"twitter_card":"summary_large_image","twitter_misc":{"Price":"1,359.00&#1088;&#1089;&#1076;","Availability":"In stock"},"schema":{"@context":"https:\/\/schema.org","@graph":[{"@type":"WebPage","@id":"https:\/\/provens.edu.rs\/product\/umece-upravljanja-stresom-i-sprecavanje-sagorevanja-na-poslu\/","url":"https:\/\/provens.edu.rs\/product\/umece-upravljanja-stresom-i-sprecavanje-sagorevanja-na-poslu\/","name":"Ume\u0107e upravljanja stresom i spre\u010davanje sagorevanja na poslu (latinica) - Provens","isPartOf":{"@id":"https:\/\/provens.edu.rs\/sr_rs\/#website"},"primaryImageOfPage":{"@id":"https:\/\/provens.edu.rs\/product\/umece-upravljanja-stresom-i-sprecavanje-sagorevanja-na-poslu\/#primaryimage"},"image":{"@id":"https:\/\/provens.edu.rs\/product\/umece-upravljanja-stresom-i-sprecavanje-sagorevanja-na-poslu\/#primaryimage"},"thumbnailUrl":"https:\/\/provens.edu.rs\/wp-content\/uploads\/2025\/08\/2-stres-latinica-2-\u2013-kopija-\u2013-kopija.jpg","datePublished":"2025-08-27T15:36:20+00:00","dateModified":"2025-12-01T06:25:38+00:00","description":"Vodi\u010d za razvoj ume\u0107a upravljanja stresom i spre\u010davanja sagorevanja na poslu","breadcrumb":{"@id":"https:\/\/provens.edu.rs\/product\/umece-upravljanja-stresom-i-sprecavanje-sagorevanja-na-poslu\/#breadcrumb"},"inLanguage":"en-GB","potentialAction":[{"@type":"ReadAction","target":["https:\/\/provens.edu.rs\/product\/umece-upravljanja-stresom-i-sprecavanje-sagorevanja-na-poslu\/"]}]},{"@type":"ImageObject","inLanguage":"en-GB","@id":"https:\/\/provens.edu.rs\/product\/umece-upravljanja-stresom-i-sprecavanje-sagorevanja-na-poslu\/#primaryimage","url":"https:\/\/provens.edu.rs\/wp-content\/uploads\/2025\/08\/2-stres-latinica-2-\u2013-kopija-\u2013-kopija.jpg","contentUrl":"https:\/\/provens.edu.rs\/wp-content\/uploads\/2025\/08\/2-stres-latinica-2-\u2013-kopija-\u2013-kopija.jpg","width":1000,"height":1026},{"@type":"BreadcrumbList","@id":"https:\/\/provens.edu.rs\/product\/umece-upravljanja-stresom-i-sprecavanje-sagorevanja-na-poslu\/#breadcrumb","itemListElement":[{"@type":"ListItem","position":1,"name":"Po\u010detna","item":"https:\/\/provens.edu.rs\/sr_rs\/"},{"@type":"ListItem","position":2,"name":"Knji\u017eara &#8211; Provens","item":"https:\/\/provens.edu.rs\/shop\/"},{"@type":"ListItem","position":3,"name":"Ume\u0107e upravljanja stresom i spre\u010davanje sagorevanja na poslu (latinica)"}]},{"@type":"WebSite","@id":"https:\/\/provens.edu.rs\/sr_rs\/#website","url":"https:\/\/provens.edu.rs\/sr_rs\/","name":"Provens - Biti najbolja verzija sebe","description":"Udru\u017eenje za razvoj profesionalnih ve\u0161tina","publisher":{"@id":"https:\/\/provens.edu.rs\/sr_rs\/#organization"},"potentialAction":[{"@type":"SearchAction","target":{"@type":"EntryPoint","urlTemplate":"https:\/\/provens.edu.rs\/sr_rs\/?s={search_term_string}"},"query-input":{"@type":"PropertyValueSpecification","valueRequired":true,"valueName":"search_term_string"}}],"inLanguage":"en-GB"},{"@type":"Organization","@id":"https:\/\/provens.edu.rs\/sr_rs\/#organization","name":"Provens","url":"https:\/\/provens.edu.rs\/sr_rs\/","logo":{"@type":"ImageObject","inLanguage":"en-GB","@id":"https:\/\/provens.edu.rs\/sr_rs\/#\/schema\/logo\/image\/","url":"https:\/\/provens.edu.rs\/wp-content\/uploads\/2020\/07\/provens.jpg","contentUrl":"https:\/\/provens.edu.rs\/wp-content\/uploads\/2020\/07\/provens.jpg","width":1986,"height":562,"caption":"Provens"},"image":{"@id":"https:\/\/provens.edu.rs\/sr_rs\/#\/schema\/logo\/image\/"}}]},"product_price_amount":"1359.00","product_price_currency":"RSD","og_availability":"instock","product_availability":"instock","product_condition":"new"},"_links":{"self":[{"href":"https:\/\/provens.edu.rs\/en\/wp-json\/wp\/v2\/product\/2573","targetHints":{"allow":["GET"]}}],"collection":[{"href":"https:\/\/provens.edu.rs\/en\/wp-json\/wp\/v2\/product"}],"about":[{"href":"https:\/\/provens.edu.rs\/en\/wp-json\/wp\/v2\/types\/product"}],"replies":[{"embeddable":true,"href":"https:\/\/provens.edu.rs\/en\/wp-json\/wp\/v2\/comments?post=2573"}],"wp:featuredmedia":[{"embeddable":true,"href":"https:\/\/provens.edu.rs\/en\/wp-json\/wp\/v2\/media\/2625"}],"wp:attachment":[{"href":"https:\/\/provens.edu.rs\/en\/wp-json\/wp\/v2\/media?parent=2573"}],"wp:term":[{"taxonomy":"product_brand","embeddable":true,"href":"https:\/\/provens.edu.rs\/en\/wp-json\/wp\/v2\/product_brand?post=2573"},{"taxonomy":"product_cat","embeddable":true,"href":"https:\/\/provens.edu.rs\/en\/wp-json\/wp\/v2\/product_cat?post=2573"},{"taxonomy":"product_tag","embeddable":true,"href":"https:\/\/provens.edu.rs\/en\/wp-json\/wp\/v2\/product_tag?post=2573"}],"curies":[{"name":"wp","href":"https:\/\/api.w.org\/{rel}","templated":true}]}}