{"id":1616,"date":"2022-12-01T13:08:21","date_gmt":"2022-12-01T13:08:21","guid":{"rendered":"https:\/\/provens.edu.rs\/?post_type=product&#038;p=1616"},"modified":"2025-06-09T20:07:34","modified_gmt":"2025-06-09T20:07:34","slug":"sta-sve-moze-moje-telo","status":"publish","type":"product","link":"https:\/\/provens.edu.rs\/en\/product\/what-my-body-can-do\/","title":{"rendered":"WHAT MY BODY CAN DO"},"content":{"rendered":"<p style=\"text-align: justify;\">WHAT MY BODY CAN DO - an interactive book with 93 QR links and a matrix is intended\nfor children aged 5 to 9+ and belongs to the &quot;Books with which you grow&quot; edition written\naccording to the method of Dragana Male\u0161evi\u0107, PhD. The interaction between the child and\nthe book is achieved through text, images, QR codes and a matrix for self-control. QR codes\nallow the book to guide the child to audio and video recordings. The matrix provides the\npossibility of self-assessment so that the child can only check the accuracy of his answers.<\/p>\n<p style=\"text-align: justify;\">The content of the book consists of four units.<\/p>\n<p style=\"text-align: justify;\">The first part is about anatomy: body parts and organs, keeping and caring for your body,\nemotions and workshops for the development of emotional intelligence, helping others and\nthe family tree.<\/p>\n<p style=\"text-align: justify;\">The second part refers to the physical movement of the body, toys and games with others,\nphysical exercises, sports, activities that the child can do and ways to explore the world\naround him, as well as people&#039;s occupations.<\/p>\n<p style=\"text-align: justify;\">The third part is about music. Children learn about instruments: piano, accordion, from\nstring instruments - violin, cello, guitar, from wind instruments: clarinet, flute, doubles,\ntrumpet, tuba, trombone), from percussion instruments: drums and other percussion\ninstruments. Through QR codes, they can hear the sounds of the instruments. Children\nmake their own instruments: a rattle and wind instrument from juice straws; they\nexperiment to &quot;play&quot; with bottles strained by water. They get to know different musical\ngenres and choose the most beautiful melodies for them.<\/p>\n<p style=\"text-align: justify;\">The fourth unit refers to artistic creativity. Children get to know basic and derived colors,\nart techniques and art materials. They learn about drawing, painting and sculpting, how to\nmake papier-m\u00e2ch\u00e9, collage, stained glass, mosaic, gratage, frottage and graphics. Children\nare encouraged to create something new and different.<\/p>\n<p style=\"text-align: justify;\">Reviewers: Ru\u017eica Igi\u0107, PhD., Sne\u017eana Bogdanovi\u0107<\/p>\n<p style=\"text-align: justify;\">Area reviewers: Nata\u0161a Ka\u0107anski (anatomy, pp. 2\u201333), Angela Mesaro\u0161 \u017divkov, PhD\n(physics, pp. 36\u201339), Nada Stani\u0107 (music, pp. 46\u201352), Sne\u017eana Mandi\u0107 and Sonja Bregun\n(art, p. 53\u201364).<\/p>\n<p style=\"text-align: justify;\">All rights reserved. No photocopies, prints, scans, other types of paper or electronic\ndissemination of this book are permitted without the author&#039;s express written consent.<\/p>\n<p style=\"text-align: justify;\">","protected":false},"excerpt":{"rendered":"<p>Author: Dragana Male\u0161evi\u0107, PhD<br \/>\nPublisher: PROVENS<br \/>\nBinding and format: hardcover, 220\u00d7220<br \/>\nNumber of pages: 64 pages<br \/>\nRelease year: 2023.<br \/>\nISBN: 978-86-81816-36-3<\/p>\n<p><a href=\"https:\/\/provens.edu.rs\/wp-content\/uploads\/2023\/10\/WHAT-MY-BODY-CAN-DO-bp.pdf\" target=\"_blank\" rel=\"noopener\"><span style=\"font-weight: 400;\"><strong>Book Preview<\/strong><\/span><\/a><\/p>\n<p><a href=\"https:\/\/provens.edu.rs\/wp-content\/uploads\/2022\/12\/ENGLESKI-metod-Interaktivnih-knjiga-sa-QR-kodovima-edicije.pdf\" target=\"_blank\" rel=\"noopener\"><strong>Description of the method in the \"Books you grow with\" edition<\/strong><\/a><\/p>\n<p>&nbsp;<\/p>\n<p>&nbsp;<\/p>","protected":false},"featured_media":2343,"comment_status":"open","ping_status":"closed","template":"","meta":{"site-sidebar-layout":"default","site-content-layout":"default","ast-site-content-layout":"default","site-content-style":"default","site-sidebar-style":"default","ast-global-header-display":"","ast-banner-title-visibility":"","ast-main-header-display":"","ast-hfb-above-header-display":"","ast-hfb-below-header-display":"","ast-hfb-mobile-header-display":"","site-post-title":"","ast-breadcrumbs-content":"","ast-featured-img":"","footer-sml-layout":"","theme-transparent-header-meta":"default","adv-header-id-meta":"","stick-header-meta":"default","header-above-stick-meta":"","header-main-stick-meta":"","header-below-stick-meta":"","astra-migrate-meta-layouts":"set","ast-page-background-enabled":"default","ast-page-background-meta":{"desktop":{"background-color":"","background-image":"","background-repeat":"repeat","background-position":"center center","background-size":"auto","background-attachment":"scroll","background-type":"","background-media":"","overlay-type":"","overlay-color":"","overlay-opacity":"","overlay-gradient":""},"tablet":{"background-color":"","background-image":"","background-repeat":"repeat","background-position":"center center","background-size":"auto","background-attachment":"scroll","background-type":"","background-media":"","overlay-type":"","overlay-color":"","overlay-opacity":"","overlay-gradient":""},"mobile":{"background-color":"","background-image":"","background-repeat":"repeat","background-position":"center center","background-size":"auto","background-attachment":"scroll","background-type":"","background-media":"","overlay-type":"","overlay-color":"","overlay-opacity":"","overlay-gradient":""}},"ast-content-background-meta":{"desktop":{"background-color":"var(--ast-global-color-5)","background-image":"","background-repeat":"repeat","background-position":"center center","background-size":"auto","background-attachment":"scroll","background-type":"","background-media":"","overlay-type":"","overlay-color":"","overlay-opacity":"","overlay-gradient":""},"tablet":{"background-color":"var(--ast-global-color-5)","background-image":"","background-repeat":"repeat","background-position":"center center","background-size":"auto","background-attachment":"scroll","background-type":"","background-media":"","overlay-type":"","overlay-color":"","overlay-opacity":"","overlay-gradient":""},"mobile":{"background-color":"var(--ast-global-color-5)","background-image":"","background-repeat":"repeat","background-position":"center center","background-size":"auto","background-attachment":"scroll","background-type":"","background-media":"","overlay-type":"","overlay-color":"","overlay-opacity":"","overlay-gradient":""}}},"product_brand":[],"product_cat":[24],"product_tag":[],"class_list":{"0":"post-1616","1":"product","2":"type-product","3":"status-publish","4":"has-post-thumbnail","6":"product_cat-knjige-za-decu","7":"desktop-align-center","8":"tablet-align-left","9":"mobile-align-left","10":"ast-product-gallery-layout-horizontal","11":"ast-product-gallery-with-no-image","12":"ast-product-tabs-layout-horizontal","13":"ast-qv-on-image-click","15":"first","16":"instock","17":"sale","18":"taxable","19":"shipping-taxable","20":"purchasable","21":"product-type-simple"},"yoast_head":"<!-- This site is optimized with the Yoast SEO Premium plugin v24.0 (Yoast SEO v24.5) - https:\/\/yoast.com\/wordpress\/plugins\/seo\/ -->\n<title>\u0160TA SVE MO\u017dE MOJE TELO - Provens<\/title>\n<meta name=\"description\" content=\"\u0160TA SVE MO\u017dE MOJE TELO \u2013 interaktivna knjiga sa 93 QR linkova i matricom namenjena je deci uzrasta od 5 do 9+ godina i pripada ediciji \u201eKnjige sa kojima se raste\u201c napisanih po metodu dr Dragane Male\u0161evi\u0107.\" \/>\n<meta name=\"robots\" content=\"index, follow, max-snippet:-1, max-image-preview:large, max-video-preview:-1\" \/>\n<link rel=\"canonical\" href=\"https:\/\/provens.edu.rs\/en\/product\/what-my-body-can-do\/\" \/>\n<meta property=\"og:locale\" content=\"en_GB\" \/>\n<meta property=\"og:type\" content=\"article\" \/>\n<meta property=\"og:title\" content=\"\u0160TA SVE MO\u017dE MOJE TELO\" \/>\n<meta property=\"og:description\" content=\"Autor: dr Dragana Male\u0161evi\u0107 Izdava\u010d: PROVENS Povez i format: tvrd povez, 220\u00d7220 Broj strana: 64 strana Godina izdanja: 2022. ISBN: 978-86-81816-30-1  Pogled u knjigu  Opis metode u ediciji \u201eKnjige sa kojima se raste\u201c  &nbsp;  &nbsp;\" \/>\n<meta property=\"og:url\" content=\"https:\/\/provens.edu.rs\/en\/product\/what-my-body-can-do\/\" \/>\n<meta property=\"og:site_name\" content=\"Provens\" \/>\n<meta property=\"article:modified_time\" content=\"2025-06-09T20:07:34+00:00\" \/>\n<meta property=\"og:image\" content=\"https:\/\/provens.edu.rs\/wp-content\/uploads\/2023\/11\/Sta-sve-moze-moje-telo-3.jpg\" \/>\n\t<meta property=\"og:image:width\" content=\"1330\" \/>\n\t<meta property=\"og:image:height\" content=\"1330\" \/>\n\t<meta property=\"og:image:type\" content=\"image\/jpeg\" \/>\n<meta name=\"twitter:card\" content=\"summary_large_image\" \/>\n<meta name=\"twitter:label1\" content=\"Price\" \/>\n\t<meta name=\"twitter:data1\" content=\"1,990.00&#1088;&#1089;&#1076;\" \/>\n\t<meta name=\"twitter:label2\" content=\"Availability\" \/>\n\t<meta name=\"twitter:data2\" content=\"In stock\" \/>\n<script type=\"application\/ld+json\" class=\"yoast-schema-graph\">{\"@context\":\"https:\/\/schema.org\",\"@graph\":[{\"@type\":\"WebPage\",\"@id\":\"https:\/\/provens.edu.rs\/product\/sta-sve-moze-moje-telo\/\",\"url\":\"https:\/\/provens.edu.rs\/product\/sta-sve-moze-moje-telo\/\",\"name\":\"\u0160TA SVE MO\u017dE MOJE TELO - Provens\",\"isPartOf\":{\"@id\":\"https:\/\/provens.edu.rs\/sr_rs\/#website\"},\"primaryImageOfPage\":{\"@id\":\"https:\/\/provens.edu.rs\/product\/sta-sve-moze-moje-telo\/#primaryimage\"},\"image\":{\"@id\":\"https:\/\/provens.edu.rs\/product\/sta-sve-moze-moje-telo\/#primaryimage\"},\"thumbnailUrl\":\"https:\/\/provens.edu.rs\/wp-content\/uploads\/2023\/11\/Sta-sve-moze-moje-telo-3.jpg\",\"datePublished\":\"2022-12-01T13:08:21+00:00\",\"dateModified\":\"2025-06-09T20:07:34+00:00\",\"description\":\"\u0160TA SVE MO\u017dE MOJE TELO \u2013 interaktivna knjiga sa 93 QR linkova i matricom namenjena je deci uzrasta od 5 do 9+ godina i pripada ediciji \u201eKnjige sa kojima se raste\u201c napisanih po metodu dr Dragane Male\u0161evi\u0107.\",\"breadcrumb\":{\"@id\":\"https:\/\/provens.edu.rs\/product\/sta-sve-moze-moje-telo\/#breadcrumb\"},\"inLanguage\":\"en-GB\",\"potentialAction\":[{\"@type\":\"ReadAction\",\"target\":[\"https:\/\/provens.edu.rs\/product\/sta-sve-moze-moje-telo\/\"]}]},{\"@type\":\"ImageObject\",\"inLanguage\":\"en-GB\",\"@id\":\"https:\/\/provens.edu.rs\/product\/sta-sve-moze-moje-telo\/#primaryimage\",\"url\":\"https:\/\/provens.edu.rs\/wp-content\/uploads\/2023\/11\/Sta-sve-moze-moje-telo-3.jpg\",\"contentUrl\":\"https:\/\/provens.edu.rs\/wp-content\/uploads\/2023\/11\/Sta-sve-moze-moje-telo-3.jpg\",\"width\":1330,\"height\":1330,\"caption\":\"\u0160TA SVE MO\u017dE MOJE TELO\"},{\"@type\":\"BreadcrumbList\",\"@id\":\"https:\/\/provens.edu.rs\/product\/sta-sve-moze-moje-telo\/#breadcrumb\",\"itemListElement\":[{\"@type\":\"ListItem\",\"position\":1,\"name\":\"Po\u010detna\",\"item\":\"https:\/\/provens.edu.rs\/sr_rs\/\"},{\"@type\":\"ListItem\",\"position\":2,\"name\":\"Knji\u017eara &#8211; Provens\",\"item\":\"https:\/\/provens.edu.rs\/shop\/\"},{\"@type\":\"ListItem\",\"position\":3,\"name\":\"\u0160TA SVE MO\u017dE MOJE TELO\"}]},{\"@type\":\"WebSite\",\"@id\":\"https:\/\/provens.edu.rs\/sr_rs\/#website\",\"url\":\"https:\/\/provens.edu.rs\/sr_rs\/\",\"name\":\"Provens - Biti najbolja verzija sebe\",\"description\":\"Udru\u017eenje za razvoj profesionalnih ve\u0161tina\",\"publisher\":{\"@id\":\"https:\/\/provens.edu.rs\/sr_rs\/#organization\"},\"potentialAction\":[{\"@type\":\"SearchAction\",\"target\":{\"@type\":\"EntryPoint\",\"urlTemplate\":\"https:\/\/provens.edu.rs\/sr_rs\/?s={search_term_string}\"},\"query-input\":{\"@type\":\"PropertyValueSpecification\",\"valueRequired\":true,\"valueName\":\"search_term_string\"}}],\"inLanguage\":\"en-GB\"},{\"@type\":\"Organization\",\"@id\":\"https:\/\/provens.edu.rs\/sr_rs\/#organization\",\"name\":\"Provens\",\"url\":\"https:\/\/provens.edu.rs\/sr_rs\/\",\"logo\":{\"@type\":\"ImageObject\",\"inLanguage\":\"en-GB\",\"@id\":\"https:\/\/provens.edu.rs\/sr_rs\/#\/schema\/logo\/image\/\",\"url\":\"https:\/\/provens.edu.rs\/wp-content\/uploads\/2020\/07\/provens.jpg\",\"contentUrl\":\"https:\/\/provens.edu.rs\/wp-content\/uploads\/2020\/07\/provens.jpg\",\"width\":1986,\"height\":562,\"caption\":\"Provens\"},\"image\":{\"@id\":\"https:\/\/provens.edu.rs\/sr_rs\/#\/schema\/logo\/image\/\"}}]}<\/script>\n<meta property=\"product:price:amount\" content=\"1990.00\" \/>\n<meta property=\"product:price:currency\" content=\"RSD\" \/>\n<meta property=\"og:availability\" content=\"instock\" \/>\n<meta property=\"product:availability\" content=\"instock\" \/>\n<meta property=\"product:condition\" content=\"new\" \/>\n<!-- \/ Yoast SEO Premium plugin. -->","yoast_head_json":{"title":"\u0160TA SVE MO\u017dE MOJE TELO - Provens","description":"\u0160TA SVE MO\u017dE MOJE TELO \u2013 interaktivna knjiga sa 93 QR linkova i matricom namenjena je deci uzrasta od 5 do 9+ godina i pripada ediciji \u201eKnjige sa kojima se raste\u201c napisanih po metodu dr Dragane Male\u0161evi\u0107.","robots":{"index":"index","follow":"follow","max-snippet":"max-snippet:-1","max-image-preview":"max-image-preview:large","max-video-preview":"max-video-preview:-1"},"canonical":"https:\/\/provens.edu.rs\/en\/product\/what-my-body-can-do\/","og_locale":"en_GB","og_type":"article","og_title":"\u0160TA SVE MO\u017dE MOJE TELO","og_description":"Autor: dr Dragana Male\u0161evi\u0107 Izdava\u010d: PROVENS Povez i format: tvrd povez, 220\u00d7220 Broj strana: 64 strana Godina izdanja: 2022. ISBN: 978-86-81816-30-1  Pogled u knjigu  Opis metode u ediciji \u201eKnjige sa kojima se raste\u201c  &nbsp;  &nbsp;","og_url":"https:\/\/provens.edu.rs\/en\/product\/what-my-body-can-do\/","og_site_name":"Provens","article_modified_time":"2025-06-09T20:07:34+00:00","og_image":[{"width":1330,"height":1330,"url":"https:\/\/provens.edu.rs\/wp-content\/uploads\/2023\/11\/Sta-sve-moze-moje-telo-3.jpg","type":"image\/jpeg"}],"twitter_card":"summary_large_image","twitter_misc":{"Price":"1,990.00&#1088;&#1089;&#1076;","Availability":"In stock"},"schema":{"@context":"https:\/\/schema.org","@graph":[{"@type":"WebPage","@id":"https:\/\/provens.edu.rs\/product\/sta-sve-moze-moje-telo\/","url":"https:\/\/provens.edu.rs\/product\/sta-sve-moze-moje-telo\/","name":"\u0160TA SVE MO\u017dE MOJE TELO - Provens","isPartOf":{"@id":"https:\/\/provens.edu.rs\/sr_rs\/#website"},"primaryImageOfPage":{"@id":"https:\/\/provens.edu.rs\/product\/sta-sve-moze-moje-telo\/#primaryimage"},"image":{"@id":"https:\/\/provens.edu.rs\/product\/sta-sve-moze-moje-telo\/#primaryimage"},"thumbnailUrl":"https:\/\/provens.edu.rs\/wp-content\/uploads\/2023\/11\/Sta-sve-moze-moje-telo-3.jpg","datePublished":"2022-12-01T13:08:21+00:00","dateModified":"2025-06-09T20:07:34+00:00","description":"\u0160TA SVE MO\u017dE MOJE TELO \u2013 interaktivna knjiga sa 93 QR linkova i matricom namenjena je deci uzrasta od 5 do 9+ godina i pripada ediciji \u201eKnjige sa kojima se raste\u201c napisanih po metodu dr Dragane Male\u0161evi\u0107.","breadcrumb":{"@id":"https:\/\/provens.edu.rs\/product\/sta-sve-moze-moje-telo\/#breadcrumb"},"inLanguage":"en-GB","potentialAction":[{"@type":"ReadAction","target":["https:\/\/provens.edu.rs\/product\/sta-sve-moze-moje-telo\/"]}]},{"@type":"ImageObject","inLanguage":"en-GB","@id":"https:\/\/provens.edu.rs\/product\/sta-sve-moze-moje-telo\/#primaryimage","url":"https:\/\/provens.edu.rs\/wp-content\/uploads\/2023\/11\/Sta-sve-moze-moje-telo-3.jpg","contentUrl":"https:\/\/provens.edu.rs\/wp-content\/uploads\/2023\/11\/Sta-sve-moze-moje-telo-3.jpg","width":1330,"height":1330,"caption":"\u0160TA SVE MO\u017dE MOJE TELO"},{"@type":"BreadcrumbList","@id":"https:\/\/provens.edu.rs\/product\/sta-sve-moze-moje-telo\/#breadcrumb","itemListElement":[{"@type":"ListItem","position":1,"name":"Po\u010detna","item":"https:\/\/provens.edu.rs\/sr_rs\/"},{"@type":"ListItem","position":2,"name":"Knji\u017eara &#8211; Provens","item":"https:\/\/provens.edu.rs\/shop\/"},{"@type":"ListItem","position":3,"name":"\u0160TA SVE MO\u017dE MOJE TELO"}]},{"@type":"WebSite","@id":"https:\/\/provens.edu.rs\/sr_rs\/#website","url":"https:\/\/provens.edu.rs\/sr_rs\/","name":"Provens - Biti najbolja verzija sebe","description":"Udru\u017eenje za razvoj profesionalnih ve\u0161tina","publisher":{"@id":"https:\/\/provens.edu.rs\/sr_rs\/#organization"},"potentialAction":[{"@type":"SearchAction","target":{"@type":"EntryPoint","urlTemplate":"https:\/\/provens.edu.rs\/sr_rs\/?s={search_term_string}"},"query-input":{"@type":"PropertyValueSpecification","valueRequired":true,"valueName":"search_term_string"}}],"inLanguage":"en-GB"},{"@type":"Organization","@id":"https:\/\/provens.edu.rs\/sr_rs\/#organization","name":"Provens","url":"https:\/\/provens.edu.rs\/sr_rs\/","logo":{"@type":"ImageObject","inLanguage":"en-GB","@id":"https:\/\/provens.edu.rs\/sr_rs\/#\/schema\/logo\/image\/","url":"https:\/\/provens.edu.rs\/wp-content\/uploads\/2020\/07\/provens.jpg","contentUrl":"https:\/\/provens.edu.rs\/wp-content\/uploads\/2020\/07\/provens.jpg","width":1986,"height":562,"caption":"Provens"},"image":{"@id":"https:\/\/provens.edu.rs\/sr_rs\/#\/schema\/logo\/image\/"}}]},"product_price_amount":"1990.00","product_price_currency":"RSD","og_availability":"instock","product_availability":"instock","product_condition":"new"},"_links":{"self":[{"href":"https:\/\/provens.edu.rs\/en\/wp-json\/wp\/v2\/product\/1616","targetHints":{"allow":["GET"]}}],"collection":[{"href":"https:\/\/provens.edu.rs\/en\/wp-json\/wp\/v2\/product"}],"about":[{"href":"https:\/\/provens.edu.rs\/en\/wp-json\/wp\/v2\/types\/product"}],"replies":[{"embeddable":true,"href":"https:\/\/provens.edu.rs\/en\/wp-json\/wp\/v2\/comments?post=1616"}],"wp:featuredmedia":[{"embeddable":true,"href":"https:\/\/provens.edu.rs\/en\/wp-json\/wp\/v2\/media\/2343"}],"wp:attachment":[{"href":"https:\/\/provens.edu.rs\/en\/wp-json\/wp\/v2\/media?parent=1616"}],"wp:term":[{"taxonomy":"product_brand","embeddable":true,"href":"https:\/\/provens.edu.rs\/en\/wp-json\/wp\/v2\/product_brand?post=1616"},{"taxonomy":"product_cat","embeddable":true,"href":"https:\/\/provens.edu.rs\/en\/wp-json\/wp\/v2\/product_cat?post=1616"},{"taxonomy":"product_tag","embeddable":true,"href":"https:\/\/provens.edu.rs\/en\/wp-json\/wp\/v2\/product_tag?post=1616"}],"curies":[{"name":"wp","href":"https:\/\/api.w.org\/{rel}","templated":true}]}}