{"id":1613,"date":"2022-12-01T12:59:07","date_gmt":"2022-12-01T12:59:07","guid":{"rendered":"https:\/\/provens.edu.rs\/?post_type=product&#038;p=1613"},"modified":"2025-09-04T06:50:51","modified_gmt":"2025-09-04T06:50:51","slug":"otkrivamo-cudesni-svet","status":"publish","type":"product","link":"https:\/\/provens.edu.rs\/en\/product\/otkrivamo-cudesni-svet\/","title":{"rendered":"DISCOVERING A WONDERFUL WORLD"},"content":{"rendered":"<p style=\"text-align: justify;\">DISCOVERING A WONDERFUL WORLD - an interactive book with 93 QR links and a matrix\nis intended for children aged 5 to 8+ and belongs to the \"Books with which you grow\"\nedition written according to the method of Dragana Male\u0161evi\u0107, PhD. The interaction\nbetween the child and the book is achieved through text, images, QR codes and a matrix for\nself-control. QR codes allow the book to guide the child to audio and video recordings. The\nmatrix provides the possibility of self-assessment so that the child can only check the\naccuracy of his answers.<\/p>\n<p style=\"text-align: justify;\">The content of the book consists of: seasons (characteristics, clothing, activities of people,\nplants, animals); measurements: time, temperature, liter, kilogram; inanimate nature - the\nSun (change of day and night, change of seasons, influence of light and heat of the Sun),\nwater (where it is, what it is used for, water pollution, experiments with water, water\ncirculation in nature), air (where it is , what is it used for, air pollution), land (appearance\nof the natural environment, what is it used for); experiments; sides of the world and\norientation in space; continents; Solar system (planets, Moon), magnetism, electricity and\ngravity.<\/p>\n<p style=\"text-align: justify;\">Reviewers: Danijela Radlovi\u0107 \u010cubrilo, PhD., Nata\u0161a Milo\u0161evi\u0107 Adamovi\u0107, PhD., Sne\u017eana\nBogdanovi\u0107<\/p>\n<p style=\"text-align: justify;\">All rights reserved. No photocopies, prints, scans, other types of paper or electronic\ndissemination of this book are permitted without the author&#039;s express written consent.<\/p>\n<p>&nbsp;<\/p>","protected":false},"excerpt":{"rendered":"<p class=\"translation-block\">Author: Dragana Male\u0161evi\u0107, PhD<br>\nPublisher: PROVENS<br>\nBinding and format: hardcover, 220\u00d7220<br>\nNumber of pages: 64 pages<br>\nRelease year: 2023.<br>\nISBN: 978-86-81816-35-6<\/p>\n<p><a href=\"https:\/\/provens.edu.rs\/wp-content\/uploads\/2023\/10\/DISCOVERING-A-WONDERFUL-WORLD-bp.pdf\" target=\"_blank\" rel=\"noopener\"><span style=\"font-weight: 400;\"><strong>Book Preview<\/strong><\/span><\/a><\/p>\n<p><a href=\"https:\/\/provens.edu.rs\/wp-content\/uploads\/2022\/12\/ENGLESKI-metod-Interaktivnih-knjiga-sa-QR-kodovima-edicije.pdf\" target=\"_blank\" rel=\"noopener\"><strong>Description of the method in the \"Books you grow with\" edition<\/strong><\/a><\/p>\n<p>&nbsp;<\/p>","protected":false},"featured_media":2342,"comment_status":"open","ping_status":"closed","template":"","meta":{"site-sidebar-layout":"default","site-content-layout":"default","ast-site-content-layout":"default","site-content-style":"default","site-sidebar-style":"default","ast-global-header-display":"","ast-banner-title-visibility":"","ast-main-header-display":"","ast-hfb-above-header-display":"","ast-hfb-below-header-display":"","ast-hfb-mobile-header-display":"","site-post-title":"","ast-breadcrumbs-content":"","ast-featured-img":"","footer-sml-layout":"","theme-transparent-header-meta":"default","adv-header-id-meta":"","stick-header-meta":"default","header-above-stick-meta":"","header-main-stick-meta":"","header-below-stick-meta":"","astra-migrate-meta-layouts":"set","ast-page-background-enabled":"default","ast-page-background-meta":{"desktop":{"background-color":"","background-image":"","background-repeat":"repeat","background-position":"center center","background-size":"auto","background-attachment":"scroll","background-type":"","background-media":"","overlay-type":"","overlay-color":"","overlay-opacity":"","overlay-gradient":""},"tablet":{"background-color":"","background-image":"","background-repeat":"repeat","background-position":"center center","background-size":"auto","background-attachment":"scroll","background-type":"","background-media":"","overlay-type":"","overlay-color":"","overlay-opacity":"","overlay-gradient":""},"mobile":{"background-color":"","background-image":"","background-repeat":"repeat","background-position":"center center","background-size":"auto","background-attachment":"scroll","background-type":"","background-media":"","overlay-type":"","overlay-color":"","overlay-opacity":"","overlay-gradient":""}},"ast-content-background-meta":{"desktop":{"background-color":"var(--ast-global-color-5)","background-image":"","background-repeat":"repeat","background-position":"center center","background-size":"auto","background-attachment":"scroll","background-type":"","background-media":"","overlay-type":"","overlay-color":"","overlay-opacity":"","overlay-gradient":""},"tablet":{"background-color":"var(--ast-global-color-5)","background-image":"","background-repeat":"repeat","background-position":"center center","background-size":"auto","background-attachment":"scroll","background-type":"","background-media":"","overlay-type":"","overlay-color":"","overlay-opacity":"","overlay-gradient":""},"mobile":{"background-color":"var(--ast-global-color-5)","background-image":"","background-repeat":"repeat","background-position":"center center","background-size":"auto","background-attachment":"scroll","background-type":"","background-media":"","overlay-type":"","overlay-color":"","overlay-opacity":"","overlay-gradient":""}}},"product_brand":[],"product_cat":[24],"product_tag":[],"class_list":{"0":"post-1613","1":"product","2":"type-product","3":"status-publish","4":"has-post-thumbnail","6":"product_cat-knjige-za-decu","7":"desktop-align-center","8":"tablet-align-left","9":"mobile-align-left","10":"ast-product-gallery-layout-horizontal","11":"ast-product-gallery-with-no-image","12":"ast-product-tabs-layout-horizontal","13":"ast-qv-on-image-click","15":"first","16":"instock","17":"sale","18":"taxable","19":"shipping-taxable","20":"purchasable","21":"product-type-simple"},"yoast_head":"<!-- This site is optimized with the Yoast SEO Premium plugin v24.0 (Yoast SEO v24.5) - https:\/\/yoast.com\/wordpress\/plugins\/seo\/ -->\n<title>OTKRIVAMO \u010cUDESNI SVET - Provens<\/title>\n<meta name=\"description\" content=\"OTKRIVAMO \u010cUDESNI SVET \u2013 interaktivna knjiga sa 93 QR linkova i matricom namenjena je deci uzrasta od 5 do 8+ godina i pripada ediciji \u201eKnjige sa kojima se raste\u201c napisanih po metodu dr Dragane Male\u0161evi\u0107.\" \/>\n<meta name=\"robots\" content=\"index, follow, max-snippet:-1, max-image-preview:large, max-video-preview:-1\" \/>\n<link rel=\"canonical\" href=\"https:\/\/provens.edu.rs\/en\/product\/otkrivamo-cudesni-svet\/\" \/>\n<meta property=\"og:locale\" content=\"en_GB\" \/>\n<meta property=\"og:type\" content=\"article\" \/>\n<meta property=\"og:title\" content=\"OTKRIVAMO \u010cUDESNI SVET\" \/>\n<meta property=\"og:description\" content=\"Autor: dr Dragana Male\u0161evi\u0107 Izdava\u010d: PROVENS Povez i format: tvrd povez, 220\u00d7220 Broj strana: 64 strana Godina izdanja: 2022. ISBN: 978-86-81816-25-7  Pogled u knjigu  Opis metode u ediciji \u201eKnjige sa kojima se raste\u201c  &nbsp;\" \/>\n<meta property=\"og:url\" content=\"https:\/\/provens.edu.rs\/en\/product\/otkrivamo-cudesni-svet\/\" \/>\n<meta property=\"og:site_name\" content=\"Provens\" \/>\n<meta property=\"article:modified_time\" content=\"2025-09-04T06:50:51+00:00\" \/>\n<meta property=\"og:image\" content=\"https:\/\/provens.edu.rs\/wp-content\/uploads\/2023\/11\/Otkrivamo-Cudesni-Svet-3.jpg\" \/>\n\t<meta property=\"og:image:width\" content=\"1330\" \/>\n\t<meta property=\"og:image:height\" content=\"1330\" \/>\n\t<meta property=\"og:image:type\" content=\"image\/jpeg\" \/>\n<meta name=\"twitter:card\" content=\"summary_large_image\" \/>\n<meta name=\"twitter:label1\" content=\"Price\" \/>\n\t<meta name=\"twitter:data1\" content=\"1,990.00&#1088;&#1089;&#1076;\" \/>\n\t<meta name=\"twitter:label2\" content=\"Availability\" \/>\n\t<meta name=\"twitter:data2\" content=\"In stock\" \/>\n<script type=\"application\/ld+json\" class=\"yoast-schema-graph\">{\"@context\":\"https:\/\/schema.org\",\"@graph\":[{\"@type\":\"WebPage\",\"@id\":\"https:\/\/provens.edu.rs\/product\/otkrivamo-cudesni-svet\/\",\"url\":\"https:\/\/provens.edu.rs\/product\/otkrivamo-cudesni-svet\/\",\"name\":\"OTKRIVAMO \u010cUDESNI SVET - Provens\",\"isPartOf\":{\"@id\":\"https:\/\/provens.edu.rs\/sr_rs\/#website\"},\"primaryImageOfPage\":{\"@id\":\"https:\/\/provens.edu.rs\/product\/otkrivamo-cudesni-svet\/#primaryimage\"},\"image\":{\"@id\":\"https:\/\/provens.edu.rs\/product\/otkrivamo-cudesni-svet\/#primaryimage\"},\"thumbnailUrl\":\"https:\/\/provens.edu.rs\/wp-content\/uploads\/2023\/11\/Otkrivamo-Cudesni-Svet-3.jpg\",\"datePublished\":\"2022-12-01T12:59:07+00:00\",\"dateModified\":\"2025-09-04T06:50:51+00:00\",\"description\":\"OTKRIVAMO \u010cUDESNI SVET \u2013 interaktivna knjiga sa 93 QR linkova i matricom namenjena je deci uzrasta od 5 do 8+ godina i pripada ediciji \u201eKnjige sa kojima se raste\u201c napisanih po metodu dr Dragane Male\u0161evi\u0107.\",\"breadcrumb\":{\"@id\":\"https:\/\/provens.edu.rs\/product\/otkrivamo-cudesni-svet\/#breadcrumb\"},\"inLanguage\":\"en-GB\",\"potentialAction\":[{\"@type\":\"ReadAction\",\"target\":[\"https:\/\/provens.edu.rs\/product\/otkrivamo-cudesni-svet\/\"]}]},{\"@type\":\"ImageObject\",\"inLanguage\":\"en-GB\",\"@id\":\"https:\/\/provens.edu.rs\/product\/otkrivamo-cudesni-svet\/#primaryimage\",\"url\":\"https:\/\/provens.edu.rs\/wp-content\/uploads\/2023\/11\/Otkrivamo-Cudesni-Svet-3.jpg\",\"contentUrl\":\"https:\/\/provens.edu.rs\/wp-content\/uploads\/2023\/11\/Otkrivamo-Cudesni-Svet-3.jpg\",\"width\":1330,\"height\":1330,\"caption\":\"OTKRIVAMO \u010cUDESNI SVET\"},{\"@type\":\"BreadcrumbList\",\"@id\":\"https:\/\/provens.edu.rs\/product\/otkrivamo-cudesni-svet\/#breadcrumb\",\"itemListElement\":[{\"@type\":\"ListItem\",\"position\":1,\"name\":\"Po\u010detna\",\"item\":\"https:\/\/provens.edu.rs\/sr_rs\/\"},{\"@type\":\"ListItem\",\"position\":2,\"name\":\"Knji\u017eara &#8211; Provens\",\"item\":\"https:\/\/provens.edu.rs\/shop\/\"},{\"@type\":\"ListItem\",\"position\":3,\"name\":\"OTKRIVAMO \u010cUDESNI SVET\"}]},{\"@type\":\"WebSite\",\"@id\":\"https:\/\/provens.edu.rs\/sr_rs\/#website\",\"url\":\"https:\/\/provens.edu.rs\/sr_rs\/\",\"name\":\"Provens - Biti najbolja verzija sebe\",\"description\":\"Udru\u017eenje za razvoj profesionalnih ve\u0161tina\",\"publisher\":{\"@id\":\"https:\/\/provens.edu.rs\/sr_rs\/#organization\"},\"potentialAction\":[{\"@type\":\"SearchAction\",\"target\":{\"@type\":\"EntryPoint\",\"urlTemplate\":\"https:\/\/provens.edu.rs\/sr_rs\/?s={search_term_string}\"},\"query-input\":{\"@type\":\"PropertyValueSpecification\",\"valueRequired\":true,\"valueName\":\"search_term_string\"}}],\"inLanguage\":\"en-GB\"},{\"@type\":\"Organization\",\"@id\":\"https:\/\/provens.edu.rs\/sr_rs\/#organization\",\"name\":\"Provens\",\"url\":\"https:\/\/provens.edu.rs\/sr_rs\/\",\"logo\":{\"@type\":\"ImageObject\",\"inLanguage\":\"en-GB\",\"@id\":\"https:\/\/provens.edu.rs\/sr_rs\/#\/schema\/logo\/image\/\",\"url\":\"https:\/\/provens.edu.rs\/wp-content\/uploads\/2020\/07\/provens.jpg\",\"contentUrl\":\"https:\/\/provens.edu.rs\/wp-content\/uploads\/2020\/07\/provens.jpg\",\"width\":1986,\"height\":562,\"caption\":\"Provens\"},\"image\":{\"@id\":\"https:\/\/provens.edu.rs\/sr_rs\/#\/schema\/logo\/image\/\"}}]}<\/script>\n<meta property=\"product:price:amount\" content=\"1990.00\" \/>\n<meta property=\"product:price:currency\" content=\"RSD\" \/>\n<meta property=\"og:availability\" content=\"instock\" \/>\n<meta property=\"product:availability\" content=\"instock\" \/>\n<meta property=\"product:condition\" content=\"new\" \/>\n<!-- \/ Yoast SEO Premium plugin. -->","yoast_head_json":{"title":"OTKRIVAMO \u010cUDESNI SVET - Provens","description":"OTKRIVAMO \u010cUDESNI SVET \u2013 interaktivna knjiga sa 93 QR linkova i matricom namenjena je deci uzrasta od 5 do 8+ godina i pripada ediciji \u201eKnjige sa kojima se raste\u201c napisanih po metodu dr Dragane Male\u0161evi\u0107.","robots":{"index":"index","follow":"follow","max-snippet":"max-snippet:-1","max-image-preview":"max-image-preview:large","max-video-preview":"max-video-preview:-1"},"canonical":"https:\/\/provens.edu.rs\/en\/product\/otkrivamo-cudesni-svet\/","og_locale":"en_GB","og_type":"article","og_title":"OTKRIVAMO \u010cUDESNI SVET","og_description":"Autor: dr Dragana Male\u0161evi\u0107 Izdava\u010d: PROVENS Povez i format: tvrd povez, 220\u00d7220 Broj strana: 64 strana Godina izdanja: 2022. ISBN: 978-86-81816-25-7  Pogled u knjigu  Opis metode u ediciji \u201eKnjige sa kojima se raste\u201c  &nbsp;","og_url":"https:\/\/provens.edu.rs\/en\/product\/otkrivamo-cudesni-svet\/","og_site_name":"Provens","article_modified_time":"2025-09-04T06:50:51+00:00","og_image":[{"width":1330,"height":1330,"url":"https:\/\/provens.edu.rs\/wp-content\/uploads\/2023\/11\/Otkrivamo-Cudesni-Svet-3.jpg","type":"image\/jpeg"}],"twitter_card":"summary_large_image","twitter_misc":{"Price":"1,990.00&#1088;&#1089;&#1076;","Availability":"In stock"},"schema":{"@context":"https:\/\/schema.org","@graph":[{"@type":"WebPage","@id":"https:\/\/provens.edu.rs\/product\/otkrivamo-cudesni-svet\/","url":"https:\/\/provens.edu.rs\/product\/otkrivamo-cudesni-svet\/","name":"OTKRIVAMO \u010cUDESNI SVET - Provens","isPartOf":{"@id":"https:\/\/provens.edu.rs\/sr_rs\/#website"},"primaryImageOfPage":{"@id":"https:\/\/provens.edu.rs\/product\/otkrivamo-cudesni-svet\/#primaryimage"},"image":{"@id":"https:\/\/provens.edu.rs\/product\/otkrivamo-cudesni-svet\/#primaryimage"},"thumbnailUrl":"https:\/\/provens.edu.rs\/wp-content\/uploads\/2023\/11\/Otkrivamo-Cudesni-Svet-3.jpg","datePublished":"2022-12-01T12:59:07+00:00","dateModified":"2025-09-04T06:50:51+00:00","description":"OTKRIVAMO \u010cUDESNI SVET \u2013 interaktivna knjiga sa 93 QR linkova i matricom namenjena je deci uzrasta od 5 do 8+ godina i pripada ediciji \u201eKnjige sa kojima se raste\u201c napisanih po metodu dr Dragane Male\u0161evi\u0107.","breadcrumb":{"@id":"https:\/\/provens.edu.rs\/product\/otkrivamo-cudesni-svet\/#breadcrumb"},"inLanguage":"en-GB","potentialAction":[{"@type":"ReadAction","target":["https:\/\/provens.edu.rs\/product\/otkrivamo-cudesni-svet\/"]}]},{"@type":"ImageObject","inLanguage":"en-GB","@id":"https:\/\/provens.edu.rs\/product\/otkrivamo-cudesni-svet\/#primaryimage","url":"https:\/\/provens.edu.rs\/wp-content\/uploads\/2023\/11\/Otkrivamo-Cudesni-Svet-3.jpg","contentUrl":"https:\/\/provens.edu.rs\/wp-content\/uploads\/2023\/11\/Otkrivamo-Cudesni-Svet-3.jpg","width":1330,"height":1330,"caption":"OTKRIVAMO \u010cUDESNI SVET"},{"@type":"BreadcrumbList","@id":"https:\/\/provens.edu.rs\/product\/otkrivamo-cudesni-svet\/#breadcrumb","itemListElement":[{"@type":"ListItem","position":1,"name":"Po\u010detna","item":"https:\/\/provens.edu.rs\/sr_rs\/"},{"@type":"ListItem","position":2,"name":"Knji\u017eara &#8211; Provens","item":"https:\/\/provens.edu.rs\/shop\/"},{"@type":"ListItem","position":3,"name":"OTKRIVAMO \u010cUDESNI SVET"}]},{"@type":"WebSite","@id":"https:\/\/provens.edu.rs\/sr_rs\/#website","url":"https:\/\/provens.edu.rs\/sr_rs\/","name":"Provens - Biti najbolja verzija sebe","description":"Udru\u017eenje za razvoj profesionalnih ve\u0161tina","publisher":{"@id":"https:\/\/provens.edu.rs\/sr_rs\/#organization"},"potentialAction":[{"@type":"SearchAction","target":{"@type":"EntryPoint","urlTemplate":"https:\/\/provens.edu.rs\/sr_rs\/?s={search_term_string}"},"query-input":{"@type":"PropertyValueSpecification","valueRequired":true,"valueName":"search_term_string"}}],"inLanguage":"en-GB"},{"@type":"Organization","@id":"https:\/\/provens.edu.rs\/sr_rs\/#organization","name":"Provens","url":"https:\/\/provens.edu.rs\/sr_rs\/","logo":{"@type":"ImageObject","inLanguage":"en-GB","@id":"https:\/\/provens.edu.rs\/sr_rs\/#\/schema\/logo\/image\/","url":"https:\/\/provens.edu.rs\/wp-content\/uploads\/2020\/07\/provens.jpg","contentUrl":"https:\/\/provens.edu.rs\/wp-content\/uploads\/2020\/07\/provens.jpg","width":1986,"height":562,"caption":"Provens"},"image":{"@id":"https:\/\/provens.edu.rs\/sr_rs\/#\/schema\/logo\/image\/"}}]},"product_price_amount":"1990.00","product_price_currency":"RSD","og_availability":"instock","product_availability":"instock","product_condition":"new"},"_links":{"self":[{"href":"https:\/\/provens.edu.rs\/en\/wp-json\/wp\/v2\/product\/1613","targetHints":{"allow":["GET"]}}],"collection":[{"href":"https:\/\/provens.edu.rs\/en\/wp-json\/wp\/v2\/product"}],"about":[{"href":"https:\/\/provens.edu.rs\/en\/wp-json\/wp\/v2\/types\/product"}],"replies":[{"embeddable":true,"href":"https:\/\/provens.edu.rs\/en\/wp-json\/wp\/v2\/comments?post=1613"}],"wp:featuredmedia":[{"embeddable":true,"href":"https:\/\/provens.edu.rs\/en\/wp-json\/wp\/v2\/media\/2342"}],"wp:attachment":[{"href":"https:\/\/provens.edu.rs\/en\/wp-json\/wp\/v2\/media?parent=1613"}],"wp:term":[{"taxonomy":"product_brand","embeddable":true,"href":"https:\/\/provens.edu.rs\/en\/wp-json\/wp\/v2\/product_brand?post=1613"},{"taxonomy":"product_cat","embeddable":true,"href":"https:\/\/provens.edu.rs\/en\/wp-json\/wp\/v2\/product_cat?post=1613"},{"taxonomy":"product_tag","embeddable":true,"href":"https:\/\/provens.edu.rs\/en\/wp-json\/wp\/v2\/product_tag?post=1613"}],"curies":[{"name":"wp","href":"https:\/\/api.w.org\/{rel}","templated":true}]}}