{"id":1539,"date":"2021-09-07T17:19:33","date_gmt":"2021-09-07T17:19:33","guid":{"rendered":"https:\/\/provens.edu.rs\/?post_type=product&#038;p=1539"},"modified":"2025-08-31T11:42:15","modified_gmt":"2025-08-31T11:42:15","slug":"vestine-uspostavljanja-interakcije-sa-drugim-ljudima-i-prilagodjavanja-uslovima-na-poslu","status":"publish","type":"product","link":"https:\/\/provens.edu.rs\/en\/product\/vestine-uspostavljanja-interakcije-sa-drugim-ljudima-i-prilagodjavanja-uslovima-na-poslu\/","title":{"rendered":"Skills of Interacting With Others and the Ability to Adapt at Work"},"content":{"rendered":"<p>This book is a guide for the development of skills of interacting with others and adapting to work conditions.<br \/>\nFirst, we will familiarize ourselves with the concept of socialization and the concept of social community. We will see that all communities, including the business community, carry within themselves a system of values, norms (rules of conduct), and measures (rewards or punishments) \u2013 on which the relationships of the community members are built.<br \/>\nIn order for an individual to be accepted by the community, they must go through the process of socialization (social learning of the system of values of the community, norms and measures) and the process of adaptation (adjustment) to the community. In doing so, they implement their social intelligence (SQ) and adaptive intelligence (AQ). We will see how these processes are used throughout our lives; in all business communities we wish to become members of.<br \/>\nWe will observe employee relations from a vantage point of social distance. We will analyse these relations with the aim of self-assessment. Social distance is particularly influenced by prejudices and stereotypes. We will consider what their influence is and how they, in their constant expression of hostile actions and statements, turn into discrimination.<\/p>","protected":false},"excerpt":{"rendered":"<p><span style=\"font-weight: 400;\">Author: Dragana Male\u0161evi\u0107, PhD<\/span><span style=\"font-weight: 400;\"><br \/>\n<\/span><span style=\"font-weight: 400;\">Publisher: PROVENS<\/span><span style=\"font-weight: 400;\"><br \/>\n<\/span><span style=\"font-weight: 400;\">Binding and format: paperback, 148\u00d7210<\/span><span style=\"font-weight: 400;\"><br \/>\n<\/span><span style=\"font-weight: 400;\">Number of pages: 70 pages<\/span><span style=\"font-weight: 400;\"><br \/>\n<\/span><span style=\"font-weight: 400;\">Release year: 2021.<br \/>\n<\/span>ISBN-978-86-81816-17-2<\/p>\n<p><a href=\"https:\/\/provens.edu.rs\/wp-content\/uploads\/2021\/09\/Pogled-u-knjigu-Socijalna-interakcija.pdf\" target=\"_blank\" rel=\"noopener\"><span style=\"font-weight: 400;\"><strong>Book Preview<\/strong><\/span><\/a><\/p>","protected":false},"featured_media":1540,"comment_status":"open","ping_status":"closed","template":"","meta":{"site-sidebar-layout":"default","site-content-layout":"default","ast-site-content-layout":"default","site-content-style":"default","site-sidebar-style":"default","ast-global-header-display":"","ast-banner-title-visibility":"","ast-main-header-display":"","ast-hfb-above-header-display":"","ast-hfb-below-header-display":"","ast-hfb-mobile-header-display":"","site-post-title":"","ast-breadcrumbs-content":"","ast-featured-img":"","footer-sml-layout":"","theme-transparent-header-meta":"default","adv-header-id-meta":"","stick-header-meta":"default","header-above-stick-meta":"","header-main-stick-meta":"","header-below-stick-meta":"","astra-migrate-meta-layouts":"set","ast-page-background-enabled":"default","ast-page-background-meta":{"desktop":{"background-color":"","background-image":"","background-repeat":"repeat","background-position":"center center","background-size":"auto","background-attachment":"scroll","background-type":"","background-media":"","overlay-type":"","overlay-color":"","overlay-opacity":"","overlay-gradient":""},"tablet":{"background-color":"","background-image":"","background-repeat":"repeat","background-position":"center center","background-size":"auto","background-attachment":"scroll","background-type":"","background-media":"","overlay-type":"","overlay-color":"","overlay-opacity":"","overlay-gradient":""},"mobile":{"background-color":"","background-image":"","background-repeat":"repeat","background-position":"center center","background-size":"auto","background-attachment":"scroll","background-type":"","background-media":"","overlay-type":"","overlay-color":"","overlay-opacity":"","overlay-gradient":""}},"ast-content-background-meta":{"desktop":{"background-color":"var(--ast-global-color-5)","background-image":"","background-repeat":"repeat","background-position":"center center","background-size":"auto","background-attachment":"scroll","background-type":"","background-media":"","overlay-type":"","overlay-color":"","overlay-opacity":"","overlay-gradient":""},"tablet":{"background-color":"var(--ast-global-color-5)","background-image":"","background-repeat":"repeat","background-position":"center center","background-size":"auto","background-attachment":"scroll","background-type":"","background-media":"","overlay-type":"","overlay-color":"","overlay-opacity":"","overlay-gradient":""},"mobile":{"background-color":"var(--ast-global-color-5)","background-image":"","background-repeat":"repeat","background-position":"center center","background-size":"auto","background-attachment":"scroll","background-type":"","background-media":"","overlay-type":"","overlay-color":"","overlay-opacity":"","overlay-gradient":""}}},"product_brand":[],"product_cat":[20],"product_tag":[],"class_list":{"0":"post-1539","1":"product","2":"type-product","3":"status-publish","4":"has-post-thumbnail","6":"product_cat-knjige","7":"desktop-align-center","8":"tablet-align-left","9":"mobile-align-left","10":"ast-product-gallery-layout-horizontal","11":"ast-product-gallery-with-no-image","12":"ast-product-tabs-layout-horizontal","13":"ast-qv-on-image-click","15":"first","16":"instock","17":"sale","18":"taxable","19":"shipping-taxable","20":"purchasable","21":"product-type-simple"},"yoast_head":"<!-- This site is optimized with the Yoast SEO Premium plugin v24.0 (Yoast SEO v24.5) - https:\/\/yoast.com\/wordpress\/plugins\/seo\/ -->\n<title>Ve\u0161tine uspostavljanja INTERAKCIJE SA DRUGIM LJUDIMA i PRILAGO\u0110AVANJA uslovima na poslu - Provens<\/title>\n<meta name=\"robots\" content=\"index, follow, max-snippet:-1, max-image-preview:large, max-video-preview:-1\" \/>\n<link rel=\"canonical\" href=\"https:\/\/provens.edu.rs\/en\/product\/vestine-uspostavljanja-interakcije-sa-drugim-ljudima-i-prilagodjavanja-uslovima-na-poslu\/\" \/>\n<meta property=\"og:locale\" content=\"en_GB\" \/>\n<meta property=\"og:type\" content=\"article\" \/>\n<meta property=\"og:title\" content=\"Ve\u0161tine uspostavljanja INTERAKCIJE SA DRUGIM LJUDIMA i PRILAGO\u0110AVANJA uslovima na poslu\" \/>\n<meta property=\"og:description\" content=\"Autor: dr Dragana Male\u0161evi\u0107 Izdava\u010d: PROVENS Povez i format: meki povez, 148\u00d7210 Broj strana: 70 strana Godina izdanja: 2021. ISBN-978-86-81816-17-2  Pogled u knjgu\" \/>\n<meta property=\"og:url\" content=\"https:\/\/provens.edu.rs\/en\/product\/vestine-uspostavljanja-interakcije-sa-drugim-ljudima-i-prilagodjavanja-uslovima-na-poslu\/\" \/>\n<meta property=\"og:site_name\" content=\"Provens\" \/>\n<meta property=\"article:modified_time\" content=\"2025-08-31T11:42:15+00:00\" \/>\n<meta property=\"og:image\" content=\"https:\/\/provens.edu.rs\/wp-content\/uploads\/2021\/09\/interakcije.jpg\" \/>\n\t<meta property=\"og:image:width\" content=\"1200\" \/>\n\t<meta property=\"og:image:height\" content=\"1200\" \/>\n\t<meta property=\"og:image:type\" content=\"image\/jpeg\" \/>\n<meta name=\"twitter:card\" content=\"summary_large_image\" \/>\n<meta name=\"twitter:label1\" content=\"Price\" \/>\n\t<meta name=\"twitter:data1\" content=\"790.00&#1088;&#1089;&#1076;\" \/>\n\t<meta name=\"twitter:label2\" content=\"Availability\" \/>\n\t<meta name=\"twitter:data2\" content=\"In stock\" \/>\n<script type=\"application\/ld+json\" class=\"yoast-schema-graph\">{\"@context\":\"https:\/\/schema.org\",\"@graph\":[{\"@type\":\"WebPage\",\"@id\":\"https:\/\/provens.edu.rs\/product\/vestine-uspostavljanja-interakcije-sa-drugim-ljudima-i-prilagodjavanja-uslovima-na-poslu\/\",\"url\":\"https:\/\/provens.edu.rs\/product\/vestine-uspostavljanja-interakcije-sa-drugim-ljudima-i-prilagodjavanja-uslovima-na-poslu\/\",\"name\":\"Ve\u0161tine uspostavljanja INTERAKCIJE SA DRUGIM LJUDIMA i PRILAGO\u0110AVANJA uslovima na poslu - Provens\",\"isPartOf\":{\"@id\":\"https:\/\/provens.edu.rs\/sr_rs\/#website\"},\"primaryImageOfPage\":{\"@id\":\"https:\/\/provens.edu.rs\/product\/vestine-uspostavljanja-interakcije-sa-drugim-ljudima-i-prilagodjavanja-uslovima-na-poslu\/#primaryimage\"},\"image\":{\"@id\":\"https:\/\/provens.edu.rs\/product\/vestine-uspostavljanja-interakcije-sa-drugim-ljudima-i-prilagodjavanja-uslovima-na-poslu\/#primaryimage\"},\"thumbnailUrl\":\"https:\/\/provens.edu.rs\/wp-content\/uploads\/2021\/09\/interakcije.jpg\",\"datePublished\":\"2021-09-07T17:19:33+00:00\",\"dateModified\":\"2025-08-31T11:42:15+00:00\",\"breadcrumb\":{\"@id\":\"https:\/\/provens.edu.rs\/product\/vestine-uspostavljanja-interakcije-sa-drugim-ljudima-i-prilagodjavanja-uslovima-na-poslu\/#breadcrumb\"},\"inLanguage\":\"en-GB\",\"potentialAction\":[{\"@type\":\"ReadAction\",\"target\":[\"https:\/\/provens.edu.rs\/product\/vestine-uspostavljanja-interakcije-sa-drugim-ljudima-i-prilagodjavanja-uslovima-na-poslu\/\"]}]},{\"@type\":\"ImageObject\",\"inLanguage\":\"en-GB\",\"@id\":\"https:\/\/provens.edu.rs\/product\/vestine-uspostavljanja-interakcije-sa-drugim-ljudima-i-prilagodjavanja-uslovima-na-poslu\/#primaryimage\",\"url\":\"https:\/\/provens.edu.rs\/wp-content\/uploads\/2021\/09\/interakcije.jpg\",\"contentUrl\":\"https:\/\/provens.edu.rs\/wp-content\/uploads\/2021\/09\/interakcije.jpg\",\"width\":1200,\"height\":1200},{\"@type\":\"BreadcrumbList\",\"@id\":\"https:\/\/provens.edu.rs\/product\/vestine-uspostavljanja-interakcije-sa-drugim-ljudima-i-prilagodjavanja-uslovima-na-poslu\/#breadcrumb\",\"itemListElement\":[{\"@type\":\"ListItem\",\"position\":1,\"name\":\"Po\u010detna\",\"item\":\"https:\/\/provens.edu.rs\/sr_rs\/\"},{\"@type\":\"ListItem\",\"position\":2,\"name\":\"Knji\u017eara &#8211; Provens\",\"item\":\"https:\/\/provens.edu.rs\/shop\/\"},{\"@type\":\"ListItem\",\"position\":3,\"name\":\"Ve\u0161tine uspostavljanja INTERAKCIJE SA DRUGIM LJUDIMA i PRILAGO\u0110AVANJA uslovima na poslu\"}]},{\"@type\":\"WebSite\",\"@id\":\"https:\/\/provens.edu.rs\/sr_rs\/#website\",\"url\":\"https:\/\/provens.edu.rs\/sr_rs\/\",\"name\":\"Provens - Biti najbolja verzija sebe\",\"description\":\"Udru\u017eenje za razvoj profesionalnih ve\u0161tina\",\"publisher\":{\"@id\":\"https:\/\/provens.edu.rs\/sr_rs\/#organization\"},\"potentialAction\":[{\"@type\":\"SearchAction\",\"target\":{\"@type\":\"EntryPoint\",\"urlTemplate\":\"https:\/\/provens.edu.rs\/sr_rs\/?s={search_term_string}\"},\"query-input\":{\"@type\":\"PropertyValueSpecification\",\"valueRequired\":true,\"valueName\":\"search_term_string\"}}],\"inLanguage\":\"en-GB\"},{\"@type\":\"Organization\",\"@id\":\"https:\/\/provens.edu.rs\/sr_rs\/#organization\",\"name\":\"Provens\",\"url\":\"https:\/\/provens.edu.rs\/sr_rs\/\",\"logo\":{\"@type\":\"ImageObject\",\"inLanguage\":\"en-GB\",\"@id\":\"https:\/\/provens.edu.rs\/sr_rs\/#\/schema\/logo\/image\/\",\"url\":\"https:\/\/provens.edu.rs\/wp-content\/uploads\/2020\/07\/provens.jpg\",\"contentUrl\":\"https:\/\/provens.edu.rs\/wp-content\/uploads\/2020\/07\/provens.jpg\",\"width\":1986,\"height\":562,\"caption\":\"Provens\"},\"image\":{\"@id\":\"https:\/\/provens.edu.rs\/sr_rs\/#\/schema\/logo\/image\/\"}}]}<\/script>\n<meta property=\"product:price:amount\" content=\"790.00\" \/>\n<meta property=\"product:price:currency\" content=\"RSD\" \/>\n<meta property=\"og:availability\" content=\"instock\" \/>\n<meta property=\"product:availability\" content=\"instock\" \/>\n<meta property=\"product:condition\" content=\"new\" \/>\n<!-- \/ Yoast SEO Premium plugin. -->","yoast_head_json":{"title":"Ve\u0161tine uspostavljanja INTERAKCIJE SA DRUGIM LJUDIMA i PRILAGO\u0110AVANJA uslovima na poslu - Provens","robots":{"index":"index","follow":"follow","max-snippet":"max-snippet:-1","max-image-preview":"max-image-preview:large","max-video-preview":"max-video-preview:-1"},"canonical":"https:\/\/provens.edu.rs\/en\/product\/vestine-uspostavljanja-interakcije-sa-drugim-ljudima-i-prilagodjavanja-uslovima-na-poslu\/","og_locale":"en_GB","og_type":"article","og_title":"Ve\u0161tine uspostavljanja INTERAKCIJE SA DRUGIM LJUDIMA i PRILAGO\u0110AVANJA uslovima na poslu","og_description":"Autor: dr Dragana Male\u0161evi\u0107 Izdava\u010d: PROVENS Povez i format: meki povez, 148\u00d7210 Broj strana: 70 strana Godina izdanja: 2021. ISBN-978-86-81816-17-2  Pogled u knjgu","og_url":"https:\/\/provens.edu.rs\/en\/product\/vestine-uspostavljanja-interakcije-sa-drugim-ljudima-i-prilagodjavanja-uslovima-na-poslu\/","og_site_name":"Provens","article_modified_time":"2025-08-31T11:42:15+00:00","og_image":[{"width":1200,"height":1200,"url":"https:\/\/provens.edu.rs\/wp-content\/uploads\/2021\/09\/interakcije.jpg","type":"image\/jpeg"}],"twitter_card":"summary_large_image","twitter_misc":{"Price":"790.00&#1088;&#1089;&#1076;","Availability":"In stock"},"schema":{"@context":"https:\/\/schema.org","@graph":[{"@type":"WebPage","@id":"https:\/\/provens.edu.rs\/product\/vestine-uspostavljanja-interakcije-sa-drugim-ljudima-i-prilagodjavanja-uslovima-na-poslu\/","url":"https:\/\/provens.edu.rs\/product\/vestine-uspostavljanja-interakcije-sa-drugim-ljudima-i-prilagodjavanja-uslovima-na-poslu\/","name":"Ve\u0161tine uspostavljanja INTERAKCIJE SA DRUGIM LJUDIMA i PRILAGO\u0110AVANJA uslovima na poslu - Provens","isPartOf":{"@id":"https:\/\/provens.edu.rs\/sr_rs\/#website"},"primaryImageOfPage":{"@id":"https:\/\/provens.edu.rs\/product\/vestine-uspostavljanja-interakcije-sa-drugim-ljudima-i-prilagodjavanja-uslovima-na-poslu\/#primaryimage"},"image":{"@id":"https:\/\/provens.edu.rs\/product\/vestine-uspostavljanja-interakcije-sa-drugim-ljudima-i-prilagodjavanja-uslovima-na-poslu\/#primaryimage"},"thumbnailUrl":"https:\/\/provens.edu.rs\/wp-content\/uploads\/2021\/09\/interakcije.jpg","datePublished":"2021-09-07T17:19:33+00:00","dateModified":"2025-08-31T11:42:15+00:00","breadcrumb":{"@id":"https:\/\/provens.edu.rs\/product\/vestine-uspostavljanja-interakcije-sa-drugim-ljudima-i-prilagodjavanja-uslovima-na-poslu\/#breadcrumb"},"inLanguage":"en-GB","potentialAction":[{"@type":"ReadAction","target":["https:\/\/provens.edu.rs\/product\/vestine-uspostavljanja-interakcije-sa-drugim-ljudima-i-prilagodjavanja-uslovima-na-poslu\/"]}]},{"@type":"ImageObject","inLanguage":"en-GB","@id":"https:\/\/provens.edu.rs\/product\/vestine-uspostavljanja-interakcije-sa-drugim-ljudima-i-prilagodjavanja-uslovima-na-poslu\/#primaryimage","url":"https:\/\/provens.edu.rs\/wp-content\/uploads\/2021\/09\/interakcije.jpg","contentUrl":"https:\/\/provens.edu.rs\/wp-content\/uploads\/2021\/09\/interakcije.jpg","width":1200,"height":1200},{"@type":"BreadcrumbList","@id":"https:\/\/provens.edu.rs\/product\/vestine-uspostavljanja-interakcije-sa-drugim-ljudima-i-prilagodjavanja-uslovima-na-poslu\/#breadcrumb","itemListElement":[{"@type":"ListItem","position":1,"name":"Po\u010detna","item":"https:\/\/provens.edu.rs\/sr_rs\/"},{"@type":"ListItem","position":2,"name":"Knji\u017eara &#8211; Provens","item":"https:\/\/provens.edu.rs\/shop\/"},{"@type":"ListItem","position":3,"name":"Ve\u0161tine uspostavljanja INTERAKCIJE SA DRUGIM LJUDIMA i PRILAGO\u0110AVANJA uslovima na poslu"}]},{"@type":"WebSite","@id":"https:\/\/provens.edu.rs\/sr_rs\/#website","url":"https:\/\/provens.edu.rs\/sr_rs\/","name":"Provens - Biti najbolja verzija sebe","description":"Udru\u017eenje za razvoj profesionalnih ve\u0161tina","publisher":{"@id":"https:\/\/provens.edu.rs\/sr_rs\/#organization"},"potentialAction":[{"@type":"SearchAction","target":{"@type":"EntryPoint","urlTemplate":"https:\/\/provens.edu.rs\/sr_rs\/?s={search_term_string}"},"query-input":{"@type":"PropertyValueSpecification","valueRequired":true,"valueName":"search_term_string"}}],"inLanguage":"en-GB"},{"@type":"Organization","@id":"https:\/\/provens.edu.rs\/sr_rs\/#organization","name":"Provens","url":"https:\/\/provens.edu.rs\/sr_rs\/","logo":{"@type":"ImageObject","inLanguage":"en-GB","@id":"https:\/\/provens.edu.rs\/sr_rs\/#\/schema\/logo\/image\/","url":"https:\/\/provens.edu.rs\/wp-content\/uploads\/2020\/07\/provens.jpg","contentUrl":"https:\/\/provens.edu.rs\/wp-content\/uploads\/2020\/07\/provens.jpg","width":1986,"height":562,"caption":"Provens"},"image":{"@id":"https:\/\/provens.edu.rs\/sr_rs\/#\/schema\/logo\/image\/"}}]},"product_price_amount":"790.00","product_price_currency":"RSD","og_availability":"instock","product_availability":"instock","product_condition":"new"},"_links":{"self":[{"href":"https:\/\/provens.edu.rs\/en\/wp-json\/wp\/v2\/product\/1539","targetHints":{"allow":["GET"]}}],"collection":[{"href":"https:\/\/provens.edu.rs\/en\/wp-json\/wp\/v2\/product"}],"about":[{"href":"https:\/\/provens.edu.rs\/en\/wp-json\/wp\/v2\/types\/product"}],"replies":[{"embeddable":true,"href":"https:\/\/provens.edu.rs\/en\/wp-json\/wp\/v2\/comments?post=1539"}],"wp:featuredmedia":[{"embeddable":true,"href":"https:\/\/provens.edu.rs\/en\/wp-json\/wp\/v2\/media\/1540"}],"wp:attachment":[{"href":"https:\/\/provens.edu.rs\/en\/wp-json\/wp\/v2\/media?parent=1539"}],"wp:term":[{"taxonomy":"product_brand","embeddable":true,"href":"https:\/\/provens.edu.rs\/en\/wp-json\/wp\/v2\/product_brand?post=1539"},{"taxonomy":"product_cat","embeddable":true,"href":"https:\/\/provens.edu.rs\/en\/wp-json\/wp\/v2\/product_cat?post=1539"},{"taxonomy":"product_tag","embeddable":true,"href":"https:\/\/provens.edu.rs\/en\/wp-json\/wp\/v2\/product_tag?post=1539"}],"curies":[{"name":"wp","href":"https:\/\/api.w.org\/{rel}","templated":true}]}}