{"id":1511,"date":"2021-03-20T18:53:32","date_gmt":"2021-03-20T18:53:32","guid":{"rendered":"https:\/\/provens.edu.rs\/?post_type=product&#038;p=1511"},"modified":"2024-10-18T09:20:40","modified_gmt":"2024-10-18T09:20:40","slug":"vestine-verbalne-i-neverbalne-komunikacije-i-intuitivni-oseti-u-poslu","status":"publish","type":"product","link":"https:\/\/provens.edu.rs\/en\/product\/verbal-and-non-verbal-communication-skills-and-intuitive-feelings-in-work\/","title":{"rendered":"Skills of Verbal and Nonverbal Communication and Intuitive Feelings"},"content":{"rendered":"<p>All rights reserved. No photocopies, prints, scans, other types of paper or electronic dissemination of this book are permitted without the author's express written consent.<\/p>\n<p class=\"p1\">Can you communicate successfully? Do you read the non-verbal messages of your interlocutor? Do\nyou rely on your intuition in your work?\nThis book can help you improve your verbal and non-verbal communication, as well as use your\nintuitive feelings in business.<\/p>\n<p class=\"p1 translation-block\">Within the framework of verbal communication, we paid special attention to developing the skills\nof successful presentation, public speaking and negotiation. The book offers the Negotiation\nCoordinates technique that can help you negotiate and make decisions based on negotiations.\nIn developing the skill of non-verbal communication, we explained what it is based on, how to\ncorrectly interpret the non-verbal messages of your interlocutor and contradictory signs that show\nthat your interlocutor is hiding his thoughts and feelings.\nIntuitive feelings are our natural, intuitive way of arriving at knowledge. They are our intuitive\nknowledge. And although our work is based on logical conclusions, intuitive feelings should not be\nneglected. These feelings can especially help us when evaluating a business interlocutor or when\nmaking decisions that are not strategic.<\/p>\n<p class=\"p1\">At the end of the book, all considerations in the recommendations for successful business\ncommunication are summarized, on the basis of which you can self-assess and get a clear picture of\nwhat you need to improve in your business communication.<\/p>","protected":false},"excerpt":{"rendered":"<p><span style=\"font-weight: 400;\">Author: Dragana Male\u0161evi\u0107, PhD<\/span><span style=\"font-weight: 400;\"><br \/>\n<\/span><span style=\"font-weight: 400;\">Publisher: PROVENS<\/span><span style=\"font-weight: 400;\"><br \/>\n<\/span><span style=\"font-weight: 400;\">Binding and format: paperback, 148\u00d7210<\/span><span style=\"font-weight: 400;\"><br \/>\n<\/span><span style=\"font-weight: 400;\">Number of pages: 60 pages<\/span><span style=\"font-weight: 400;\"><br \/>\n<\/span><span style=\"font-weight: 400;\">Release year: 2021.<br \/>\n<\/span>ISBN 978-86-81816-07-3 (Serbian)<br>\nISBN 978-86-81816-29-5 (English)<br \/>\n<span style=\"font-weight: 400;\"><a href=\"https:\/\/provens.edu.rs\/wp-content\/uploads\/2021\/09\/Skills-of-VERBAL-AND-NONVERBAL-COMMUNICATION-and-INTUITIVE-FEELINGS-bp.pdf\" target=\"_blank\" rel=\"noopener noreferrer\"><strong>Book Preview<\/strong><\/a><\/span><\/p>","protected":false},"featured_media":1514,"comment_status":"open","ping_status":"closed","template":"","meta":{"site-sidebar-layout":"default","site-content-layout":"default","ast-site-content-layout":"","site-content-style":"default","site-sidebar-style":"default","ast-global-header-display":"","ast-banner-title-visibility":"","ast-main-header-display":"","ast-hfb-above-header-display":"","ast-hfb-below-header-display":"","ast-hfb-mobile-header-display":"","site-post-title":"","ast-breadcrumbs-content":"","ast-featured-img":"","footer-sml-layout":"","theme-transparent-header-meta":"default","adv-header-id-meta":"","stick-header-meta":"","header-above-stick-meta":"","header-main-stick-meta":"","header-below-stick-meta":"","astra-migrate-meta-layouts":"default","ast-page-background-enabled":"default","ast-page-background-meta":{"desktop":{"background-color":"","background-image":"","background-repeat":"repeat","background-position":"center center","background-size":"auto","background-attachment":"scroll","background-type":"","background-media":"","overlay-type":"","overlay-color":"","overlay-opacity":"","overlay-gradient":""},"tablet":{"background-color":"","background-image":"","background-repeat":"repeat","background-position":"center center","background-size":"auto","background-attachment":"scroll","background-type":"","background-media":"","overlay-type":"","overlay-color":"","overlay-opacity":"","overlay-gradient":""},"mobile":{"background-color":"","background-image":"","background-repeat":"repeat","background-position":"center center","background-size":"auto","background-attachment":"scroll","background-type":"","background-media":"","overlay-type":"","overlay-color":"","overlay-opacity":"","overlay-gradient":""}},"ast-content-background-meta":{"desktop":{"background-color":"var(--ast-global-color-5)","background-image":"","background-repeat":"repeat","background-position":"center center","background-size":"auto","background-attachment":"scroll","background-type":"","background-media":"","overlay-type":"","overlay-color":"","overlay-opacity":"","overlay-gradient":""},"tablet":{"background-color":"var(--ast-global-color-5)","background-image":"","background-repeat":"repeat","background-position":"center center","background-size":"auto","background-attachment":"scroll","background-type":"","background-media":"","overlay-type":"","overlay-color":"","overlay-opacity":"","overlay-gradient":""},"mobile":{"background-color":"var(--ast-global-color-5)","background-image":"","background-repeat":"repeat","background-position":"center center","background-size":"auto","background-attachment":"scroll","background-type":"","background-media":"","overlay-type":"","overlay-color":"","overlay-opacity":"","overlay-gradient":""}}},"product_brand":[],"product_cat":[20],"product_tag":[],"class_list":{"0":"post-1511","1":"product","2":"type-product","3":"status-publish","4":"has-post-thumbnail","6":"product_cat-knjige","7":"desktop-align-center","8":"tablet-align-left","9":"mobile-align-left","10":"ast-product-gallery-layout-horizontal","11":"ast-product-gallery-with-no-image","12":"ast-product-tabs-layout-horizontal","13":"ast-qv-on-image-click","15":"first","16":"instock","17":"sale","18":"taxable","19":"shipping-taxable","20":"purchasable","21":"product-type-simple"},"yoast_head":"<!-- This site is optimized with the Yoast SEO Premium plugin v24.0 (Yoast SEO v24.5) - https:\/\/yoast.com\/wordpress\/plugins\/seo\/ -->\n<title>Ve\u0161tine VERBALNE I NEVERBALNE KOMUNIKACIJE i INTUITIVNI OSETI u poslu - Provens<\/title>\n<meta name=\"robots\" content=\"index, follow, max-snippet:-1, max-image-preview:large, max-video-preview:-1\" \/>\n<link rel=\"canonical\" href=\"https:\/\/provens.edu.rs\/en\/product\/verbal-and-non-verbal-communication-skills-and-intuitive-feelings-in-work\/\" \/>\n<meta property=\"og:locale\" content=\"en_GB\" \/>\n<meta property=\"og:type\" content=\"article\" \/>\n<meta property=\"og:title\" content=\"Ve\u0161tine VERBALNE I NEVERBALNE KOMUNIKACIJE i INTUITIVNI OSETI u poslu\" \/>\n<meta property=\"og:description\" content=\"Autor: dr Dragana Male\u0161evi\u0107 Izdava\u010d: PROVENS Povez i format: meki povez, 148\u00d7210 Broj strana: 60 strana Godina izdanja: 2021. ISBN 978-86-81816-07-3 Pogled u knjgu\" \/>\n<meta property=\"og:url\" content=\"https:\/\/provens.edu.rs\/en\/product\/verbal-and-non-verbal-communication-skills-and-intuitive-feelings-in-work\/\" \/>\n<meta property=\"og:site_name\" content=\"Provens\" \/>\n<meta property=\"article:modified_time\" content=\"2024-10-18T09:20:40+00:00\" \/>\n<meta property=\"og:image\" content=\"https:\/\/provens.edu.rs\/wp-content\/uploads\/2021\/03\/komunikacija-1.jpg\" \/>\n\t<meta property=\"og:image:width\" content=\"1200\" \/>\n\t<meta property=\"og:image:height\" content=\"1200\" \/>\n\t<meta property=\"og:image:type\" content=\"image\/jpeg\" \/>\n<meta name=\"twitter:card\" content=\"summary_large_image\" \/>\n<meta name=\"twitter:label1\" content=\"Price\" \/>\n\t<meta name=\"twitter:data1\" content=\"790.00&#1088;&#1089;&#1076;\" \/>\n\t<meta name=\"twitter:label2\" content=\"Availability\" \/>\n\t<meta name=\"twitter:data2\" content=\"In stock\" \/>\n<script type=\"application\/ld+json\" class=\"yoast-schema-graph\">{\"@context\":\"https:\/\/schema.org\",\"@graph\":[{\"@type\":\"WebPage\",\"@id\":\"https:\/\/provens.edu.rs\/product\/vestine-verbalne-i-neverbalne-komunikacije-i-intuitivni-oseti-u-poslu\/\",\"url\":\"https:\/\/provens.edu.rs\/product\/vestine-verbalne-i-neverbalne-komunikacije-i-intuitivni-oseti-u-poslu\/\",\"name\":\"Ve\u0161tine VERBALNE I NEVERBALNE KOMUNIKACIJE i INTUITIVNI OSETI u poslu - Provens\",\"isPartOf\":{\"@id\":\"https:\/\/provens.edu.rs\/sr_rs\/#website\"},\"primaryImageOfPage\":{\"@id\":\"https:\/\/provens.edu.rs\/product\/vestine-verbalne-i-neverbalne-komunikacije-i-intuitivni-oseti-u-poslu\/#primaryimage\"},\"image\":{\"@id\":\"https:\/\/provens.edu.rs\/product\/vestine-verbalne-i-neverbalne-komunikacije-i-intuitivni-oseti-u-poslu\/#primaryimage\"},\"thumbnailUrl\":\"https:\/\/provens.edu.rs\/wp-content\/uploads\/2021\/03\/komunikacija-1.jpg\",\"datePublished\":\"2021-03-20T18:53:32+00:00\",\"dateModified\":\"2024-10-18T09:20:40+00:00\",\"breadcrumb\":{\"@id\":\"https:\/\/provens.edu.rs\/product\/vestine-verbalne-i-neverbalne-komunikacije-i-intuitivni-oseti-u-poslu\/#breadcrumb\"},\"inLanguage\":\"en-GB\",\"potentialAction\":[{\"@type\":\"ReadAction\",\"target\":[\"https:\/\/provens.edu.rs\/product\/vestine-verbalne-i-neverbalne-komunikacije-i-intuitivni-oseti-u-poslu\/\"]}]},{\"@type\":\"ImageObject\",\"inLanguage\":\"en-GB\",\"@id\":\"https:\/\/provens.edu.rs\/product\/vestine-verbalne-i-neverbalne-komunikacije-i-intuitivni-oseti-u-poslu\/#primaryimage\",\"url\":\"https:\/\/provens.edu.rs\/wp-content\/uploads\/2021\/03\/komunikacija-1.jpg\",\"contentUrl\":\"https:\/\/provens.edu.rs\/wp-content\/uploads\/2021\/03\/komunikacija-1.jpg\",\"width\":1200,\"height\":1200},{\"@type\":\"BreadcrumbList\",\"@id\":\"https:\/\/provens.edu.rs\/product\/vestine-verbalne-i-neverbalne-komunikacije-i-intuitivni-oseti-u-poslu\/#breadcrumb\",\"itemListElement\":[{\"@type\":\"ListItem\",\"position\":1,\"name\":\"Po\u010detna\",\"item\":\"https:\/\/provens.edu.rs\/sr_rs\/\"},{\"@type\":\"ListItem\",\"position\":2,\"name\":\"Knji\u017eara &#8211; Provens\",\"item\":\"https:\/\/provens.edu.rs\/shop\/\"},{\"@type\":\"ListItem\",\"position\":3,\"name\":\"Ve\u0161tine VERBALNE I NEVERBALNE KOMUNIKACIJE i INTUITIVNI OSETI u poslu\"}]},{\"@type\":\"WebSite\",\"@id\":\"https:\/\/provens.edu.rs\/sr_rs\/#website\",\"url\":\"https:\/\/provens.edu.rs\/sr_rs\/\",\"name\":\"Provens - Biti najbolja verzija sebe\",\"description\":\"Udru\u017eenje za razvoj profesionalnih ve\u0161tina\",\"publisher\":{\"@id\":\"https:\/\/provens.edu.rs\/sr_rs\/#organization\"},\"potentialAction\":[{\"@type\":\"SearchAction\",\"target\":{\"@type\":\"EntryPoint\",\"urlTemplate\":\"https:\/\/provens.edu.rs\/sr_rs\/?s={search_term_string}\"},\"query-input\":{\"@type\":\"PropertyValueSpecification\",\"valueRequired\":true,\"valueName\":\"search_term_string\"}}],\"inLanguage\":\"en-GB\"},{\"@type\":\"Organization\",\"@id\":\"https:\/\/provens.edu.rs\/sr_rs\/#organization\",\"name\":\"Provens\",\"url\":\"https:\/\/provens.edu.rs\/sr_rs\/\",\"logo\":{\"@type\":\"ImageObject\",\"inLanguage\":\"en-GB\",\"@id\":\"https:\/\/provens.edu.rs\/sr_rs\/#\/schema\/logo\/image\/\",\"url\":\"https:\/\/provens.edu.rs\/wp-content\/uploads\/2020\/07\/provens.jpg\",\"contentUrl\":\"https:\/\/provens.edu.rs\/wp-content\/uploads\/2020\/07\/provens.jpg\",\"width\":1986,\"height\":562,\"caption\":\"Provens\"},\"image\":{\"@id\":\"https:\/\/provens.edu.rs\/sr_rs\/#\/schema\/logo\/image\/\"}}]}<\/script>\n<meta property=\"product:price:amount\" content=\"790.00\" \/>\n<meta property=\"product:price:currency\" content=\"RSD\" \/>\n<meta property=\"og:availability\" content=\"instock\" \/>\n<meta property=\"product:availability\" content=\"instock\" \/>\n<meta property=\"product:condition\" content=\"new\" \/>\n<!-- \/ Yoast SEO Premium plugin. -->","yoast_head_json":{"title":"Ve\u0161tine VERBALNE I NEVERBALNE KOMUNIKACIJE i INTUITIVNI OSETI u poslu - Provens","robots":{"index":"index","follow":"follow","max-snippet":"max-snippet:-1","max-image-preview":"max-image-preview:large","max-video-preview":"max-video-preview:-1"},"canonical":"https:\/\/provens.edu.rs\/en\/product\/verbal-and-non-verbal-communication-skills-and-intuitive-feelings-in-work\/","og_locale":"en_GB","og_type":"article","og_title":"Ve\u0161tine VERBALNE I NEVERBALNE KOMUNIKACIJE i INTUITIVNI OSETI u poslu","og_description":"Autor: dr Dragana Male\u0161evi\u0107 Izdava\u010d: PROVENS Povez i format: meki povez, 148\u00d7210 Broj strana: 60 strana Godina izdanja: 2021. ISBN 978-86-81816-07-3 Pogled u knjgu","og_url":"https:\/\/provens.edu.rs\/en\/product\/verbal-and-non-verbal-communication-skills-and-intuitive-feelings-in-work\/","og_site_name":"Provens","article_modified_time":"2024-10-18T09:20:40+00:00","og_image":[{"width":1200,"height":1200,"url":"https:\/\/provens.edu.rs\/wp-content\/uploads\/2021\/03\/komunikacija-1.jpg","type":"image\/jpeg"}],"twitter_card":"summary_large_image","twitter_misc":{"Price":"790.00&#1088;&#1089;&#1076;","Availability":"In stock"},"schema":{"@context":"https:\/\/schema.org","@graph":[{"@type":"WebPage","@id":"https:\/\/provens.edu.rs\/product\/vestine-verbalne-i-neverbalne-komunikacije-i-intuitivni-oseti-u-poslu\/","url":"https:\/\/provens.edu.rs\/product\/vestine-verbalne-i-neverbalne-komunikacije-i-intuitivni-oseti-u-poslu\/","name":"Ve\u0161tine VERBALNE I NEVERBALNE KOMUNIKACIJE i INTUITIVNI OSETI u poslu - Provens","isPartOf":{"@id":"https:\/\/provens.edu.rs\/sr_rs\/#website"},"primaryImageOfPage":{"@id":"https:\/\/provens.edu.rs\/product\/vestine-verbalne-i-neverbalne-komunikacije-i-intuitivni-oseti-u-poslu\/#primaryimage"},"image":{"@id":"https:\/\/provens.edu.rs\/product\/vestine-verbalne-i-neverbalne-komunikacije-i-intuitivni-oseti-u-poslu\/#primaryimage"},"thumbnailUrl":"https:\/\/provens.edu.rs\/wp-content\/uploads\/2021\/03\/komunikacija-1.jpg","datePublished":"2021-03-20T18:53:32+00:00","dateModified":"2024-10-18T09:20:40+00:00","breadcrumb":{"@id":"https:\/\/provens.edu.rs\/product\/vestine-verbalne-i-neverbalne-komunikacije-i-intuitivni-oseti-u-poslu\/#breadcrumb"},"inLanguage":"en-GB","potentialAction":[{"@type":"ReadAction","target":["https:\/\/provens.edu.rs\/product\/vestine-verbalne-i-neverbalne-komunikacije-i-intuitivni-oseti-u-poslu\/"]}]},{"@type":"ImageObject","inLanguage":"en-GB","@id":"https:\/\/provens.edu.rs\/product\/vestine-verbalne-i-neverbalne-komunikacije-i-intuitivni-oseti-u-poslu\/#primaryimage","url":"https:\/\/provens.edu.rs\/wp-content\/uploads\/2021\/03\/komunikacija-1.jpg","contentUrl":"https:\/\/provens.edu.rs\/wp-content\/uploads\/2021\/03\/komunikacija-1.jpg","width":1200,"height":1200},{"@type":"BreadcrumbList","@id":"https:\/\/provens.edu.rs\/product\/vestine-verbalne-i-neverbalne-komunikacije-i-intuitivni-oseti-u-poslu\/#breadcrumb","itemListElement":[{"@type":"ListItem","position":1,"name":"Po\u010detna","item":"https:\/\/provens.edu.rs\/sr_rs\/"},{"@type":"ListItem","position":2,"name":"Knji\u017eara &#8211; Provens","item":"https:\/\/provens.edu.rs\/shop\/"},{"@type":"ListItem","position":3,"name":"Ve\u0161tine VERBALNE I NEVERBALNE KOMUNIKACIJE i INTUITIVNI OSETI u poslu"}]},{"@type":"WebSite","@id":"https:\/\/provens.edu.rs\/sr_rs\/#website","url":"https:\/\/provens.edu.rs\/sr_rs\/","name":"Provens - Biti najbolja verzija sebe","description":"Udru\u017eenje za razvoj profesionalnih ve\u0161tina","publisher":{"@id":"https:\/\/provens.edu.rs\/sr_rs\/#organization"},"potentialAction":[{"@type":"SearchAction","target":{"@type":"EntryPoint","urlTemplate":"https:\/\/provens.edu.rs\/sr_rs\/?s={search_term_string}"},"query-input":{"@type":"PropertyValueSpecification","valueRequired":true,"valueName":"search_term_string"}}],"inLanguage":"en-GB"},{"@type":"Organization","@id":"https:\/\/provens.edu.rs\/sr_rs\/#organization","name":"Provens","url":"https:\/\/provens.edu.rs\/sr_rs\/","logo":{"@type":"ImageObject","inLanguage":"en-GB","@id":"https:\/\/provens.edu.rs\/sr_rs\/#\/schema\/logo\/image\/","url":"https:\/\/provens.edu.rs\/wp-content\/uploads\/2020\/07\/provens.jpg","contentUrl":"https:\/\/provens.edu.rs\/wp-content\/uploads\/2020\/07\/provens.jpg","width":1986,"height":562,"caption":"Provens"},"image":{"@id":"https:\/\/provens.edu.rs\/sr_rs\/#\/schema\/logo\/image\/"}}]},"product_price_amount":"790.00","product_price_currency":"RSD","og_availability":"instock","product_availability":"instock","product_condition":"new"},"_links":{"self":[{"href":"https:\/\/provens.edu.rs\/en\/wp-json\/wp\/v2\/product\/1511","targetHints":{"allow":["GET"]}}],"collection":[{"href":"https:\/\/provens.edu.rs\/en\/wp-json\/wp\/v2\/product"}],"about":[{"href":"https:\/\/provens.edu.rs\/en\/wp-json\/wp\/v2\/types\/product"}],"replies":[{"embeddable":true,"href":"https:\/\/provens.edu.rs\/en\/wp-json\/wp\/v2\/comments?post=1511"}],"wp:featuredmedia":[{"embeddable":true,"href":"https:\/\/provens.edu.rs\/en\/wp-json\/wp\/v2\/media\/1514"}],"wp:attachment":[{"href":"https:\/\/provens.edu.rs\/en\/wp-json\/wp\/v2\/media?parent=1511"}],"wp:term":[{"taxonomy":"product_brand","embeddable":true,"href":"https:\/\/provens.edu.rs\/en\/wp-json\/wp\/v2\/product_brand?post=1511"},{"taxonomy":"product_cat","embeddable":true,"href":"https:\/\/provens.edu.rs\/en\/wp-json\/wp\/v2\/product_cat?post=1511"},{"taxonomy":"product_tag","embeddable":true,"href":"https:\/\/provens.edu.rs\/en\/wp-json\/wp\/v2\/product_tag?post=1511"}],"curies":[{"name":"wp","href":"https:\/\/api.w.org\/{rel}","templated":true}]}}