{"id":1465,"date":"2020-09-28T15:27:59","date_gmt":"2020-09-28T15:27:59","guid":{"rendered":"http:\/\/provens.edu.rs\/?post_type=product&#038;p=1465"},"modified":"2025-11-03T08:11:41","modified_gmt":"2025-11-03T08:11:41","slug":"vestine-upravljanja-stresom-i-sprecavanja-sagorevanja-na-poslu","status":"publish","type":"product","link":"https:\/\/provens.edu.rs\/en\/product\/vestine-upravljanja-stresom-i-sprecavanja-sagorevanja-na-poslu\/","title":{"rendered":"Stress Management and Burnout Prevention Skills"},"content":{"rendered":"<p><span style=\"font-weight: 400;\">Can you protect yourself from stress at work?<\/span><\/p>\n<p><span style=\"font-weight: 400;\">This book is a guide for the development of skills of stress management and burnout\nprevention at work. We are aware that we are under the constant influence of stress, but do\nwe know how to defend ourselves from it and not burn out at work?<\/span><\/p>\n<p><span style=\"font-weight: 400;\">Factors that affect stress can be numerous, and we have singled out and considered the\nrelationships between fear and stress, lying and stress, adjusting personal to collective\nbehaviour and stress, illusions and stress, values and stress, and professional work and\nstress. Here, you will find techniques and recommendations for defending against stress,\nand you will be encouraged to make self-assessments in relation to the given descriptions\nand consider the extent to which others create stress for you and the extent to which you\ncreate stress for yourself.\u00a0<\/span><\/p>\n<p class=\"translation-block\">The name of the &quot;burnout syndrome&quot; comes from the words burn and out, meaning to\n&quot;dissolve in flames&quot;. Based on the description of the types of fatigue, reactions and burnout\nstages, you will be able to make an assessment of the burnout stage that you are in and of\nthe fatigue you feel. To be even more precise, we have created a scale for assessing burnout\nat work, based on which you will be able to get results on the level of your burnout. To get\nrid of burns, we have offered you the technique of Coordinates for Resolving Stress, as well\nas the ISKORAK (STEP OUT) technique, which enables the establishment of balance and\nwhose application leads to inner balance.<\/p>\n<p><span style=\"font-weight: 400;\">We hope that this book will help you gain insight into the factors affecting your stress and\nburnout levels through self-assessment and that the recommendations and techniques will\nenable you to establish inner balance, peace and satisfaction in your personal and\nprofessional life.<\/span><\/p>","protected":false},"excerpt":{"rendered":"<p><span style=\"font-weight: 400;\">Author: Dragana Male\u0161evi\u0107, PhD<\/span><span style=\"font-weight: 400;\"><br \/>\n<\/span><span style=\"font-weight: 400;\">Publisher: PROVENS<\/span><span style=\"font-weight: 400;\"><br \/>\n<\/span><span style=\"font-weight: 400;\">Binding and format: paperback, 148\u00d7210<\/span><span style=\"font-weight: 400;\"><br \/>\n<\/span><span style=\"font-weight: 400;\">Number of pages: 60 pages<\/span><span style=\"font-weight: 400;\"><br \/>\n<\/span><span style=\"font-weight: 400;\">Release year: 2020.<\/span><span style=\"font-weight: 400;\"><br \/>\n<\/span><span style=\"font-weight: 400;\">ISBN 978-86-81816-04-2 (Serbian)<br>\nISBN 978-86-81816-23-3 (English)<br \/>\n<a href=\"http:\/\/provens.edu.rs\/wp-content\/uploads\/2021\/09\/STRESS-MANAGEMENT-AND-BURNOUT-PREVENTION-SKILLS-pw.pdf\" target=\"_blank\" rel=\"noopener noreferrer\"><strong>Book Preview<\/strong><\/a><\/span><\/p>","protected":false},"featured_media":1466,"comment_status":"open","ping_status":"closed","template":"","meta":{"site-sidebar-layout":"default","site-content-layout":"default","ast-site-content-layout":"","site-content-style":"default","site-sidebar-style":"default","ast-global-header-display":"","ast-banner-title-visibility":"","ast-main-header-display":"","ast-hfb-above-header-display":"","ast-hfb-below-header-display":"","ast-hfb-mobile-header-display":"","site-post-title":"","ast-breadcrumbs-content":"","ast-featured-img":"","footer-sml-layout":"","theme-transparent-header-meta":"default","adv-header-id-meta":"","stick-header-meta":"","header-above-stick-meta":"","header-main-stick-meta":"","header-below-stick-meta":"","astra-migrate-meta-layouts":"default","ast-page-background-enabled":"default","ast-page-background-meta":{"desktop":{"background-color":"","background-image":"","background-repeat":"repeat","background-position":"center center","background-size":"auto","background-attachment":"scroll","background-type":"","background-media":"","overlay-type":"","overlay-color":"","overlay-opacity":"","overlay-gradient":""},"tablet":{"background-color":"","background-image":"","background-repeat":"repeat","background-position":"center center","background-size":"auto","background-attachment":"scroll","background-type":"","background-media":"","overlay-type":"","overlay-color":"","overlay-opacity":"","overlay-gradient":""},"mobile":{"background-color":"","background-image":"","background-repeat":"repeat","background-position":"center center","background-size":"auto","background-attachment":"scroll","background-type":"","background-media":"","overlay-type":"","overlay-color":"","overlay-opacity":"","overlay-gradient":""}},"ast-content-background-meta":{"desktop":{"background-color":"var(--ast-global-color-5)","background-image":"","background-repeat":"repeat","background-position":"center center","background-size":"auto","background-attachment":"scroll","background-type":"","background-media":"","overlay-type":"","overlay-color":"","overlay-opacity":"","overlay-gradient":""},"tablet":{"background-color":"var(--ast-global-color-5)","background-image":"","background-repeat":"repeat","background-position":"center center","background-size":"auto","background-attachment":"scroll","background-type":"","background-media":"","overlay-type":"","overlay-color":"","overlay-opacity":"","overlay-gradient":""},"mobile":{"background-color":"var(--ast-global-color-5)","background-image":"","background-repeat":"repeat","background-position":"center center","background-size":"auto","background-attachment":"scroll","background-type":"","background-media":"","overlay-type":"","overlay-color":"","overlay-opacity":"","overlay-gradient":""}}},"product_brand":[],"product_cat":[20],"product_tag":[],"class_list":{"0":"post-1465","1":"product","2":"type-product","3":"status-publish","4":"has-post-thumbnail","6":"product_cat-knjige","7":"desktop-align-center","8":"tablet-align-left","9":"mobile-align-left","10":"ast-product-gallery-layout-horizontal","11":"ast-product-gallery-with-no-image","12":"ast-product-tabs-layout-horizontal","13":"ast-qv-on-image-click","15":"first","16":"outofstock","17":"taxable","18":"shipping-taxable","19":"product-type-simple"},"yoast_head":"<!-- This site is optimized with the Yoast SEO Premium plugin v24.0 (Yoast SEO v24.5) - https:\/\/yoast.com\/wordpress\/plugins\/seo\/ -->\n<title>Ve\u0161tine upravljanja STRESOM i SPRE\u010cAVANJA SAGOREVANJA na poslu - Provens<\/title>\n<meta name=\"robots\" content=\"index, follow, max-snippet:-1, max-image-preview:large, max-video-preview:-1\" \/>\n<link rel=\"canonical\" href=\"https:\/\/provens.edu.rs\/en\/product\/vestine-upravljanja-stresom-i-sprecavanja-sagorevanja-na-poslu\/\" \/>\n<meta property=\"og:locale\" content=\"en_GB\" \/>\n<meta property=\"og:type\" content=\"article\" \/>\n<meta property=\"og:title\" content=\"Ve\u0161tine upravljanja STRESOM i SPRE\u010cAVANJA SAGOREVANJA na poslu\" \/>\n<meta property=\"og:description\" content=\"Autor: dr Dragana Male\u0161evi\u0107 Izdava\u010d: PROVENS Povez i format: meki povez, 148\u00d7210 Broj strana: 60 strana Godina izdanja: 2020. ISBN: 978-86-81816-04-2 Pogled u knjgu\" \/>\n<meta property=\"og:url\" content=\"https:\/\/provens.edu.rs\/en\/product\/vestine-upravljanja-stresom-i-sprecavanja-sagorevanja-na-poslu\/\" \/>\n<meta property=\"og:site_name\" content=\"Provens\" \/>\n<meta property=\"article:modified_time\" content=\"2025-11-03T08:11:41+00:00\" \/>\n<meta property=\"og:image\" content=\"https:\/\/provens.edu.rs\/wp-content\/uploads\/2020\/09\/stres.jpg\" \/>\n\t<meta property=\"og:image:width\" content=\"1200\" \/>\n\t<meta property=\"og:image:height\" content=\"1200\" \/>\n\t<meta property=\"og:image:type\" content=\"image\/jpeg\" \/>\n<meta name=\"twitter:card\" content=\"summary_large_image\" \/>\n<meta name=\"twitter:label1\" content=\"Price\" \/>\n\t<meta name=\"twitter:data1\" content=\"\" \/>\n\t<meta name=\"twitter:label2\" content=\"Availability\" \/>\n\t<meta name=\"twitter:data2\" content=\"Out of stock\" \/>\n<script type=\"application\/ld+json\" class=\"yoast-schema-graph\">{\"@context\":\"https:\/\/schema.org\",\"@graph\":[{\"@type\":\"WebPage\",\"@id\":\"https:\/\/provens.edu.rs\/product\/vestine-upravljanja-stresom-i-sprecavanja-sagorevanja-na-poslu\/\",\"url\":\"https:\/\/provens.edu.rs\/product\/vestine-upravljanja-stresom-i-sprecavanja-sagorevanja-na-poslu\/\",\"name\":\"Ve\u0161tine upravljanja STRESOM i SPRE\u010cAVANJA SAGOREVANJA na poslu - Provens\",\"isPartOf\":{\"@id\":\"https:\/\/provens.edu.rs\/sr_rs\/#website\"},\"primaryImageOfPage\":{\"@id\":\"https:\/\/provens.edu.rs\/product\/vestine-upravljanja-stresom-i-sprecavanja-sagorevanja-na-poslu\/#primaryimage\"},\"image\":{\"@id\":\"https:\/\/provens.edu.rs\/product\/vestine-upravljanja-stresom-i-sprecavanja-sagorevanja-na-poslu\/#primaryimage\"},\"thumbnailUrl\":\"https:\/\/provens.edu.rs\/wp-content\/uploads\/2020\/09\/stres.jpg\",\"datePublished\":\"2020-09-28T15:27:59+00:00\",\"dateModified\":\"2025-11-03T08:11:41+00:00\",\"breadcrumb\":{\"@id\":\"https:\/\/provens.edu.rs\/product\/vestine-upravljanja-stresom-i-sprecavanja-sagorevanja-na-poslu\/#breadcrumb\"},\"inLanguage\":\"en-GB\",\"potentialAction\":[{\"@type\":\"ReadAction\",\"target\":[\"https:\/\/provens.edu.rs\/product\/vestine-upravljanja-stresom-i-sprecavanja-sagorevanja-na-poslu\/\"]}]},{\"@type\":\"ImageObject\",\"inLanguage\":\"en-GB\",\"@id\":\"https:\/\/provens.edu.rs\/product\/vestine-upravljanja-stresom-i-sprecavanja-sagorevanja-na-poslu\/#primaryimage\",\"url\":\"https:\/\/provens.edu.rs\/wp-content\/uploads\/2020\/09\/stres.jpg\",\"contentUrl\":\"https:\/\/provens.edu.rs\/wp-content\/uploads\/2020\/09\/stres.jpg\",\"width\":1200,\"height\":1200},{\"@type\":\"BreadcrumbList\",\"@id\":\"https:\/\/provens.edu.rs\/product\/vestine-upravljanja-stresom-i-sprecavanja-sagorevanja-na-poslu\/#breadcrumb\",\"itemListElement\":[{\"@type\":\"ListItem\",\"position\":1,\"name\":\"Po\u010detna\",\"item\":\"https:\/\/provens.edu.rs\/sr_rs\/\"},{\"@type\":\"ListItem\",\"position\":2,\"name\":\"Knji\u017eara &#8211; Provens\",\"item\":\"https:\/\/provens.edu.rs\/shop\/\"},{\"@type\":\"ListItem\",\"position\":3,\"name\":\"Ve\u0161tine upravljanja STRESOM i SPRE\u010cAVANJA SAGOREVANJA na poslu\"}]},{\"@type\":\"WebSite\",\"@id\":\"https:\/\/provens.edu.rs\/sr_rs\/#website\",\"url\":\"https:\/\/provens.edu.rs\/sr_rs\/\",\"name\":\"Provens - Biti najbolja verzija sebe\",\"description\":\"Udru\u017eenje za razvoj profesionalnih ve\u0161tina\",\"publisher\":{\"@id\":\"https:\/\/provens.edu.rs\/sr_rs\/#organization\"},\"potentialAction\":[{\"@type\":\"SearchAction\",\"target\":{\"@type\":\"EntryPoint\",\"urlTemplate\":\"https:\/\/provens.edu.rs\/sr_rs\/?s={search_term_string}\"},\"query-input\":{\"@type\":\"PropertyValueSpecification\",\"valueRequired\":true,\"valueName\":\"search_term_string\"}}],\"inLanguage\":\"en-GB\"},{\"@type\":\"Organization\",\"@id\":\"https:\/\/provens.edu.rs\/sr_rs\/#organization\",\"name\":\"Provens\",\"url\":\"https:\/\/provens.edu.rs\/sr_rs\/\",\"logo\":{\"@type\":\"ImageObject\",\"inLanguage\":\"en-GB\",\"@id\":\"https:\/\/provens.edu.rs\/sr_rs\/#\/schema\/logo\/image\/\",\"url\":\"https:\/\/provens.edu.rs\/wp-content\/uploads\/2020\/07\/provens.jpg\",\"contentUrl\":\"https:\/\/provens.edu.rs\/wp-content\/uploads\/2020\/07\/provens.jpg\",\"width\":1986,\"height\":562,\"caption\":\"Provens\"},\"image\":{\"@id\":\"https:\/\/provens.edu.rs\/sr_rs\/#\/schema\/logo\/image\/\"}}]}<\/script>\n<meta property=\"product:price:amount\" content=\"0.00\" \/>\n<meta property=\"product:price:currency\" content=\"RSD\" \/>\n<meta property=\"og:availability\" content=\"out of stock\" \/>\n<meta property=\"product:availability\" content=\"out of stock\" \/>\n<meta property=\"product:condition\" content=\"new\" \/>\n<!-- \/ Yoast SEO Premium plugin. -->","yoast_head_json":{"title":"Ve\u0161tine upravljanja STRESOM i SPRE\u010cAVANJA SAGOREVANJA na poslu - Provens","robots":{"index":"index","follow":"follow","max-snippet":"max-snippet:-1","max-image-preview":"max-image-preview:large","max-video-preview":"max-video-preview:-1"},"canonical":"https:\/\/provens.edu.rs\/en\/product\/vestine-upravljanja-stresom-i-sprecavanja-sagorevanja-na-poslu\/","og_locale":"en_GB","og_type":"article","og_title":"Ve\u0161tine upravljanja STRESOM i SPRE\u010cAVANJA SAGOREVANJA na poslu","og_description":"Autor: dr Dragana Male\u0161evi\u0107 Izdava\u010d: PROVENS Povez i format: meki povez, 148\u00d7210 Broj strana: 60 strana Godina izdanja: 2020. ISBN: 978-86-81816-04-2 Pogled u knjgu","og_url":"https:\/\/provens.edu.rs\/en\/product\/vestine-upravljanja-stresom-i-sprecavanja-sagorevanja-na-poslu\/","og_site_name":"Provens","article_modified_time":"2025-11-03T08:11:41+00:00","og_image":[{"width":1200,"height":1200,"url":"https:\/\/provens.edu.rs\/wp-content\/uploads\/2020\/09\/stres.jpg","type":"image\/jpeg"}],"twitter_card":"summary_large_image","twitter_misc":{"Price":"","Availability":"Out of stock"},"schema":{"@context":"https:\/\/schema.org","@graph":[{"@type":"WebPage","@id":"https:\/\/provens.edu.rs\/product\/vestine-upravljanja-stresom-i-sprecavanja-sagorevanja-na-poslu\/","url":"https:\/\/provens.edu.rs\/product\/vestine-upravljanja-stresom-i-sprecavanja-sagorevanja-na-poslu\/","name":"Ve\u0161tine upravljanja STRESOM i SPRE\u010cAVANJA SAGOREVANJA na poslu - Provens","isPartOf":{"@id":"https:\/\/provens.edu.rs\/sr_rs\/#website"},"primaryImageOfPage":{"@id":"https:\/\/provens.edu.rs\/product\/vestine-upravljanja-stresom-i-sprecavanja-sagorevanja-na-poslu\/#primaryimage"},"image":{"@id":"https:\/\/provens.edu.rs\/product\/vestine-upravljanja-stresom-i-sprecavanja-sagorevanja-na-poslu\/#primaryimage"},"thumbnailUrl":"https:\/\/provens.edu.rs\/wp-content\/uploads\/2020\/09\/stres.jpg","datePublished":"2020-09-28T15:27:59+00:00","dateModified":"2025-11-03T08:11:41+00:00","breadcrumb":{"@id":"https:\/\/provens.edu.rs\/product\/vestine-upravljanja-stresom-i-sprecavanja-sagorevanja-na-poslu\/#breadcrumb"},"inLanguage":"en-GB","potentialAction":[{"@type":"ReadAction","target":["https:\/\/provens.edu.rs\/product\/vestine-upravljanja-stresom-i-sprecavanja-sagorevanja-na-poslu\/"]}]},{"@type":"ImageObject","inLanguage":"en-GB","@id":"https:\/\/provens.edu.rs\/product\/vestine-upravljanja-stresom-i-sprecavanja-sagorevanja-na-poslu\/#primaryimage","url":"https:\/\/provens.edu.rs\/wp-content\/uploads\/2020\/09\/stres.jpg","contentUrl":"https:\/\/provens.edu.rs\/wp-content\/uploads\/2020\/09\/stres.jpg","width":1200,"height":1200},{"@type":"BreadcrumbList","@id":"https:\/\/provens.edu.rs\/product\/vestine-upravljanja-stresom-i-sprecavanja-sagorevanja-na-poslu\/#breadcrumb","itemListElement":[{"@type":"ListItem","position":1,"name":"Po\u010detna","item":"https:\/\/provens.edu.rs\/sr_rs\/"},{"@type":"ListItem","position":2,"name":"Knji\u017eara &#8211; Provens","item":"https:\/\/provens.edu.rs\/shop\/"},{"@type":"ListItem","position":3,"name":"Ve\u0161tine upravljanja STRESOM i SPRE\u010cAVANJA SAGOREVANJA na poslu"}]},{"@type":"WebSite","@id":"https:\/\/provens.edu.rs\/sr_rs\/#website","url":"https:\/\/provens.edu.rs\/sr_rs\/","name":"Provens - Biti najbolja verzija sebe","description":"Udru\u017eenje za razvoj profesionalnih ve\u0161tina","publisher":{"@id":"https:\/\/provens.edu.rs\/sr_rs\/#organization"},"potentialAction":[{"@type":"SearchAction","target":{"@type":"EntryPoint","urlTemplate":"https:\/\/provens.edu.rs\/sr_rs\/?s={search_term_string}"},"query-input":{"@type":"PropertyValueSpecification","valueRequired":true,"valueName":"search_term_string"}}],"inLanguage":"en-GB"},{"@type":"Organization","@id":"https:\/\/provens.edu.rs\/sr_rs\/#organization","name":"Provens","url":"https:\/\/provens.edu.rs\/sr_rs\/","logo":{"@type":"ImageObject","inLanguage":"en-GB","@id":"https:\/\/provens.edu.rs\/sr_rs\/#\/schema\/logo\/image\/","url":"https:\/\/provens.edu.rs\/wp-content\/uploads\/2020\/07\/provens.jpg","contentUrl":"https:\/\/provens.edu.rs\/wp-content\/uploads\/2020\/07\/provens.jpg","width":1986,"height":562,"caption":"Provens"},"image":{"@id":"https:\/\/provens.edu.rs\/sr_rs\/#\/schema\/logo\/image\/"}}]},"product_price_amount":"0.00","product_price_currency":"RSD","og_availability":"out of stock","product_availability":"out of stock","product_condition":"new"},"_links":{"self":[{"href":"https:\/\/provens.edu.rs\/en\/wp-json\/wp\/v2\/product\/1465","targetHints":{"allow":["GET"]}}],"collection":[{"href":"https:\/\/provens.edu.rs\/en\/wp-json\/wp\/v2\/product"}],"about":[{"href":"https:\/\/provens.edu.rs\/en\/wp-json\/wp\/v2\/types\/product"}],"replies":[{"embeddable":true,"href":"https:\/\/provens.edu.rs\/en\/wp-json\/wp\/v2\/comments?post=1465"}],"wp:featuredmedia":[{"embeddable":true,"href":"https:\/\/provens.edu.rs\/en\/wp-json\/wp\/v2\/media\/1466"}],"wp:attachment":[{"href":"https:\/\/provens.edu.rs\/en\/wp-json\/wp\/v2\/media?parent=1465"}],"wp:term":[{"taxonomy":"product_brand","embeddable":true,"href":"https:\/\/provens.edu.rs\/en\/wp-json\/wp\/v2\/product_brand?post=1465"},{"taxonomy":"product_cat","embeddable":true,"href":"https:\/\/provens.edu.rs\/en\/wp-json\/wp\/v2\/product_cat?post=1465"},{"taxonomy":"product_tag","embeddable":true,"href":"https:\/\/provens.edu.rs\/en\/wp-json\/wp\/v2\/product_tag?post=1465"}],"curies":[{"name":"wp","href":"https:\/\/api.w.org\/{rel}","templated":true}]}}