{"id":1431,"date":"2020-08-14T15:38:09","date_gmt":"2020-08-14T15:38:09","guid":{"rendered":"http:\/\/provens.edu.rs\/?post_type=product&#038;p=1431"},"modified":"2024-10-18T09:21:02","modified_gmt":"2024-10-18T09:21:02","slug":"vestine-upravljanja-svojim-potencijalima","status":"publish","type":"product","link":"https:\/\/provens.edu.rs\/en\/product\/skills-of-managing-your-potentials\/","title":{"rendered":"Skills of Managing Your Potentials"},"content":{"rendered":"<p>This book is a guide for developing the skill of managing your potential.<\/p>\n<p>From the skills of managing one&#039;s potentials, we considered intelligence and its\nmultiplicity, meaning and purpose, will and self-awareness.<\/p>\n<p>The text of the book is based on scientifically confirmed facts. It contains exercises and\ntechniques that enable self-assessment and the development of the skill of managing one&#039;s\npotential. To help you find balance in your life, we have created the BALANCE technique for\nyou. This technique is an acronym and is made up of elements that need to be\naccomplished in order to restore balance in your life.<\/p>\n<p>The book Skills of Managing Your Potentials is from the Professional Skills Edition. We\nhope that this book will encourage you to reconsider your views and contribute to the further\ndevelopment of your professional skills.<\/p>","protected":false},"excerpt":{"rendered":"<p>Author: Dragana Male\u0161evi\u0107, PhD<br \/>\nPublisher: PROVENS<br \/>\nBinding and format: paperback, 148\u00d7210<br \/>\nNumber of pages: 54 pages<br \/>\nRelease year: 2020.<br \/>\nISBN 978-86-81816-02-8 (Serbian)<br>\nISBN 978-86-81816-08-0 (English)<\/p>\n<p><strong><a href=\"https:\/\/provens.edu.rs\/wp-content\/uploads\/2021\/03\/Uvid-potencijal.pdf\" target=\"_blank\" rel=\"noopener noreferrer\">Book Preview<\/a><\/strong><\/p>","protected":false},"featured_media":1427,"comment_status":"open","ping_status":"closed","template":"","meta":{"site-sidebar-layout":"default","site-content-layout":"default","ast-site-content-layout":"","site-content-style":"default","site-sidebar-style":"default","ast-global-header-display":"","ast-banner-title-visibility":"","ast-main-header-display":"","ast-hfb-above-header-display":"","ast-hfb-below-header-display":"","ast-hfb-mobile-header-display":"","site-post-title":"","ast-breadcrumbs-content":"","ast-featured-img":"","footer-sml-layout":"","theme-transparent-header-meta":"default","adv-header-id-meta":"","stick-header-meta":"","header-above-stick-meta":"","header-main-stick-meta":"","header-below-stick-meta":"","astra-migrate-meta-layouts":"default","ast-page-background-enabled":"default","ast-page-background-meta":{"desktop":{"background-color":"","background-image":"","background-repeat":"repeat","background-position":"center center","background-size":"auto","background-attachment":"scroll","background-type":"","background-media":"","overlay-type":"","overlay-color":"","overlay-opacity":"","overlay-gradient":""},"tablet":{"background-color":"","background-image":"","background-repeat":"repeat","background-position":"center center","background-size":"auto","background-attachment":"scroll","background-type":"","background-media":"","overlay-type":"","overlay-color":"","overlay-opacity":"","overlay-gradient":""},"mobile":{"background-color":"","background-image":"","background-repeat":"repeat","background-position":"center center","background-size":"auto","background-attachment":"scroll","background-type":"","background-media":"","overlay-type":"","overlay-color":"","overlay-opacity":"","overlay-gradient":""}},"ast-content-background-meta":{"desktop":{"background-color":"var(--ast-global-color-5)","background-image":"","background-repeat":"repeat","background-position":"center center","background-size":"auto","background-attachment":"scroll","background-type":"","background-media":"","overlay-type":"","overlay-color":"","overlay-opacity":"","overlay-gradient":""},"tablet":{"background-color":"var(--ast-global-color-5)","background-image":"","background-repeat":"repeat","background-position":"center center","background-size":"auto","background-attachment":"scroll","background-type":"","background-media":"","overlay-type":"","overlay-color":"","overlay-opacity":"","overlay-gradient":""},"mobile":{"background-color":"var(--ast-global-color-5)","background-image":"","background-repeat":"repeat","background-position":"center center","background-size":"auto","background-attachment":"scroll","background-type":"","background-media":"","overlay-type":"","overlay-color":"","overlay-opacity":"","overlay-gradient":""}}},"product_brand":[],"product_cat":[20],"product_tag":[],"class_list":{"0":"post-1431","1":"product","2":"type-product","3":"status-publish","4":"has-post-thumbnail","6":"product_cat-knjige","7":"desktop-align-center","8":"tablet-align-left","9":"mobile-align-left","10":"ast-product-gallery-layout-horizontal","11":"ast-product-gallery-with-no-image","12":"ast-product-tabs-layout-horizontal","13":"ast-qv-on-image-click","15":"first","16":"instock","17":"sale","18":"purchasable","19":"product-type-simple"},"yoast_head":"<!-- This site is optimized with the Yoast SEO Premium plugin v24.0 (Yoast SEO v24.5) - https:\/\/yoast.com\/wordpress\/plugins\/seo\/ -->\n<title>Ve\u0161tine upravljanja SVOJIM POTENCIJALIMA - Provens<\/title>\n<meta name=\"description\" content=\"Ova knjiga je vodi\u010d za razvijanje ve\u0161tine upravljanja svojim potencijalima.Od ve\u0161tina upravljanja svojim potencijalima razmatrali smo inteligenciju i njenu vi\u0161estrukost, smisao i svrhu, volju i samosvesnost. %\" \/>\n<meta name=\"robots\" content=\"index, follow, max-snippet:-1, max-image-preview:large, max-video-preview:-1\" \/>\n<link rel=\"canonical\" href=\"https:\/\/provens.edu.rs\/en\/product\/skills-of-managing-your-potentials\/\" \/>\n<meta property=\"og:locale\" content=\"en_GB\" \/>\n<meta property=\"og:type\" content=\"article\" \/>\n<meta property=\"og:title\" content=\"Ve\u0161tine upravljanja SVOJIM POTENCIJALIMA\" \/>\n<meta property=\"og:description\" content=\"Autor: dr Dragana Male\u0161evi\u0107 Izdava\u010d: PROVENS Povez i format: meki povez, 148\u00d7210 Broj strana: 54 strana Godina izdanja: 2020. ISBN: 978-86-81816-02-8  Pogled u knjigu\" \/>\n<meta property=\"og:url\" content=\"https:\/\/provens.edu.rs\/en\/product\/skills-of-managing-your-potentials\/\" \/>\n<meta property=\"og:site_name\" content=\"Provens\" \/>\n<meta property=\"article:modified_time\" content=\"2024-10-18T09:21:02+00:00\" \/>\n<meta property=\"og:image\" content=\"https:\/\/provens.edu.rs\/wp-content\/uploads\/2020\/08\/vestina-upravljana-svojim-potencijalom.jpg\" \/>\n\t<meta property=\"og:image:width\" content=\"1200\" \/>\n\t<meta property=\"og:image:height\" content=\"1200\" \/>\n\t<meta property=\"og:image:type\" content=\"image\/jpeg\" \/>\n<meta name=\"twitter:card\" content=\"summary_large_image\" \/>\n<meta name=\"twitter:label1\" content=\"Price\" \/>\n\t<meta name=\"twitter:data1\" content=\"790.00&#1088;&#1089;&#1076;\" \/>\n\t<meta name=\"twitter:label2\" content=\"Availability\" \/>\n\t<meta name=\"twitter:data2\" content=\"In stock\" \/>\n<script type=\"application\/ld+json\" class=\"yoast-schema-graph\">{\"@context\":\"https:\/\/schema.org\",\"@graph\":[{\"@type\":\"WebPage\",\"@id\":\"https:\/\/provens.edu.rs\/product\/vestine-upravljanja-svojim-potencijalima\/\",\"url\":\"https:\/\/provens.edu.rs\/product\/vestine-upravljanja-svojim-potencijalima\/\",\"name\":\"Ve\u0161tine upravljanja SVOJIM POTENCIJALIMA - Provens\",\"isPartOf\":{\"@id\":\"https:\/\/provens.edu.rs\/sr_rs\/#website\"},\"primaryImageOfPage\":{\"@id\":\"https:\/\/provens.edu.rs\/product\/vestine-upravljanja-svojim-potencijalima\/#primaryimage\"},\"image\":{\"@id\":\"https:\/\/provens.edu.rs\/product\/vestine-upravljanja-svojim-potencijalima\/#primaryimage\"},\"thumbnailUrl\":\"https:\/\/provens.edu.rs\/wp-content\/uploads\/2020\/08\/vestina-upravljana-svojim-potencijalom.jpg\",\"datePublished\":\"2020-08-14T15:38:09+00:00\",\"dateModified\":\"2024-10-18T09:21:02+00:00\",\"description\":\"Ova knjiga je vodi\u010d za razvijanje ve\u0161tine upravljanja svojim potencijalima.Od ve\u0161tina upravljanja svojim potencijalima razmatrali smo inteligenciju i njenu vi\u0161estrukost, smisao i svrhu, volju i samosvesnost. %\",\"breadcrumb\":{\"@id\":\"https:\/\/provens.edu.rs\/product\/vestine-upravljanja-svojim-potencijalima\/#breadcrumb\"},\"inLanguage\":\"en-GB\",\"potentialAction\":[{\"@type\":\"ReadAction\",\"target\":[\"https:\/\/provens.edu.rs\/product\/vestine-upravljanja-svojim-potencijalima\/\"]}]},{\"@type\":\"ImageObject\",\"inLanguage\":\"en-GB\",\"@id\":\"https:\/\/provens.edu.rs\/product\/vestine-upravljanja-svojim-potencijalima\/#primaryimage\",\"url\":\"https:\/\/provens.edu.rs\/wp-content\/uploads\/2020\/08\/vestina-upravljana-svojim-potencijalom.jpg\",\"contentUrl\":\"https:\/\/provens.edu.rs\/wp-content\/uploads\/2020\/08\/vestina-upravljana-svojim-potencijalom.jpg\",\"width\":1200,\"height\":1200},{\"@type\":\"BreadcrumbList\",\"@id\":\"https:\/\/provens.edu.rs\/product\/vestine-upravljanja-svojim-potencijalima\/#breadcrumb\",\"itemListElement\":[{\"@type\":\"ListItem\",\"position\":1,\"name\":\"Po\u010detna\",\"item\":\"https:\/\/provens.edu.rs\/sr_rs\/\"},{\"@type\":\"ListItem\",\"position\":2,\"name\":\"Knji\u017eara &#8211; Provens\",\"item\":\"https:\/\/provens.edu.rs\/shop\/\"},{\"@type\":\"ListItem\",\"position\":3,\"name\":\"Ve\u0161tine upravljanja SVOJIM POTENCIJALIMA\"}]},{\"@type\":\"WebSite\",\"@id\":\"https:\/\/provens.edu.rs\/sr_rs\/#website\",\"url\":\"https:\/\/provens.edu.rs\/sr_rs\/\",\"name\":\"Provens - Biti najbolja verzija sebe\",\"description\":\"Udru\u017eenje za razvoj profesionalnih ve\u0161tina\",\"publisher\":{\"@id\":\"https:\/\/provens.edu.rs\/sr_rs\/#organization\"},\"potentialAction\":[{\"@type\":\"SearchAction\",\"target\":{\"@type\":\"EntryPoint\",\"urlTemplate\":\"https:\/\/provens.edu.rs\/sr_rs\/?s={search_term_string}\"},\"query-input\":{\"@type\":\"PropertyValueSpecification\",\"valueRequired\":true,\"valueName\":\"search_term_string\"}}],\"inLanguage\":\"en-GB\"},{\"@type\":\"Organization\",\"@id\":\"https:\/\/provens.edu.rs\/sr_rs\/#organization\",\"name\":\"Provens\",\"url\":\"https:\/\/provens.edu.rs\/sr_rs\/\",\"logo\":{\"@type\":\"ImageObject\",\"inLanguage\":\"en-GB\",\"@id\":\"https:\/\/provens.edu.rs\/sr_rs\/#\/schema\/logo\/image\/\",\"url\":\"https:\/\/provens.edu.rs\/wp-content\/uploads\/2020\/07\/provens.jpg\",\"contentUrl\":\"https:\/\/provens.edu.rs\/wp-content\/uploads\/2020\/07\/provens.jpg\",\"width\":1986,\"height\":562,\"caption\":\"Provens\"},\"image\":{\"@id\":\"https:\/\/provens.edu.rs\/sr_rs\/#\/schema\/logo\/image\/\"}}]}<\/script>\n<meta property=\"product:price:amount\" content=\"790.00\" \/>\n<meta property=\"product:price:currency\" content=\"RSD\" \/>\n<meta property=\"og:availability\" content=\"instock\" \/>\n<meta property=\"product:availability\" content=\"instock\" \/>\n<meta property=\"product:condition\" content=\"new\" \/>\n<!-- \/ Yoast SEO Premium plugin. -->","yoast_head_json":{"title":"Ve\u0161tine upravljanja SVOJIM POTENCIJALIMA - Provens","description":"Ova knjiga je vodi\u010d za razvijanje ve\u0161tine upravljanja svojim potencijalima.Od ve\u0161tina upravljanja svojim potencijalima razmatrali smo inteligenciju i njenu vi\u0161estrukost, smisao i svrhu, volju i samosvesnost. %","robots":{"index":"index","follow":"follow","max-snippet":"max-snippet:-1","max-image-preview":"max-image-preview:large","max-video-preview":"max-video-preview:-1"},"canonical":"https:\/\/provens.edu.rs\/en\/product\/skills-of-managing-your-potentials\/","og_locale":"en_GB","og_type":"article","og_title":"Ve\u0161tine upravljanja SVOJIM POTENCIJALIMA","og_description":"Autor: dr Dragana Male\u0161evi\u0107 Izdava\u010d: PROVENS Povez i format: meki povez, 148\u00d7210 Broj strana: 54 strana Godina izdanja: 2020. ISBN: 978-86-81816-02-8  Pogled u knjigu","og_url":"https:\/\/provens.edu.rs\/en\/product\/skills-of-managing-your-potentials\/","og_site_name":"Provens","article_modified_time":"2024-10-18T09:21:02+00:00","og_image":[{"width":1200,"height":1200,"url":"https:\/\/provens.edu.rs\/wp-content\/uploads\/2020\/08\/vestina-upravljana-svojim-potencijalom.jpg","type":"image\/jpeg"}],"twitter_card":"summary_large_image","twitter_misc":{"Price":"790.00&#1088;&#1089;&#1076;","Availability":"In stock"},"schema":{"@context":"https:\/\/schema.org","@graph":[{"@type":"WebPage","@id":"https:\/\/provens.edu.rs\/product\/vestine-upravljanja-svojim-potencijalima\/","url":"https:\/\/provens.edu.rs\/product\/vestine-upravljanja-svojim-potencijalima\/","name":"Ve\u0161tine upravljanja SVOJIM POTENCIJALIMA - Provens","isPartOf":{"@id":"https:\/\/provens.edu.rs\/sr_rs\/#website"},"primaryImageOfPage":{"@id":"https:\/\/provens.edu.rs\/product\/vestine-upravljanja-svojim-potencijalima\/#primaryimage"},"image":{"@id":"https:\/\/provens.edu.rs\/product\/vestine-upravljanja-svojim-potencijalima\/#primaryimage"},"thumbnailUrl":"https:\/\/provens.edu.rs\/wp-content\/uploads\/2020\/08\/vestina-upravljana-svojim-potencijalom.jpg","datePublished":"2020-08-14T15:38:09+00:00","dateModified":"2024-10-18T09:21:02+00:00","description":"Ova knjiga je vodi\u010d za razvijanje ve\u0161tine upravljanja svojim potencijalima.Od ve\u0161tina upravljanja svojim potencijalima razmatrali smo inteligenciju i njenu vi\u0161estrukost, smisao i svrhu, volju i samosvesnost. %","breadcrumb":{"@id":"https:\/\/provens.edu.rs\/product\/vestine-upravljanja-svojim-potencijalima\/#breadcrumb"},"inLanguage":"en-GB","potentialAction":[{"@type":"ReadAction","target":["https:\/\/provens.edu.rs\/product\/vestine-upravljanja-svojim-potencijalima\/"]}]},{"@type":"ImageObject","inLanguage":"en-GB","@id":"https:\/\/provens.edu.rs\/product\/vestine-upravljanja-svojim-potencijalima\/#primaryimage","url":"https:\/\/provens.edu.rs\/wp-content\/uploads\/2020\/08\/vestina-upravljana-svojim-potencijalom.jpg","contentUrl":"https:\/\/provens.edu.rs\/wp-content\/uploads\/2020\/08\/vestina-upravljana-svojim-potencijalom.jpg","width":1200,"height":1200},{"@type":"BreadcrumbList","@id":"https:\/\/provens.edu.rs\/product\/vestine-upravljanja-svojim-potencijalima\/#breadcrumb","itemListElement":[{"@type":"ListItem","position":1,"name":"Po\u010detna","item":"https:\/\/provens.edu.rs\/sr_rs\/"},{"@type":"ListItem","position":2,"name":"Knji\u017eara &#8211; Provens","item":"https:\/\/provens.edu.rs\/shop\/"},{"@type":"ListItem","position":3,"name":"Ve\u0161tine upravljanja SVOJIM POTENCIJALIMA"}]},{"@type":"WebSite","@id":"https:\/\/provens.edu.rs\/sr_rs\/#website","url":"https:\/\/provens.edu.rs\/sr_rs\/","name":"Provens - Biti najbolja verzija sebe","description":"Udru\u017eenje za razvoj profesionalnih ve\u0161tina","publisher":{"@id":"https:\/\/provens.edu.rs\/sr_rs\/#organization"},"potentialAction":[{"@type":"SearchAction","target":{"@type":"EntryPoint","urlTemplate":"https:\/\/provens.edu.rs\/sr_rs\/?s={search_term_string}"},"query-input":{"@type":"PropertyValueSpecification","valueRequired":true,"valueName":"search_term_string"}}],"inLanguage":"en-GB"},{"@type":"Organization","@id":"https:\/\/provens.edu.rs\/sr_rs\/#organization","name":"Provens","url":"https:\/\/provens.edu.rs\/sr_rs\/","logo":{"@type":"ImageObject","inLanguage":"en-GB","@id":"https:\/\/provens.edu.rs\/sr_rs\/#\/schema\/logo\/image\/","url":"https:\/\/provens.edu.rs\/wp-content\/uploads\/2020\/07\/provens.jpg","contentUrl":"https:\/\/provens.edu.rs\/wp-content\/uploads\/2020\/07\/provens.jpg","width":1986,"height":562,"caption":"Provens"},"image":{"@id":"https:\/\/provens.edu.rs\/sr_rs\/#\/schema\/logo\/image\/"}}]},"product_price_amount":"790.00","product_price_currency":"RSD","og_availability":"instock","product_availability":"instock","product_condition":"new"},"_links":{"self":[{"href":"https:\/\/provens.edu.rs\/en\/wp-json\/wp\/v2\/product\/1431","targetHints":{"allow":["GET"]}}],"collection":[{"href":"https:\/\/provens.edu.rs\/en\/wp-json\/wp\/v2\/product"}],"about":[{"href":"https:\/\/provens.edu.rs\/en\/wp-json\/wp\/v2\/types\/product"}],"replies":[{"embeddable":true,"href":"https:\/\/provens.edu.rs\/en\/wp-json\/wp\/v2\/comments?post=1431"}],"wp:featuredmedia":[{"embeddable":true,"href":"https:\/\/provens.edu.rs\/en\/wp-json\/wp\/v2\/media\/1427"}],"wp:attachment":[{"href":"https:\/\/provens.edu.rs\/en\/wp-json\/wp\/v2\/media?parent=1431"}],"wp:term":[{"taxonomy":"product_brand","embeddable":true,"href":"https:\/\/provens.edu.rs\/en\/wp-json\/wp\/v2\/product_brand?post=1431"},{"taxonomy":"product_cat","embeddable":true,"href":"https:\/\/provens.edu.rs\/en\/wp-json\/wp\/v2\/product_cat?post=1431"},{"taxonomy":"product_tag","embeddable":true,"href":"https:\/\/provens.edu.rs\/en\/wp-json\/wp\/v2\/product_tag?post=1431"}],"curies":[{"name":"wp","href":"https:\/\/api.w.org\/{rel}","templated":true}]}}