{"id":1426,"date":"2020-08-14T15:34:32","date_gmt":"2020-08-14T15:34:32","guid":{"rendered":"http:\/\/provens.edu.rs\/?post_type=product&#038;p=1426"},"modified":"2025-04-13T06:59:08","modified_gmt":"2025-04-13T06:59:08","slug":"vestine-upravljanja-svojim-emocijama-i-razumevanja-emocija-drugih-ljudi-u-poslu","status":"publish","type":"product","link":"https:\/\/provens.edu.rs\/en\/product\/skills-of-managing-your-emotions-and-understanding-the-emotions-of-other-people-at-work\/","title":{"rendered":"Emotional Management Skills and Understanding the Emotions of Others at Work"},"content":{"rendered":"<p>Do you manage YOUR EMOTIONS at work? Do you understand the emotions of other people at\nwork?\nThis book is a guide to developing the skills of managing your emotions and understanding other\npeople&#039;s emotions.<\/p>\n<p>In this book, you can first get acquainted with the concept of emotional intelligence, and then with\nwhat emotions are, how they develop and what they depend on. In relation to emotions, we will\nconsider their impact and deal with the direction of emotions towards ourselves and other people.<\/p>\n<p>The book contains a scale for assessing emotional intelligence in business. With honest answers and\ncalculating sums, you can get results about your emotional intelligence at work.<\/p>\n<p>The book Emotional Management Skills and Understanding the Emotions of Others at Work\nis from the Professional Skills Edition. We\nhope that this book will encourage you to reconsider your views and contribute to the further\ndevelopment of your professional skills.<\/p>","protected":false},"excerpt":{"rendered":"<p>Author: Dragana Male\u0161evi\u0107, PhD<br \/>\nPublisher: PROVENS<br \/>\nBinding and format: paperback, 148\u00d7210<br \/>\nNumber of pages: 54 pages<br \/>\nRelease year: 2020.<br \/>\nISBN 978-86-81816-06-6 (Serbian)<br>\nISBN 978-86-81816-29-5 (English)<br \/>\n<a href=\"https:\/\/provens.edu.rs\/wp-content\/uploads\/2021\/03\/Uvid-emocije.pdf\" target=\"_blank\" rel=\"noopener noreferrer\"><strong>Book Preview<\/strong><\/a><\/p>","protected":false},"featured_media":1428,"comment_status":"open","ping_status":"closed","template":"","meta":{"site-sidebar-layout":"default","site-content-layout":"default","ast-site-content-layout":"default","site-content-style":"default","site-sidebar-style":"default","ast-global-header-display":"","ast-banner-title-visibility":"","ast-main-header-display":"","ast-hfb-above-header-display":"","ast-hfb-below-header-display":"","ast-hfb-mobile-header-display":"","site-post-title":"","ast-breadcrumbs-content":"","ast-featured-img":"","footer-sml-layout":"","theme-transparent-header-meta":"default","adv-header-id-meta":"","stick-header-meta":"","header-above-stick-meta":"","header-main-stick-meta":"","header-below-stick-meta":"","astra-migrate-meta-layouts":"set","ast-page-background-enabled":"default","ast-page-background-meta":{"desktop":{"background-color":"","background-image":"","background-repeat":"repeat","background-position":"center center","background-size":"auto","background-attachment":"scroll","background-type":"","background-media":"","overlay-type":"","overlay-color":"","overlay-opacity":"","overlay-gradient":""},"tablet":{"background-color":"","background-image":"","background-repeat":"repeat","background-position":"center center","background-size":"auto","background-attachment":"scroll","background-type":"","background-media":"","overlay-type":"","overlay-color":"","overlay-opacity":"","overlay-gradient":""},"mobile":{"background-color":"","background-image":"","background-repeat":"repeat","background-position":"center center","background-size":"auto","background-attachment":"scroll","background-type":"","background-media":"","overlay-type":"","overlay-color":"","overlay-opacity":"","overlay-gradient":""}},"ast-content-background-meta":{"desktop":{"background-color":"var(--ast-global-color-5)","background-image":"","background-repeat":"repeat","background-position":"center center","background-size":"auto","background-attachment":"scroll","background-type":"","background-media":"","overlay-type":"","overlay-color":"","overlay-opacity":"","overlay-gradient":""},"tablet":{"background-color":"var(--ast-global-color-5)","background-image":"","background-repeat":"repeat","background-position":"center center","background-size":"auto","background-attachment":"scroll","background-type":"","background-media":"","overlay-type":"","overlay-color":"","overlay-opacity":"","overlay-gradient":""},"mobile":{"background-color":"var(--ast-global-color-5)","background-image":"","background-repeat":"repeat","background-position":"center center","background-size":"auto","background-attachment":"scroll","background-type":"","background-media":"","overlay-type":"","overlay-color":"","overlay-opacity":"","overlay-gradient":""}}},"product_brand":[],"product_cat":[20],"product_tag":[],"class_list":{"0":"post-1426","1":"product","2":"type-product","3":"status-publish","4":"has-post-thumbnail","6":"product_cat-knjige","7":"desktop-align-center","8":"tablet-align-left","9":"mobile-align-left","10":"ast-product-gallery-layout-horizontal","11":"ast-product-gallery-with-no-image","12":"ast-product-tabs-layout-horizontal","13":"ast-qv-on-image-click","15":"first","16":"instock","17":"sale","18":"purchasable","19":"product-type-simple"},"yoast_head":"<!-- This site is optimized with the Yoast SEO Premium plugin v24.0 (Yoast SEO v24.5) - https:\/\/yoast.com\/wordpress\/plugins\/seo\/ -->\n<title>Ve\u0161tine upravljanja SVOJIM EMOCIJAMA I RAZUMEVAN\u0408A EMOCIJA DRUGIH L\u0408UDI u poslu - Provens<\/title>\n<meta name=\"description\" content=\"Ova knjiga je vodi\u010d za razvijanje ve\u0161tina upravljanja svojim emocijama i razumevanja emocija drugih ljudi.U ovoj knjizi najpre se mo\u017eete upoznati sa pojmom emocionalne inteligencije, a potom i sa tim \u0161ta su emocije, kako se razvijaju i od \u010dega zavise. U vezi sa emocijama razmatra\u0107emo njihov uticaj i baviti se usmereno\u0161\u0107u emocija prema sebi i drugim ljudima.\" \/>\n<meta name=\"robots\" content=\"index, follow, max-snippet:-1, max-image-preview:large, max-video-preview:-1\" \/>\n<link rel=\"canonical\" href=\"https:\/\/provens.edu.rs\/en\/product\/skills-of-managing-your-emotions-and-understanding-the-emotions-of-other-people-at-work\/\" \/>\n<meta property=\"og:locale\" content=\"en_GB\" \/>\n<meta property=\"og:type\" content=\"article\" \/>\n<meta property=\"og:title\" content=\"Ve\u0161tine upravljanja SVOJIM EMOCIJAMA I RAZUMEVAN\u0408A EMOCIJA DRUGIH L\u0408UDI u poslu\" \/>\n<meta property=\"og:description\" content=\"Autor: dr Dragana Male\u0161evi\u0107 Izdava\u010d: PROVENS Povez i format: meki povez, 148\u00d7210 Broj strana: 54 strana Godina izdanja: 2020. ISBN: 978-86-81816-01-1 Pogled u knjigu\" \/>\n<meta property=\"og:url\" content=\"https:\/\/provens.edu.rs\/en\/product\/skills-of-managing-your-emotions-and-understanding-the-emotions-of-other-people-at-work\/\" \/>\n<meta property=\"og:site_name\" content=\"Provens\" \/>\n<meta property=\"article:modified_time\" content=\"2025-04-13T06:59:08+00:00\" \/>\n<meta property=\"og:image\" content=\"https:\/\/provens.edu.rs\/wp-content\/uploads\/2020\/08\/vestine-upravljanja-svojim-emocijama.jpg\" \/>\n\t<meta property=\"og:image:width\" content=\"1200\" \/>\n\t<meta property=\"og:image:height\" content=\"1200\" \/>\n\t<meta property=\"og:image:type\" content=\"image\/jpeg\" \/>\n<meta name=\"twitter:card\" content=\"summary_large_image\" \/>\n<meta name=\"twitter:label1\" content=\"Price\" \/>\n\t<meta name=\"twitter:data1\" content=\"790.00&#1088;&#1089;&#1076;\" \/>\n\t<meta name=\"twitter:label2\" content=\"Availability\" \/>\n\t<meta name=\"twitter:data2\" content=\"In stock\" \/>\n<script type=\"application\/ld+json\" class=\"yoast-schema-graph\">{\"@context\":\"https:\/\/schema.org\",\"@graph\":[{\"@type\":\"WebPage\",\"@id\":\"https:\/\/provens.edu.rs\/product\/vestine-upravljanja-svojim-emocijama-i-razumevanja-emocija-drugih-ljudi-u-poslu\/\",\"url\":\"https:\/\/provens.edu.rs\/product\/vestine-upravljanja-svojim-emocijama-i-razumevanja-emocija-drugih-ljudi-u-poslu\/\",\"name\":\"Ve\u0161tine upravljanja SVOJIM EMOCIJAMA I RAZUMEVAN\u0408A EMOCIJA DRUGIH L\u0408UDI u poslu - Provens\",\"isPartOf\":{\"@id\":\"https:\/\/provens.edu.rs\/sr_rs\/#website\"},\"primaryImageOfPage\":{\"@id\":\"https:\/\/provens.edu.rs\/product\/vestine-upravljanja-svojim-emocijama-i-razumevanja-emocija-drugih-ljudi-u-poslu\/#primaryimage\"},\"image\":{\"@id\":\"https:\/\/provens.edu.rs\/product\/vestine-upravljanja-svojim-emocijama-i-razumevanja-emocija-drugih-ljudi-u-poslu\/#primaryimage\"},\"thumbnailUrl\":\"https:\/\/provens.edu.rs\/wp-content\/uploads\/2020\/08\/vestine-upravljanja-svojim-emocijama.jpg\",\"datePublished\":\"2020-08-14T15:34:32+00:00\",\"dateModified\":\"2025-04-13T06:59:08+00:00\",\"description\":\"Ova knjiga je vodi\u010d za razvijanje ve\u0161tina upravljanja svojim emocijama i razumevanja emocija drugih ljudi.U ovoj knjizi najpre se mo\u017eete upoznati sa pojmom emocionalne inteligencije, a potom i sa tim \u0161ta su emocije, kako se razvijaju i od \u010dega zavise. U vezi sa emocijama razmatra\u0107emo njihov uticaj i baviti se usmereno\u0161\u0107u emocija prema sebi i drugim ljudima.\",\"breadcrumb\":{\"@id\":\"https:\/\/provens.edu.rs\/product\/vestine-upravljanja-svojim-emocijama-i-razumevanja-emocija-drugih-ljudi-u-poslu\/#breadcrumb\"},\"inLanguage\":\"en-GB\",\"potentialAction\":[{\"@type\":\"ReadAction\",\"target\":[\"https:\/\/provens.edu.rs\/product\/vestine-upravljanja-svojim-emocijama-i-razumevanja-emocija-drugih-ljudi-u-poslu\/\"]}]},{\"@type\":\"ImageObject\",\"inLanguage\":\"en-GB\",\"@id\":\"https:\/\/provens.edu.rs\/product\/vestine-upravljanja-svojim-emocijama-i-razumevanja-emocija-drugih-ljudi-u-poslu\/#primaryimage\",\"url\":\"https:\/\/provens.edu.rs\/wp-content\/uploads\/2020\/08\/vestine-upravljanja-svojim-emocijama.jpg\",\"contentUrl\":\"https:\/\/provens.edu.rs\/wp-content\/uploads\/2020\/08\/vestine-upravljanja-svojim-emocijama.jpg\",\"width\":1200,\"height\":1200},{\"@type\":\"BreadcrumbList\",\"@id\":\"https:\/\/provens.edu.rs\/product\/vestine-upravljanja-svojim-emocijama-i-razumevanja-emocija-drugih-ljudi-u-poslu\/#breadcrumb\",\"itemListElement\":[{\"@type\":\"ListItem\",\"position\":1,\"name\":\"Po\u010detna\",\"item\":\"https:\/\/provens.edu.rs\/sr_rs\/\"},{\"@type\":\"ListItem\",\"position\":2,\"name\":\"Knji\u017eara &#8211; Provens\",\"item\":\"https:\/\/provens.edu.rs\/shop\/\"},{\"@type\":\"ListItem\",\"position\":3,\"name\":\"Ve\u0161tine upravljanja SVOJIM EMOCIJAMA I RAZUMEVAN\u0408A EMOCIJA DRUGIH L\u0408UDI u poslu\"}]},{\"@type\":\"WebSite\",\"@id\":\"https:\/\/provens.edu.rs\/sr_rs\/#website\",\"url\":\"https:\/\/provens.edu.rs\/sr_rs\/\",\"name\":\"Provens - Biti najbolja verzija sebe\",\"description\":\"Udru\u017eenje za razvoj profesionalnih ve\u0161tina\",\"publisher\":{\"@id\":\"https:\/\/provens.edu.rs\/sr_rs\/#organization\"},\"potentialAction\":[{\"@type\":\"SearchAction\",\"target\":{\"@type\":\"EntryPoint\",\"urlTemplate\":\"https:\/\/provens.edu.rs\/sr_rs\/?s={search_term_string}\"},\"query-input\":{\"@type\":\"PropertyValueSpecification\",\"valueRequired\":true,\"valueName\":\"search_term_string\"}}],\"inLanguage\":\"en-GB\"},{\"@type\":\"Organization\",\"@id\":\"https:\/\/provens.edu.rs\/sr_rs\/#organization\",\"name\":\"Provens\",\"url\":\"https:\/\/provens.edu.rs\/sr_rs\/\",\"logo\":{\"@type\":\"ImageObject\",\"inLanguage\":\"en-GB\",\"@id\":\"https:\/\/provens.edu.rs\/sr_rs\/#\/schema\/logo\/image\/\",\"url\":\"https:\/\/provens.edu.rs\/wp-content\/uploads\/2020\/07\/provens.jpg\",\"contentUrl\":\"https:\/\/provens.edu.rs\/wp-content\/uploads\/2020\/07\/provens.jpg\",\"width\":1986,\"height\":562,\"caption\":\"Provens\"},\"image\":{\"@id\":\"https:\/\/provens.edu.rs\/sr_rs\/#\/schema\/logo\/image\/\"}}]}<\/script>\n<meta property=\"product:price:amount\" content=\"790.00\" \/>\n<meta property=\"product:price:currency\" content=\"RSD\" \/>\n<meta property=\"og:availability\" content=\"instock\" \/>\n<meta property=\"product:availability\" content=\"instock\" \/>\n<meta property=\"product:condition\" content=\"new\" \/>\n<!-- \/ Yoast SEO Premium plugin. -->","yoast_head_json":{"title":"Ve\u0161tine upravljanja SVOJIM EMOCIJAMA I RAZUMEVAN\u0408A EMOCIJA DRUGIH L\u0408UDI u poslu - Provens","description":"Ova knjiga je vodi\u010d za razvijanje ve\u0161tina upravljanja svojim emocijama i razumevanja emocija drugih ljudi.U ovoj knjizi najpre se mo\u017eete upoznati sa pojmom emocionalne inteligencije, a potom i sa tim \u0161ta su emocije, kako se razvijaju i od \u010dega zavise. U vezi sa emocijama razmatra\u0107emo njihov uticaj i baviti se usmereno\u0161\u0107u emocija prema sebi i drugim ljudima.","robots":{"index":"index","follow":"follow","max-snippet":"max-snippet:-1","max-image-preview":"max-image-preview:large","max-video-preview":"max-video-preview:-1"},"canonical":"https:\/\/provens.edu.rs\/en\/product\/skills-of-managing-your-emotions-and-understanding-the-emotions-of-other-people-at-work\/","og_locale":"en_GB","og_type":"article","og_title":"Ve\u0161tine upravljanja SVOJIM EMOCIJAMA I RAZUMEVAN\u0408A EMOCIJA DRUGIH L\u0408UDI u poslu","og_description":"Autor: dr Dragana Male\u0161evi\u0107 Izdava\u010d: PROVENS Povez i format: meki povez, 148\u00d7210 Broj strana: 54 strana Godina izdanja: 2020. ISBN: 978-86-81816-01-1 Pogled u knjigu","og_url":"https:\/\/provens.edu.rs\/en\/product\/skills-of-managing-your-emotions-and-understanding-the-emotions-of-other-people-at-work\/","og_site_name":"Provens","article_modified_time":"2025-04-13T06:59:08+00:00","og_image":[{"width":1200,"height":1200,"url":"https:\/\/provens.edu.rs\/wp-content\/uploads\/2020\/08\/vestine-upravljanja-svojim-emocijama.jpg","type":"image\/jpeg"}],"twitter_card":"summary_large_image","twitter_misc":{"Price":"790.00&#1088;&#1089;&#1076;","Availability":"In stock"},"schema":{"@context":"https:\/\/schema.org","@graph":[{"@type":"WebPage","@id":"https:\/\/provens.edu.rs\/product\/vestine-upravljanja-svojim-emocijama-i-razumevanja-emocija-drugih-ljudi-u-poslu\/","url":"https:\/\/provens.edu.rs\/product\/vestine-upravljanja-svojim-emocijama-i-razumevanja-emocija-drugih-ljudi-u-poslu\/","name":"Ve\u0161tine upravljanja SVOJIM EMOCIJAMA I RAZUMEVAN\u0408A EMOCIJA DRUGIH L\u0408UDI u poslu - Provens","isPartOf":{"@id":"https:\/\/provens.edu.rs\/sr_rs\/#website"},"primaryImageOfPage":{"@id":"https:\/\/provens.edu.rs\/product\/vestine-upravljanja-svojim-emocijama-i-razumevanja-emocija-drugih-ljudi-u-poslu\/#primaryimage"},"image":{"@id":"https:\/\/provens.edu.rs\/product\/vestine-upravljanja-svojim-emocijama-i-razumevanja-emocija-drugih-ljudi-u-poslu\/#primaryimage"},"thumbnailUrl":"https:\/\/provens.edu.rs\/wp-content\/uploads\/2020\/08\/vestine-upravljanja-svojim-emocijama.jpg","datePublished":"2020-08-14T15:34:32+00:00","dateModified":"2025-04-13T06:59:08+00:00","description":"Ova knjiga je vodi\u010d za razvijanje ve\u0161tina upravljanja svojim emocijama i razumevanja emocija drugih ljudi.U ovoj knjizi najpre se mo\u017eete upoznati sa pojmom emocionalne inteligencije, a potom i sa tim \u0161ta su emocije, kako se razvijaju i od \u010dega zavise. U vezi sa emocijama razmatra\u0107emo njihov uticaj i baviti se usmereno\u0161\u0107u emocija prema sebi i drugim ljudima.","breadcrumb":{"@id":"https:\/\/provens.edu.rs\/product\/vestine-upravljanja-svojim-emocijama-i-razumevanja-emocija-drugih-ljudi-u-poslu\/#breadcrumb"},"inLanguage":"en-GB","potentialAction":[{"@type":"ReadAction","target":["https:\/\/provens.edu.rs\/product\/vestine-upravljanja-svojim-emocijama-i-razumevanja-emocija-drugih-ljudi-u-poslu\/"]}]},{"@type":"ImageObject","inLanguage":"en-GB","@id":"https:\/\/provens.edu.rs\/product\/vestine-upravljanja-svojim-emocijama-i-razumevanja-emocija-drugih-ljudi-u-poslu\/#primaryimage","url":"https:\/\/provens.edu.rs\/wp-content\/uploads\/2020\/08\/vestine-upravljanja-svojim-emocijama.jpg","contentUrl":"https:\/\/provens.edu.rs\/wp-content\/uploads\/2020\/08\/vestine-upravljanja-svojim-emocijama.jpg","width":1200,"height":1200},{"@type":"BreadcrumbList","@id":"https:\/\/provens.edu.rs\/product\/vestine-upravljanja-svojim-emocijama-i-razumevanja-emocija-drugih-ljudi-u-poslu\/#breadcrumb","itemListElement":[{"@type":"ListItem","position":1,"name":"Po\u010detna","item":"https:\/\/provens.edu.rs\/sr_rs\/"},{"@type":"ListItem","position":2,"name":"Knji\u017eara &#8211; Provens","item":"https:\/\/provens.edu.rs\/shop\/"},{"@type":"ListItem","position":3,"name":"Ve\u0161tine upravljanja SVOJIM EMOCIJAMA I RAZUMEVAN\u0408A EMOCIJA DRUGIH L\u0408UDI u poslu"}]},{"@type":"WebSite","@id":"https:\/\/provens.edu.rs\/sr_rs\/#website","url":"https:\/\/provens.edu.rs\/sr_rs\/","name":"Provens - Biti najbolja verzija sebe","description":"Udru\u017eenje za razvoj profesionalnih ve\u0161tina","publisher":{"@id":"https:\/\/provens.edu.rs\/sr_rs\/#organization"},"potentialAction":[{"@type":"SearchAction","target":{"@type":"EntryPoint","urlTemplate":"https:\/\/provens.edu.rs\/sr_rs\/?s={search_term_string}"},"query-input":{"@type":"PropertyValueSpecification","valueRequired":true,"valueName":"search_term_string"}}],"inLanguage":"en-GB"},{"@type":"Organization","@id":"https:\/\/provens.edu.rs\/sr_rs\/#organization","name":"Provens","url":"https:\/\/provens.edu.rs\/sr_rs\/","logo":{"@type":"ImageObject","inLanguage":"en-GB","@id":"https:\/\/provens.edu.rs\/sr_rs\/#\/schema\/logo\/image\/","url":"https:\/\/provens.edu.rs\/wp-content\/uploads\/2020\/07\/provens.jpg","contentUrl":"https:\/\/provens.edu.rs\/wp-content\/uploads\/2020\/07\/provens.jpg","width":1986,"height":562,"caption":"Provens"},"image":{"@id":"https:\/\/provens.edu.rs\/sr_rs\/#\/schema\/logo\/image\/"}}]},"product_price_amount":"790.00","product_price_currency":"RSD","og_availability":"instock","product_availability":"instock","product_condition":"new"},"_links":{"self":[{"href":"https:\/\/provens.edu.rs\/en\/wp-json\/wp\/v2\/product\/1426","targetHints":{"allow":["GET"]}}],"collection":[{"href":"https:\/\/provens.edu.rs\/en\/wp-json\/wp\/v2\/product"}],"about":[{"href":"https:\/\/provens.edu.rs\/en\/wp-json\/wp\/v2\/types\/product"}],"replies":[{"embeddable":true,"href":"https:\/\/provens.edu.rs\/en\/wp-json\/wp\/v2\/comments?post=1426"}],"wp:featuredmedia":[{"embeddable":true,"href":"https:\/\/provens.edu.rs\/en\/wp-json\/wp\/v2\/media\/1428"}],"wp:attachment":[{"href":"https:\/\/provens.edu.rs\/en\/wp-json\/wp\/v2\/media?parent=1426"}],"wp:term":[{"taxonomy":"product_brand","embeddable":true,"href":"https:\/\/provens.edu.rs\/en\/wp-json\/wp\/v2\/product_brand?post=1426"},{"taxonomy":"product_cat","embeddable":true,"href":"https:\/\/provens.edu.rs\/en\/wp-json\/wp\/v2\/product_cat?post=1426"},{"taxonomy":"product_tag","embeddable":true,"href":"https:\/\/provens.edu.rs\/en\/wp-json\/wp\/v2\/product_tag?post=1426"}],"curies":[{"name":"wp","href":"https:\/\/api.w.org\/{rel}","templated":true}]}}