{"id":1286,"date":"2020-07-14T19:56:51","date_gmt":"2020-07-14T19:56:51","guid":{"rendered":"http:\/\/provens.edu.rs\/?page_id=1286"},"modified":"2023-05-10T15:20:21","modified_gmt":"2023-05-10T15:20:21","slug":"osnovne-i-srednje-skole","status":"publish","type":"page","link":"https:\/\/provens.edu.rs\/en\/osnovne-i-srednje-skole\/","title":{"rendered":"Primary and Secondary Schools"},"content":{"rendered":"<div data-elementor-type=\"wp-post\" data-elementor-id=\"1286\" class=\"elementor elementor-1286\" data-elementor-post-type=\"page\">\n\t\t\t\t\t\t<section class=\"elementor-section elementor-top-section elementor-element elementor-element-761c3b1 elementor-section-boxed elementor-section-height-default elementor-section-height-default\" data-id=\"761c3b1\" data-element_type=\"section\" data-settings=\"{&quot;background_background&quot;:&quot;classic&quot;}\">\n\t\t\t\t\t\t\t<div class=\"elementor-background-overlay\"><\/div>\n\t\t\t\t\t\t\t<div class=\"elementor-container elementor-column-gap-no\">\n\t\t\t\t\t<div class=\"elementor-column elementor-col-100 elementor-top-column elementor-element elementor-element-dcbabd2\" data-id=\"dcbabd2\" data-element_type=\"column\">\n\t\t\t<div class=\"elementor-widget-wrap elementor-element-populated\">\n\t\t\t\t\t\t<div class=\"elementor-element elementor-element-6ad5bf8 elementor-widget elementor-widget-heading\" data-id=\"6ad5bf8\" data-element_type=\"widget\" data-widget_type=\"heading.default\">\n\t\t\t\t<div class=\"elementor-widget-container\">\n\t\t\t\t\t<h1 class=\"elementor-heading-title elementor-size-default\">Primary and Secondary Schools<\/h1>\t\t\t\t<\/div>\n\t\t\t\t<\/div>\n\t\t\t\t\t<\/div>\n\t\t<\/div>\n\t\t\t\t\t<\/div>\n\t\t<\/section>\n\t\t\t\t<section class=\"elementor-section elementor-top-section elementor-element elementor-element-673136e elementor-section-boxed elementor-section-height-default elementor-section-height-default\" data-id=\"673136e\" data-element_type=\"section\" data-settings=\"{&quot;background_background&quot;:&quot;classic&quot;}\">\n\t\t\t\t\t\t<div class=\"elementor-container elementor-column-gap-no\">\n\t\t\t\t\t<div class=\"elementor-column elementor-col-100 elementor-top-column elementor-element elementor-element-dc07cf0\" data-id=\"dc07cf0\" data-element_type=\"column\">\n\t\t\t<div class=\"elementor-widget-wrap elementor-element-populated\">\n\t\t\t\t\t\t<div class=\"elementor-element elementor-element-3e121f0 elementor-invisible elementor-widget elementor-widget-heading\" data-id=\"3e121f0\" data-element_type=\"widget\" data-settings=\"{&quot;_animation&quot;:&quot;fadeIn&quot;}\" data-widget_type=\"heading.default\">\n\t\t\t\t<div class=\"elementor-widget-container\">\n\t\t\t\t\t<h2 class=\"elementor-heading-title elementor-size-default\">Samovrednovanje u osnovnim i srednjim \u0161kolama<\/h2>\t\t\t\t<\/div>\n\t\t\t\t<\/div>\n\t\t\t\t<div class=\"elementor-element elementor-element-42f75a5 elementor-widget elementor-widget-heading\" data-id=\"42f75a5\" data-element_type=\"widget\" data-widget_type=\"heading.default\">\n\t\t\t\t<div class=\"elementor-widget-container\">\n\t\t\t\t\t<h5 class=\"elementor-heading-title elementor-size-default\">Ciljevi programa<\/h5>\t\t\t\t<\/div>\n\t\t\t\t<\/div>\n\t\t\t\t<div class=\"elementor-element elementor-element-5791b96 elementor-widget elementor-widget-text-editor\" data-id=\"5791b96\" data-element_type=\"widget\" data-widget_type=\"text-editor.default\">\n\t\t\t\t<div class=\"elementor-widget-container\">\n\t\t\t\t\t\t\t\t\t<p>U cilju unapre\u0111ivanja kvaliteta va\u0161e \u0161kole nudimo vam program obuke. Ovaj program vam omogu\u0107ava:<\/p><ul><li>samovrednovanje va\u0161e ustanove po novim, revidiranim Standardima kvaliteta rada \u0161kola;<\/li><li>edukaciju zaposlenih i osna\u017eivanje tima za samovrednovanje i upotrebu podataka u funkciji razvoja ustanove;<\/li><li>pripremu ustanove za eksterno vrednovanje.<\/li><\/ul>\t\t\t\t\t\t\t\t<\/div>\n\t\t\t\t<\/div>\n\t\t\t\t<div class=\"elementor-element elementor-element-d7f13ab elementor-widget elementor-widget-heading\" data-id=\"d7f13ab\" data-element_type=\"widget\" data-widget_type=\"heading.default\">\n\t\t\t\t<div class=\"elementor-widget-container\">\n\t\t\t\t\t<h5 class=\"elementor-heading-title elementor-size-default\">Ishodi realizacije programa su:<\/h5>\t\t\t\t<\/div>\n\t\t\t\t<\/div>\n\t\t\t\t<div class=\"elementor-element elementor-element-d7bb616 elementor-widget elementor-widget-text-editor\" data-id=\"d7bb616\" data-element_type=\"widget\" data-widget_type=\"text-editor.default\">\n\t\t\t\t<div class=\"elementor-widget-container\">\n\t\t\t\t\t\t\t\t\t<ul><li>samovrednovanje ustanove vr\u0161i se po potrebnim procedurama na osnovu novih, revidiranih Standarda kvaliteta rada \u0161kola;<\/li><li>edukacija zaposlenih, naro\u010dito \u010dlanova tima za samovrednovanje sa kojima se sem obuke za sprovo\u0111enje samovrednovanja ostvaruju i team building tehnike;<\/li><li>unapre\u0111ivanje kvaliteta rada ustanove zasnovano je na rezultatima samovrednovanja;<\/li><li>rad ustanove zasnovan je na zakonskim propisima;<\/li><li>ustanova unapre\u0111uje kvalitet svog rada \u0161to doprinosi njenom ugledu i brojnijem upisu dece.<\/li><\/ul>\t\t\t\t\t\t\t\t<\/div>\n\t\t\t\t<\/div>\n\t\t\t\t<div class=\"elementor-element elementor-element-7443db3 elementor-widget elementor-widget-heading\" data-id=\"7443db3\" data-element_type=\"widget\" data-widget_type=\"heading.default\">\n\t\t\t\t<div class=\"elementor-widget-container\">\n\t\t\t\t\t<h5 class=\"elementor-heading-title elementor-size-default\">Trajanje programa:<\/h5>\t\t\t\t<\/div>\n\t\t\t\t<\/div>\n\t\t\t\t<div class=\"elementor-element elementor-element-0f8e13f elementor-widget elementor-widget-text-editor\" data-id=\"0f8e13f\" data-element_type=\"widget\" data-widget_type=\"text-editor.default\">\n\t\t\t\t<div class=\"elementor-widget-container\">\n\t\t\t\t\t\t\t\t\t<p>Program traje od 4 meseca do godinu dana u zavisnosti od mogu\u0107nosti i efikasnosti svih zaposlenih, a naro\u010dito \u010dlanova tima za samovrednovanje.<\/p>\t\t\t\t\t\t\t\t<\/div>\n\t\t\t\t<\/div>\n\t\t\t\t<div class=\"elementor-element elementor-element-30902f1 elementor-widget elementor-widget-heading\" data-id=\"30902f1\" data-element_type=\"widget\" data-widget_type=\"heading.default\">\n\t\t\t\t<div class=\"elementor-widget-container\">\n\t\t\t\t\t<h5 class=\"elementor-heading-title elementor-size-default\">Kompetencije edukatora: \n<\/h5>\t\t\t\t<\/div>\n\t\t\t\t<\/div>\n\t\t\t\t<div class=\"elementor-element elementor-element-367ad73 elementor-widget elementor-widget-text-editor\" data-id=\"367ad73\" data-element_type=\"widget\" data-widget_type=\"text-editor.default\">\n\t\t\t\t<div class=\"elementor-widget-container\">\n\t\t\t\t\t\t\t\t\t<ol><li><strong>Biografija<\/strong><\/li><\/ol><ul><li>dr Dragana Male\u0161evi\u0107 je dvostruki doktor nauka \u2013 doktor didakti\u010dko-metodi\u010dkih nauka i doktor pedago\u0161kih nauka;<\/li><li>radila je 15 godina u Ministarstvu prosvete, a trenutno je zaposlena kao profesor na visoko\u0161kolskoj ustanovi;<\/li><li>dobro poznaje sistem obrazovanja;<\/li><li>polaganjem ispita stekla je sertifikat eksternog evaluatora od strane me\u0111unarodnog SICI udru\u017eenja.<\/li><\/ul><ol start=\"2\"><li><strong>Iskustvo na poslovima samovrednovanja i vrednovanja obrazovnih ustanova<\/strong><\/li><\/ol><ul><li>dr Dragana Male\u0161evi\u0107 je dvostruki doktor nauka \u2013 doktor didakti\u010dko-metodi\u010dkih nauka i doktor pedago\u0161kih nauka;<\/li><li>radila je 15 godina u Ministrastvu prosvete, a trenutno je zaposlena kao profesor na visoko\u0161kolskoj ustanovi;<\/li><li>dobro poznaje sistem obrazovanja;<\/li><li>polaganjem ispita stekla je sertifikat eksternog evaluatora od strane me\u0111unarodnog SICI udru\u017eenja.<\/li><\/ul>\t\t\t\t\t\t\t\t<\/div>\n\t\t\t\t<\/div>\n\t\t\t\t<div class=\"elementor-element elementor-element-b0ac2b9 elementor-widget elementor-widget-heading\" data-id=\"b0ac2b9\" data-element_type=\"widget\" data-widget_type=\"heading.default\">\n\t\t\t\t<div class=\"elementor-widget-container\">\n\t\t\t\t\t<h5 class=\"elementor-heading-title elementor-size-default\">Kontakt za organizaciju programa u Va\u0161oj \u0161koli: dragana.malesevic@provens.edu.rs<\/h5>\t\t\t\t<\/div>\n\t\t\t\t<\/div>\n\t\t\t\t\t<\/div>\n\t\t<\/div>\n\t\t\t\t\t<\/div>\n\t\t<\/section>\n\t\t\t\t<\/div>","protected":false},"excerpt":{"rendered":"<p>Osnovne i srednje \u0161kole Samovrednovanje u osnovnim i srednjim \u0161kolama Ciljevi programa U cilju unapre\u0111ivanja kvaliteta va\u0161e \u0161kole nudimo vam program obuke. Ovaj program vam omogu\u0107ava: samovrednovanje va\u0161e ustanove po novim, revidiranim Standardima kvaliteta rada \u0161kola; edukaciju zaposlenih i osna\u017eivanje tima za samovrednovanje i upotrebu podataka u funkciji razvoja ustanove; pripremu ustanove za eksterno vrednovanje. [&hellip;]<\/p>","protected":false},"author":2,"featured_media":0,"parent":0,"menu_order":0,"comment_status":"closed","ping_status":"closed","template":"","meta":{"site-sidebar-layout":"no-sidebar","site-content-layout":"page-builder","ast-site-content-layout":"","site-content-style":"default","site-sidebar-style":"default","ast-global-header-display":"","ast-banner-title-visibility":"","ast-main-header-display":"","ast-hfb-above-header-display":"","ast-hfb-below-header-display":"","ast-hfb-mobile-header-display":"","site-post-title":"disabled","ast-breadcrumbs-content":"","ast-featured-img":"disabled","footer-sml-layout":"","theme-transparent-header-meta":"enabled","adv-header-id-meta":"","stick-header-meta":"","header-above-stick-meta":"","header-main-stick-meta":"","header-below-stick-meta":"","astra-migrate-meta-layouts":"default","ast-page-background-enabled":"default","ast-page-background-meta":{"desktop":{"background-color":"","background-image":"","background-repeat":"repeat","background-position":"center center","background-size":"auto","background-attachment":"scroll","background-type":"","background-media":"","overlay-type":"","overlay-color":"","overlay-opacity":"","overlay-gradient":""},"tablet":{"background-color":"","background-image":"","background-repeat":"repeat","background-position":"center center","background-size":"auto","background-attachment":"scroll","background-type":"","background-media":"","overlay-type":"","overlay-color":"","overlay-opacity":"","overlay-gradient":""},"mobile":{"background-color":"","background-image":"","background-repeat":"repeat","background-position":"center center","background-size":"auto","background-attachment":"scroll","background-type":"","background-media":"","overlay-type":"","overlay-color":"","overlay-opacity":"","overlay-gradient":""}},"ast-content-background-meta":{"desktop":{"background-color":"var(--ast-global-color-5)","background-image":"","background-repeat":"repeat","background-position":"center center","background-size":"auto","background-attachment":"scroll","background-type":"","background-media":"","overlay-type":"","overlay-color":"","overlay-opacity":"","overlay-gradient":""},"tablet":{"background-color":"var(--ast-global-color-5)","background-image":"","background-repeat":"repeat","background-position":"center center","background-size":"auto","background-attachment":"scroll","background-type":"","background-media":"","overlay-type":"","overlay-color":"","overlay-opacity":"","overlay-gradient":""},"mobile":{"background-color":"var(--ast-global-color-5)","background-image":"","background-repeat":"repeat","background-position":"center center","background-size":"auto","background-attachment":"scroll","background-type":"","background-media":"","overlay-type":"","overlay-color":"","overlay-opacity":"","overlay-gradient":""}},"footnotes":""},"class_list":["post-1286","page","type-page","status-publish","hentry"],"yoast_head":"<!-- This site is optimized with the Yoast SEO Premium plugin v24.0 (Yoast SEO v24.5) - https:\/\/yoast.com\/wordpress\/plugins\/seo\/ -->\n<title>Osnovne i srednje \u0161kole - Provens<\/title>\n<meta name=\"robots\" content=\"index, follow, max-snippet:-1, max-image-preview:large, max-video-preview:-1\" \/>\n<link rel=\"canonical\" href=\"https:\/\/provens.edu.rs\/en\/osnovne-i-srednje-skole\/\" \/>\n<meta property=\"og:locale\" content=\"en_GB\" \/>\n<meta property=\"og:type\" content=\"article\" \/>\n<meta property=\"og:title\" content=\"Osnovne i srednje \u0161kole\" \/>\n<meta property=\"og:description\" content=\"Osnovne i srednje \u0161kole Samovrednovanje u osnovnim i srednjim \u0161kolama Ciljevi programa U cilju unapre\u0111ivanja kvaliteta va\u0161e \u0161kole nudimo vam program\" \/>\n<meta property=\"og:url\" content=\"https:\/\/provens.edu.rs\/en\/osnovne-i-srednje-skole\/\" \/>\n<meta property=\"og:site_name\" content=\"Provens\" \/>\n<meta property=\"article:modified_time\" content=\"2023-05-10T15:20:21+00:00\" \/>\n<meta name=\"twitter:card\" content=\"summary_large_image\" \/>\n<meta name=\"twitter:label1\" content=\"Est. reading time\" \/>\n\t<meta name=\"twitter:data1\" content=\"2 minutes\" \/>\n<script type=\"application\/ld+json\" class=\"yoast-schema-graph\">{\"@context\":\"https:\/\/schema.org\",\"@graph\":[{\"@type\":\"WebPage\",\"@id\":\"https:\/\/provens.edu.rs\/osnovne-i-srednje-skole\/\",\"url\":\"https:\/\/provens.edu.rs\/osnovne-i-srednje-skole\/\",\"name\":\"Osnovne i srednje \u0161kole - Provens\",\"isPartOf\":{\"@id\":\"https:\/\/provens.edu.rs\/sr_rs\/#website\"},\"datePublished\":\"2020-07-14T19:56:51+00:00\",\"dateModified\":\"2023-05-10T15:20:21+00:00\",\"breadcrumb\":{\"@id\":\"https:\/\/provens.edu.rs\/osnovne-i-srednje-skole\/#breadcrumb\"},\"inLanguage\":\"en-GB\",\"potentialAction\":[{\"@type\":\"ReadAction\",\"target\":[\"https:\/\/provens.edu.rs\/osnovne-i-srednje-skole\/\"]}]},{\"@type\":\"BreadcrumbList\",\"@id\":\"https:\/\/provens.edu.rs\/osnovne-i-srednje-skole\/#breadcrumb\",\"itemListElement\":[{\"@type\":\"ListItem\",\"position\":1,\"name\":\"Po\u010detna\",\"item\":\"https:\/\/provens.edu.rs\/sr_rs\/\"},{\"@type\":\"ListItem\",\"position\":2,\"name\":\"Osnovne i srednje \u0161kole\"}]},{\"@type\":\"WebSite\",\"@id\":\"https:\/\/provens.edu.rs\/sr_rs\/#website\",\"url\":\"https:\/\/provens.edu.rs\/sr_rs\/\",\"name\":\"Provens - Biti najbolja verzija sebe\",\"description\":\"Udru\u017eenje za razvoj profesionalnih ve\u0161tina\",\"publisher\":{\"@id\":\"https:\/\/provens.edu.rs\/sr_rs\/#organization\"},\"potentialAction\":[{\"@type\":\"SearchAction\",\"target\":{\"@type\":\"EntryPoint\",\"urlTemplate\":\"https:\/\/provens.edu.rs\/sr_rs\/?s={search_term_string}\"},\"query-input\":{\"@type\":\"PropertyValueSpecification\",\"valueRequired\":true,\"valueName\":\"search_term_string\"}}],\"inLanguage\":\"en-GB\"},{\"@type\":\"Organization\",\"@id\":\"https:\/\/provens.edu.rs\/sr_rs\/#organization\",\"name\":\"Provens\",\"url\":\"https:\/\/provens.edu.rs\/sr_rs\/\",\"logo\":{\"@type\":\"ImageObject\",\"inLanguage\":\"en-GB\",\"@id\":\"https:\/\/provens.edu.rs\/sr_rs\/#\/schema\/logo\/image\/\",\"url\":\"https:\/\/provens.edu.rs\/wp-content\/uploads\/2020\/07\/provens.jpg\",\"contentUrl\":\"https:\/\/provens.edu.rs\/wp-content\/uploads\/2020\/07\/provens.jpg\",\"width\":1986,\"height\":562,\"caption\":\"Provens\"},\"image\":{\"@id\":\"https:\/\/provens.edu.rs\/sr_rs\/#\/schema\/logo\/image\/\"}}]}<\/script>\n<!-- \/ Yoast SEO Premium plugin. -->","yoast_head_json":{"title":"Osnovne i srednje \u0161kole - Provens","robots":{"index":"index","follow":"follow","max-snippet":"max-snippet:-1","max-image-preview":"max-image-preview:large","max-video-preview":"max-video-preview:-1"},"canonical":"https:\/\/provens.edu.rs\/en\/osnovne-i-srednje-skole\/","og_locale":"en_GB","og_type":"article","og_title":"Osnovne i srednje \u0161kole","og_description":"Osnovne i srednje \u0161kole Samovrednovanje u osnovnim i srednjim \u0161kolama Ciljevi programa U cilju unapre\u0111ivanja kvaliteta va\u0161e \u0161kole nudimo vam program","og_url":"https:\/\/provens.edu.rs\/en\/osnovne-i-srednje-skole\/","og_site_name":"Provens","article_modified_time":"2023-05-10T15:20:21+00:00","twitter_card":"summary_large_image","twitter_misc":{"Est. reading time":"2 minutes"},"schema":{"@context":"https:\/\/schema.org","@graph":[{"@type":"WebPage","@id":"https:\/\/provens.edu.rs\/osnovne-i-srednje-skole\/","url":"https:\/\/provens.edu.rs\/osnovne-i-srednje-skole\/","name":"Osnovne i srednje \u0161kole - Provens","isPartOf":{"@id":"https:\/\/provens.edu.rs\/sr_rs\/#website"},"datePublished":"2020-07-14T19:56:51+00:00","dateModified":"2023-05-10T15:20:21+00:00","breadcrumb":{"@id":"https:\/\/provens.edu.rs\/osnovne-i-srednje-skole\/#breadcrumb"},"inLanguage":"en-GB","potentialAction":[{"@type":"ReadAction","target":["https:\/\/provens.edu.rs\/osnovne-i-srednje-skole\/"]}]},{"@type":"BreadcrumbList","@id":"https:\/\/provens.edu.rs\/osnovne-i-srednje-skole\/#breadcrumb","itemListElement":[{"@type":"ListItem","position":1,"name":"Po\u010detna","item":"https:\/\/provens.edu.rs\/sr_rs\/"},{"@type":"ListItem","position":2,"name":"Osnovne i srednje \u0161kole"}]},{"@type":"WebSite","@id":"https:\/\/provens.edu.rs\/sr_rs\/#website","url":"https:\/\/provens.edu.rs\/sr_rs\/","name":"Provens - Biti najbolja verzija sebe","description":"Udru\u017eenje za razvoj profesionalnih ve\u0161tina","publisher":{"@id":"https:\/\/provens.edu.rs\/sr_rs\/#organization"},"potentialAction":[{"@type":"SearchAction","target":{"@type":"EntryPoint","urlTemplate":"https:\/\/provens.edu.rs\/sr_rs\/?s={search_term_string}"},"query-input":{"@type":"PropertyValueSpecification","valueRequired":true,"valueName":"search_term_string"}}],"inLanguage":"en-GB"},{"@type":"Organization","@id":"https:\/\/provens.edu.rs\/sr_rs\/#organization","name":"Provens","url":"https:\/\/provens.edu.rs\/sr_rs\/","logo":{"@type":"ImageObject","inLanguage":"en-GB","@id":"https:\/\/provens.edu.rs\/sr_rs\/#\/schema\/logo\/image\/","url":"https:\/\/provens.edu.rs\/wp-content\/uploads\/2020\/07\/provens.jpg","contentUrl":"https:\/\/provens.edu.rs\/wp-content\/uploads\/2020\/07\/provens.jpg","width":1986,"height":562,"caption":"Provens"},"image":{"@id":"https:\/\/provens.edu.rs\/sr_rs\/#\/schema\/logo\/image\/"}}]}},"_links":{"self":[{"href":"https:\/\/provens.edu.rs\/en\/wp-json\/wp\/v2\/pages\/1286","targetHints":{"allow":["GET"]}}],"collection":[{"href":"https:\/\/provens.edu.rs\/en\/wp-json\/wp\/v2\/pages"}],"about":[{"href":"https:\/\/provens.edu.rs\/en\/wp-json\/wp\/v2\/types\/page"}],"author":[{"embeddable":true,"href":"https:\/\/provens.edu.rs\/en\/wp-json\/wp\/v2\/users\/2"}],"replies":[{"embeddable":true,"href":"https:\/\/provens.edu.rs\/en\/wp-json\/wp\/v2\/comments?post=1286"}],"version-history":[{"count":6,"href":"https:\/\/provens.edu.rs\/en\/wp-json\/wp\/v2\/pages\/1286\/revisions"}],"predecessor-version":[{"id":1887,"href":"https:\/\/provens.edu.rs\/en\/wp-json\/wp\/v2\/pages\/1286\/revisions\/1887"}],"wp:attachment":[{"href":"https:\/\/provens.edu.rs\/en\/wp-json\/wp\/v2\/media?parent=1286"}],"curies":[{"name":"wp","href":"https:\/\/api.w.org\/{rel}","templated":true}]}}